{"id":2727,"date":"2025-07-14T11:13:30","date_gmt":"2025-07-14T17:13:30","guid":{"rendered":"https:\/\/lacarrerapanamericana.com.mx\/?page_id=2727"},"modified":"2026-01-22T15:58:37","modified_gmt":"2026-01-22T21:58:37","slug":"mapas-interactivos","status":"publish","type":"page","link":"https:\/\/lacarrerapanamericana.com.mx\/en\/mapas-interactivos\/","title":{"rendered":"Interactive Maps"},"content":{"rendered":"<section class=\"wpb-content-wrapper\"><div class=\"vc_row wpb_row vc_row-fluid vc_custom_1752514138393 vc_row-o-equal-height vc_row-o-content-middle vc_row-flex\"><div class=\"wpb_column vc_column_container vc_col-sm-12 vc_col-lg-12 vc_col-md-12 vc_col-xs-12\"><div class=\"vc_column-inner\"><div class=\"wpb_wrapper\"><div class=\"vc_row wpb_row vc_inner vc_row-fluid vc_column-gap-5 vc_row-o-equal-height vc_row-o-content-middle vc_row-flex\"><div class=\"wpb_column vc_column_container vc_col-sm-6\"><div class=\"vc_column-inner vc_custom_1752514861998\"><div class=\"wpb_wrapper\"><h6 style=\"font-size: 18px;color: #000000;line-height: 1;text-align: center\" class=\"vc_custom_heading\" >STAGE 0 :: QUALIFYING<\/h6>\n\t<div class=\"wpb_raw_code wpb_content_element wpb_raw_html\" >\n\t\t<div class=\"wpb_wrapper\">\n\t\t\t<iframe src=\"https:\/\/www.google.com\/maps\/d\/embed?mid=1Jdq_ISqHpMpsFpdK2yBu4QteqK89mVw&ehbc=2E312F\" width=\"640\" height=\"480\"><\/iframe>\n\t\t<\/div>\n\t<\/div>\n<\/div><\/div><\/div><div class=\"wpb_column vc_column_container vc_col-sm-6\"><div class=\"vc_column-inner vc_custom_1752514081587\"><div class=\"wpb_wrapper\"><h6 style=\"font-size: 18px;color: #000000;line-height: 1;text-align: center\" class=\"vc_custom_heading\" >STAGE 1 :: CHIAPAS - OAXACA<\/h6>\n\t<div class=\"wpb_raw_code wpb_content_element wpb_raw_html\" >\n\t\t<div class=\"wpb_wrapper\">\n\t\t\t<iframe src=\"https:\/\/www.google.com\/maps\/d\/embed?mid=1a2bmNpDeLDLp_5yveQIBfzKOuhLQno0&ehbc=2E312F\" width=\"640\" height=\"480\"><\/iframe>\n\t\t<\/div>\n\t<\/div>\n<\/div><\/div><\/div><\/div><div class=\"vc_row wpb_row vc_inner vc_row-fluid vc_column-gap-5 vc_row-o-equal-height vc_row-o-content-middle vc_row-flex\"><div class=\"wpb_column vc_column_container vc_col-sm-6\"><div class=\"vc_column-inner vc_custom_1752514091030\"><div class=\"wpb_wrapper\"><h6 style=\"font-size: 18px;color: #000000;line-height: 1;text-align: center\" class=\"vc_custom_heading\" >STAGE 2 :: OAXACA - PUEBLA<\/h6>\n\t<div class=\"wpb_raw_code wpb_content_element wpb_raw_html\" >\n\t\t<div class=\"wpb_wrapper\">\n\t\t\t<iframe src=\"https:\/\/www.google.com\/maps\/d\/embed?mid=1twrFNmSzITv78AWlEaTXMTTPGDmVWmk&ehbc=2E312F\" width=\"640\" height=\"480\"><\/iframe>\n\t\t<\/div>\n\t<\/div>\n<\/div><\/div><\/div><div class=\"wpb_column vc_column_container vc_col-sm-6\"><div class=\"vc_column-inner vc_custom_1752514101524\"><div class=\"wpb_wrapper\"><h6 style=\"font-size: 18px;color: #000000;line-height: 1;text-align: center\" class=\"vc_custom_heading\" >STAGE 3 :: PUEBLA - CDMX<\/h6>\n\t<div class=\"wpb_raw_code wpb_content_element wpb_raw_html\" >\n\t\t<div class=\"wpb_wrapper\">\n\t\t\t<iframe src=\"https:\/\/www.google.com\/maps\/d\/embed?mid=1j0oW9Yq0pkD7_0G3PBFevp6pUSaWZWI&ehbc=2E312F\" width=\"640\" height=\"480\"><\/iframe>\n\t\t<\/div>\n\t<\/div>\n<\/div><\/div><\/div><\/div><div class=\"vc_row wpb_row vc_inner vc_row-fluid vc_column-gap-5 vc_row-o-equal-height vc_row-o-content-middle vc_row-flex\"><div class=\"wpb_column vc_column_container vc_col-sm-6\"><div class=\"vc_column-inner vc_custom_1752514091030\"><div class=\"wpb_wrapper\"><h6 style=\"font-size: 18px;color: #000000;line-height: 1;text-align: center\" class=\"vc_custom_heading\" >STAGE 4 :: CDMX - QUER\u00c9TARO<\/h6>\n\t<div class=\"wpb_raw_code wpb_content_element wpb_raw_html\" >\n\t\t<div class=\"wpb_wrapper\">\n\t\t\t<iframe src=\"https:\/\/www.google.com\/maps\/d\/embed?mid=12CDz-jxOfl3pNaDeoEPHWU4CKVaLOg0&ehbc=2E312F\" width=\"640\" height=\"480\"><\/iframe>\n\t\t<\/div>\n\t<\/div>\n<\/div><\/div><\/div><div class=\"wpb_column vc_column_container vc_col-sm-6\"><div class=\"vc_column-inner vc_custom_1752514101524\"><div class=\"wpb_wrapper\"><h6 style=\"font-size: 18px;color: #000000;line-height: 1;text-align: center\" class=\"vc_custom_heading\" >STAGE 5 :: QUER\u00c9TARO - MORELIA<\/h6>\n\t<div class=\"wpb_raw_code wpb_content_element wpb_raw_html\" >\n\t\t<div class=\"wpb_wrapper\">\n\t\t\t<iframe src=\"https:\/\/www.google.com\/maps\/d\/embed?mid=12W9NzABo6F0HvyDvAoKK0uR3P_M5m2M&ehbc=2E312F\" width=\"640\" height=\"480\"><\/iframe>\n\t\t<\/div>\n\t<\/div>\n<\/div><\/div><\/div><\/div><div class=\"vc_row wpb_row vc_inner vc_row-fluid vc_column-gap-5 vc_row-o-equal-height vc_row-o-content-middle vc_row-flex\"><div class=\"wpb_column vc_column_container vc_col-sm-6\"><div class=\"vc_column-inner vc_custom_1752514091030\"><div class=\"wpb_wrapper\"><h6 style=\"font-size: 18px;color: #000000;line-height: 1;text-align: center\" class=\"vc_custom_heading\" >STAGE 6 :: MORELIA - GUANAJUATO<\/h6>\n\t<div class=\"wpb_raw_code wpb_content_element wpb_raw_html\" >\n\t\t<div class=\"wpb_wrapper\">\n\t\t\t<iframe src=\"https:\/\/www.google.com\/maps\/d\/embed?mid=1xwKuh-LW1HXeVxssql2gZ6Hgvg4wdXE&ehbc=2E312F\" width=\"640\" height=\"480\"><\/iframe>\n\t\t<\/div>\n\t<\/div>\n<\/div><\/div><\/div><div class=\"wpb_column vc_column_container vc_col-sm-6\"><div class=\"vc_column-inner vc_custom_1752514101524\"><div class=\"wpb_wrapper\"><h6 style=\"font-size: 18px;color: #000000;line-height: 1;text-align: center\" class=\"vc_custom_heading\" >STAGE 7 :: GUANAJUATO - SLP<\/h6>\n\t<div class=\"wpb_raw_code wpb_content_element wpb_raw_html\" >\n\t\t<div class=\"wpb_wrapper\">\n\t\t\t<iframe src=\"https:\/\/www.google.com\/maps\/d\/embed?mid=10qdDKmtFnUDxzh4gZ1IgSNIZcX1v-HU&ehbc=2E312F\" width=\"640\" height=\"480\"><\/iframe>\n\t\t<\/div>\n\t<\/div>\n<\/div><\/div><\/div><\/div><div class=\"vc_row wpb_row vc_inner vc_row-fluid vc_column-gap-5 vc_row-o-equal-height vc_row-o-content-middle vc_row-flex\"><div class=\"wpb_column vc_column_container vc_col-sm-6\"><div class=\"vc_column-inner vc_custom_1752514091030\"><div class=\"wpb_wrapper\"><h6 style=\"font-size: 18px;color: #000000;line-height: 1;text-align: center\" class=\"vc_custom_heading\" >STAGE 8 :: SLP - ZACATECAS<\/h6>\n\t<div class=\"wpb_raw_code wpb_content_element wpb_raw_html\" >\n\t\t<div class=\"wpb_wrapper\">\n\t\t\t<iframe src=\"https:\/\/www.google.com\/maps\/d\/embed?mid=1S9YAC1ePftrKUSSeknzyQVsxhtrJJSU&ehbc=2E312F\" width=\"640\" height=\"480\"><\/iframe>\n\t\t<\/div>\n\t<\/div>\n<\/div><\/div><\/div><div class=\"wpb_column vc_column_container vc_col-sm-6\"><div class=\"vc_column-inner vc_custom_1752514101524\"><div class=\"wpb_wrapper\">\n\t<div class=\"wpb_text_column wpb_content_element\" >\n\t\t<div class=\"wpb_wrapper\">\n\t\t\t<p style=\"text-align: center;\"><span style=\"font-size: 12px;\"><em>*Speed \u200b\u200bsections and schedules may be subject to last-minute changes; please check this page regularly for the latest version.<\/em><\/span><\/p>\n\n\t\t<\/div>\n\t<\/div>\n<\/div><\/div><\/div><\/div><\/div><\/div><\/div><\/div>\n<\/section>","protected":false},"excerpt":{"rendered":"ETAPA 0 :: CLASIFICACI\u00d3N ETAPA 1 :: CHIAPAS - OAXACA ETAPA 2 :: OAXACA - PUEBLA ETAPA 3 :: PUEBLA - CDMX ETAPA 4 :: CDMX - QUER\u00c9TARO ETAPA 5 :: QUER\u00c9TARO - MORELIA ETAPA 6 :: MORELIA - GUANAJUATO ETAPA 7 :: GUANAJUATO - SLP ETAPA 8 :: SLP - ZACATECAS *Las secciones de [...]","protected":false},"author":1,"featured_media":2266,"parent":0,"menu_order":0,"comment_status":"closed","ping_status":"closed","template":"","meta":{"footnotes":""},"class_list":["post-2727","page","type-page","status-publish","has-post-thumbnail","hentry"],"_links":{"self":[{"href":"https:\/\/lacarrerapanamericana.com.mx\/en\/wp-json\/wp\/v2\/pages\/2727","targetHints":{"allow":["GET"]}}],"collection":[{"href":"https:\/\/lacarrerapanamericana.com.mx\/en\/wp-json\/wp\/v2\/pages"}],"about":[{"href":"https:\/\/lacarrerapanamericana.com.mx\/en\/wp-json\/wp\/v2\/types\/page"}],"author":[{"embeddable":true,"href":"https:\/\/lacarrerapanamericana.com.mx\/en\/wp-json\/wp\/v2\/users\/1"}],"replies":[{"embeddable":true,"href":"https:\/\/lacarrerapanamericana.com.mx\/en\/wp-json\/wp\/v2\/comments?post=2727"}],"version-history":[{"count":3,"href":"https:\/\/lacarrerapanamericana.com.mx\/en\/wp-json\/wp\/v2\/pages\/2727\/revisions"}],"predecessor-version":[{"id":46099,"href":"https:\/\/lacarrerapanamericana.com.mx\/en\/wp-json\/wp\/v2\/pages\/2727\/revisions\/46099"}],"wp:featuredmedia":[{"embeddable":true,"href":"https:\/\/lacarrerapanamericana.com.mx\/en\/wp-json\/wp\/v2\/media\/2266"}],"wp:attachment":[{"href":"https:\/\/lacarrerapanamericana.com.mx\/en\/wp-json\/wp\/v2\/media?parent=2727"}],"curies":[{"name":"wp","href":"https:\/\/api.w.org\/{rel}","templated":true}]}}