{"id":2739,"date":"2025-07-14T11:57:43","date_gmt":"2025-07-14T17:57:43","guid":{"rendered":"https:\/\/lacarrerapanamericana.com.mx\/?page_id=2739"},"modified":"2026-01-22T16:47:05","modified_gmt":"2026-01-22T22:47:05","slug":"resumen-de-secciones-y-horarios","status":"publish","type":"page","link":"https:\/\/lacarrerapanamericana.com.mx\/en\/resumen-de-secciones-y-horarios\/","title":{"rendered":"Summary of Sections and Schedules"},"content":{"rendered":"<section class=\"wpb-content-wrapper\"><div class=\"vc_row wpb_row vc_row-fluid vc_custom_1752186707398\"><div class=\"wpb_column vc_column_container vc_col-sm-12 vc_col-lg-12 vc_col-md-12 vc_col-xs-12\"><div class=\"vc_column-inner\"><div class=\"wpb_wrapper\"><div class=\"vc_empty_space\"   style=\"height: 5vh\"><span class=\"vc_empty_space_inner\"><\/span><\/div>\n\t<div class=\"wpb_text_column wpb_content_element\" >\n\t\t<div class=\"wpb_wrapper\">\n\t\t\t<p style=\"text-align: left;\"><a href=\"https:\/\/lacarrerapanamericana.com.mx\/2025\/ResumendeSeccionesyHorarios2025.pdf\" class=\"pdfemb-viewer\" style=\"\" data-width=\"max\" data-height=\"max\" data-toolbar=\"bottom\" data-toolbar-fixed=\"off\">ResumendeSeccionesyHorarios2025<\/a><\/p>\n\n\t\t<\/div>\n\t<\/div>\n<div class=\"vc_empty_space\"   style=\"height: 5vh\"><span class=\"vc_empty_space_inner\"><\/span><\/div><div class=\"vc_btn3-container vc_btn3-center\" ><a onmouseleave=\"this.style.borderColor='#000000'; this.style.backgroundColor='transparent'; this.style.color='#000000'\" onmouseenter=\"this.style.borderColor='#000000'; this.style.backgroundColor='#000000'; this.style.color='#ffffff';\" style=\"border-color:#000000; color:#000000;\" class=\"vc_general vc_btn3 vc_btn3-size-lg vc_btn3-shape-rounded vc_btn3-style-outline-custom vc_btn3-icon-left\" href=\"https:\/\/lacarrerapanamericana.com.mx\/2025\/ResumendeSeccionesyHorarios2025.pdf\" title=\"\" target=\"_blank\"><i class=\"vc_btn3-icon fas fa-download\"><\/i> Download PDF<\/a><\/div><div class=\"vc_empty_space\"   style=\"height: 5vh\"><span class=\"vc_empty_space_inner\"><\/span><\/div><div class=\"vc_row wpb_row vc_inner vc_row-fluid vc_row-o-equal-height vc_row-flex\"><div class=\"wpb_column vc_column_container vc_col-sm-8\"><div class=\"vc_column-inner\"><div class=\"wpb_wrapper\">\n\t<div class=\"wpb_text_column wpb_content_element\" >\n\t\t<div class=\"wpb_wrapper\">\n\t\t\t<p style=\"text-align: center;\"><span style=\"font-size: 12px;\"><em>*Speed \u200b\u200bsections and schedules may be subject to last-minute changes; please check this page regularly for the latest version.<\/em><\/span><\/p>\n\n\t\t<\/div>\n\t<\/div>\n\n\t<div class=\"wpb_text_column wpb_content_element  vc_custom_1757352324172\" >\n\t\t<div class=\"wpb_wrapper\">\n\t\t\t<div id=\"dTabla\" align=\"center\">\n<table style=\"width: 100%; background-color: #f0f0f0; border-color: #ffffff;\" border=\"1\">\n<thead><\/thead>\n<tbody>\n<tr style=\"border-color: #ffffff;\">\n<td style=\"text-align: center; width: 30%;\"><strong>\u00a0VERSION\u00a0\u00a0<\/strong><\/td>\n<td style=\"text-align: center;\"><strong>DATE<\/strong><\/td>\n<td style=\"text-align: center;\"><strong>LINK<\/strong><\/td>\n<\/tr>\n<tr style=\"border-color: #ffffff;\">\n<td style=\"text-align: left;\">1.1<\/td>\n<td style=\"text-align: left;\">July 9, 2025<\/td>\n<td style=\"text-align: left;\"><a href=\"https:\/\/lacarrerapanamericana.com.mx\/2025\/ResumendeSeccionesyHorarios2025_1.pdf\" target=\"_blank\" rel=\"noopener\">version 1.1<\/a><\/td>\n<\/tr>\n<tr style=\"border-color: #ffffff;\">\n<td style=\"text-align: left;\">1.2<\/td>\n<td style=\"text-align: left;\">August 20, 2025<\/td>\n<td style=\"text-align: left;\"><a href=\"https:\/\/lacarrerapanamericana.com.mx\/2025\/ResumendeSeccionesyHorarios2025.pdf\" target=\"_blank\" rel=\"noopener\">version 1.2<\/a><\/td>\n<\/tr>\n<\/tbody>\n<\/table>\n<\/div>\n\n\t\t<\/div>\n\t<\/div>\n<\/div><\/div><\/div><div class=\"wpb_column vc_column_container vc_col-sm-4\"><div class=\"vc_column-inner\"><div class=\"wpb_wrapper\"><\/div><\/div><\/div><\/div><\/div><\/div><\/div><\/div>\n<\/section>","protected":false},"excerpt":{"rendered":"ResumendeSeccionesyHorarios2025 Descargar PDF *Las secciones de velocidad y los horarios pueden estar sujetas a cambios de \u00faltimo momento, consulta regularmente esta p\u00e1gina para tener la \u00faltima versi\u00f3n. \u00a0VERSI\u00d3N\u00a0\u00a0 FECHA LINK 1.1 9\u00a0de julio 2025 versi\u00f3n 1.1 1.2 20 de agosto 2025 versi\u00f3n 1.2","protected":false},"author":1,"featured_media":2270,"parent":0,"menu_order":0,"comment_status":"closed","ping_status":"closed","template":"","meta":{"footnotes":""},"class_list":["post-2739","page","type-page","status-publish","has-post-thumbnail","hentry"],"_links":{"self":[{"href":"https:\/\/lacarrerapanamericana.com.mx\/en\/wp-json\/wp\/v2\/pages\/2739","targetHints":{"allow":["GET"]}}],"collection":[{"href":"https:\/\/lacarrerapanamericana.com.mx\/en\/wp-json\/wp\/v2\/pages"}],"about":[{"href":"https:\/\/lacarrerapanamericana.com.mx\/en\/wp-json\/wp\/v2\/types\/page"}],"author":[{"embeddable":true,"href":"https:\/\/lacarrerapanamericana.com.mx\/en\/wp-json\/wp\/v2\/users\/1"}],"replies":[{"embeddable":true,"href":"https:\/\/lacarrerapanamericana.com.mx\/en\/wp-json\/wp\/v2\/comments?post=2739"}],"version-history":[{"count":3,"href":"https:\/\/lacarrerapanamericana.com.mx\/en\/wp-json\/wp\/v2\/pages\/2739\/revisions"}],"predecessor-version":[{"id":46136,"href":"https:\/\/lacarrerapanamericana.com.mx\/en\/wp-json\/wp\/v2\/pages\/2739\/revisions\/46136"}],"wp:featuredmedia":[{"embeddable":true,"href":"https:\/\/lacarrerapanamericana.com.mx\/en\/wp-json\/wp\/v2\/media\/2270"}],"wp:attachment":[{"href":"https:\/\/lacarrerapanamericana.com.mx\/en\/wp-json\/wp\/v2\/media?parent=2739"}],"curies":[{"name":"wp","href":"https:\/\/api.w.org\/{rel}","templated":true}]}}