{"id":2797,"date":"2025-07-14T15:25:35","date_gmt":"2025-07-14T21:25:35","guid":{"rendered":"https:\/\/lacarrerapanamericana.com.mx\/?page_id=2797"},"modified":"2026-01-22T15:56:21","modified_gmt":"2026-01-22T21:56:21","slug":"libreta-de-ruta","status":"publish","type":"page","link":"https:\/\/lacarrerapanamericana.com.mx\/en\/libreta-de-ruta\/","title":{"rendered":"Route Book"},"content":{"rendered":"<section class=\"wpb-content-wrapper\"><div class=\"vc_row wpb_row vc_row-fluid vc_custom_1756244551964\"><div class=\"wpb_column vc_column_container vc_col-sm-4\"><div class=\"vc_column-inner\"><div class=\"wpb_wrapper\">\n\t<div  class=\"wpb_single_image wpb_content_element vc_align_center\">\n\t\t\n\t\t<figure class=\"wpb_wrapper vc_figure\">\n\t\t\t<a href=\"https:\/\/lacarrerapanamericana.com.mx\/2025\/LibretaRuta\/EN\/LCP2025Etapa0FinalING.pdf\" target=\"_blank\" class=\"vc_single_image-wrapper   vc_box_border_grey\"><img fetchpriority=\"high\" decoding=\"async\" width=\"1024\" height=\"576\" src=\"https:\/\/lacarrerapanamericana.com.mx\/wp-content\/uploads\/2025\/08\/CHIAPAS-EN.jpg\" class=\"vc_single_image-img attachment-full\" alt=\"\" title=\"ETAPA0\" srcset=\"https:\/\/lacarrerapanamericana.com.mx\/wp-content\/uploads\/2025\/08\/CHIAPAS-EN.jpg 1024w, https:\/\/lacarrerapanamericana.com.mx\/wp-content\/uploads\/2025\/08\/CHIAPAS-EN-300x169.jpg 300w, https:\/\/lacarrerapanamericana.com.mx\/wp-content\/uploads\/2025\/08\/CHIAPAS-EN-768x432.jpg 768w, https:\/\/lacarrerapanamericana.com.mx\/wp-content\/uploads\/2025\/08\/CHIAPAS-EN-18x10.jpg 18w, https:\/\/lacarrerapanamericana.com.mx\/wp-content\/uploads\/2025\/08\/CHIAPAS-EN-1000x563.jpg 1000w\" sizes=\"(max-width: 1024px) 100vw, 1024px\" \/><\/a>\n\t\t<\/figure>\n\t<\/div>\n\n\t<div class=\"wpb_text_column wpb_content_element\" >\n\t\t<div class=\"wpb_wrapper\">\n\t\t\t<h6 style=\"text-align: center;\">QUALIFYING<\/h6>\n\n\t\t<\/div>\n\t<\/div>\n<\/div><\/div><\/div><div class=\"wpb_column vc_column_container vc_col-sm-4\"><div class=\"vc_column-inner\"><div class=\"wpb_wrapper\">\n\t<div  class=\"wpb_single_image wpb_content_element vc_align_center\">\n\t\t\n\t\t<figure class=\"wpb_wrapper vc_figure\">\n\t\t\t<a href=\"https:\/\/lacarrerapanamericana.com.mx\/2025\/LibretaRuta\/EN\/LCP2025Etapa1FinalING.pdf\" target=\"_blank\" class=\"vc_single_image-wrapper   vc_box_border_grey\"><img decoding=\"async\" width=\"1024\" height=\"576\" src=\"https:\/\/lacarrerapanamericana.com.mx\/wp-content\/uploads\/2025\/08\/OAXACA-EN.jpg\" class=\"vc_single_image-img attachment-full\" alt=\"\" title=\"ETAPA1\" srcset=\"https:\/\/lacarrerapanamericana.com.mx\/wp-content\/uploads\/2025\/08\/OAXACA-EN.jpg 1024w, https:\/\/lacarrerapanamericana.com.mx\/wp-content\/uploads\/2025\/08\/OAXACA-EN-300x169.jpg 300w, https:\/\/lacarrerapanamericana.com.mx\/wp-content\/uploads\/2025\/08\/OAXACA-EN-768x432.jpg 768w, https:\/\/lacarrerapanamericana.com.mx\/wp-content\/uploads\/2025\/08\/OAXACA-EN-18x10.jpg 18w, https:\/\/lacarrerapanamericana.com.mx\/wp-content\/uploads\/2025\/08\/OAXACA-EN-1000x563.jpg 1000w\" sizes=\"(max-width: 1024px) 100vw, 1024px\" \/><\/a>\n\t\t<\/figure>\n\t<\/div>\n\n\t<div class=\"wpb_text_column wpb_content_element\" >\n\t\t<div class=\"wpb_wrapper\">\n\t\t\t<h6 style=\"text-align: center;\">CHIAPAS-OAXACA<\/h6>\n\n\t\t<\/div>\n\t<\/div>\n<\/div><\/div><\/div><div class=\"wpb_column vc_column_container vc_col-sm-4\"><div class=\"vc_column-inner\"><div class=\"wpb_wrapper\">\n\t<div  class=\"wpb_single_image wpb_content_element vc_align_center\">\n\t\t\n\t\t<figure class=\"wpb_wrapper vc_figure\">\n\t\t\t<a href=\"https:\/\/lacarrerapanamericana.com.mx\/2025\/LibretaRuta\/EN\/LCP2025Etapa2FinalING.pdf\" target=\"_blank\" class=\"vc_single_image-wrapper   vc_box_border_grey\"><img decoding=\"async\" width=\"1024\" height=\"576\" src=\"https:\/\/lacarrerapanamericana.com.mx\/wp-content\/uploads\/2025\/09\/STAGE2.jpg\" class=\"vc_single_image-img attachment-full\" alt=\"\" title=\"ETAPA2-2\" srcset=\"https:\/\/lacarrerapanamericana.com.mx\/wp-content\/uploads\/2025\/09\/STAGE2.jpg 1024w, https:\/\/lacarrerapanamericana.com.mx\/wp-content\/uploads\/2025\/09\/STAGE2-300x169.jpg 300w, https:\/\/lacarrerapanamericana.com.mx\/wp-content\/uploads\/2025\/09\/STAGE2-768x432.jpg 768w, https:\/\/lacarrerapanamericana.com.mx\/wp-content\/uploads\/2025\/09\/STAGE2-18x10.jpg 18w, https:\/\/lacarrerapanamericana.com.mx\/wp-content\/uploads\/2025\/09\/STAGE2-1000x563.jpg 1000w\" sizes=\"(max-width: 1024px) 100vw, 1024px\" \/><\/a>\n\t\t<\/figure>\n\t<\/div>\n\n\t<div class=\"wpb_text_column wpb_content_element\" >\n\t\t<div class=\"wpb_wrapper\">\n\t\t\t<h6 style=\"text-align: center;\">OAXACA-PUEBLA<\/h6>\n\n\t\t<\/div>\n\t<\/div>\n<\/div><\/div><\/div><\/div><div class=\"vc_row wpb_row vc_row-fluid vc_custom_1756244333993\"><div class=\"wpb_column vc_column_container vc_col-sm-4\"><div class=\"vc_column-inner\"><div class=\"wpb_wrapper\">\n\t<div  class=\"wpb_single_image wpb_content_element vc_align_center\">\n\t\t\n\t\t<figure class=\"wpb_wrapper vc_figure\">\n\t\t\t<a href=\"https:\/\/lacarrerapanamericana.com.mx\/2025\/LibretaRuta\/EN\/LCP2025Etapa3FinalING.pdf\" target=\"_blank\" class=\"vc_single_image-wrapper   vc_box_border_grey\"><img loading=\"lazy\" decoding=\"async\" width=\"1024\" height=\"576\" src=\"https:\/\/lacarrerapanamericana.com.mx\/wp-content\/uploads\/2025\/08\/CDMX-EN.jpg\" class=\"vc_single_image-img attachment-full\" alt=\"\" title=\"ETAPA3\" srcset=\"https:\/\/lacarrerapanamericana.com.mx\/wp-content\/uploads\/2025\/08\/CDMX-EN.jpg 1024w, https:\/\/lacarrerapanamericana.com.mx\/wp-content\/uploads\/2025\/08\/CDMX-EN-300x169.jpg 300w, https:\/\/lacarrerapanamericana.com.mx\/wp-content\/uploads\/2025\/08\/CDMX-EN-768x432.jpg 768w, https:\/\/lacarrerapanamericana.com.mx\/wp-content\/uploads\/2025\/08\/CDMX-EN-18x10.jpg 18w, https:\/\/lacarrerapanamericana.com.mx\/wp-content\/uploads\/2025\/08\/CDMX-EN-1000x563.jpg 1000w\" sizes=\"(max-width: 1024px) 100vw, 1024px\" \/><\/a>\n\t\t<\/figure>\n\t<\/div>\n\n\t<div class=\"wpb_text_column wpb_content_element\" >\n\t\t<div class=\"wpb_wrapper\">\n\t\t\t<h6 style=\"text-align: center;\">PUEBLA-CDMX<\/h6>\n\n\t\t<\/div>\n\t<\/div>\n<\/div><\/div><\/div><div class=\"wpb_column vc_column_container vc_col-sm-4\"><div class=\"vc_column-inner\"><div class=\"wpb_wrapper\">\n\t<div  class=\"wpb_single_image wpb_content_element vc_align_center\">\n\t\t\n\t\t<figure class=\"wpb_wrapper vc_figure\">\n\t\t\t<a href=\"https:\/\/lacarrerapanamericana.com.mx\/2025\/LibretaRuta\/EN\/LCP2025Etapa4FinalING.pdf\" target=\"_blank\" class=\"vc_single_image-wrapper   vc_box_border_grey\"><img loading=\"lazy\" decoding=\"async\" width=\"1024\" height=\"576\" src=\"https:\/\/lacarrerapanamericana.com.mx\/wp-content\/uploads\/2025\/08\/QUERETARO-EN.jpg\" class=\"vc_single_image-img attachment-full\" alt=\"\" title=\"ETAPA4\" srcset=\"https:\/\/lacarrerapanamericana.com.mx\/wp-content\/uploads\/2025\/08\/QUERETARO-EN.jpg 1024w, https:\/\/lacarrerapanamericana.com.mx\/wp-content\/uploads\/2025\/08\/QUERETARO-EN-300x169.jpg 300w, https:\/\/lacarrerapanamericana.com.mx\/wp-content\/uploads\/2025\/08\/QUERETARO-EN-768x432.jpg 768w, https:\/\/lacarrerapanamericana.com.mx\/wp-content\/uploads\/2025\/08\/QUERETARO-EN-18x10.jpg 18w, https:\/\/lacarrerapanamericana.com.mx\/wp-content\/uploads\/2025\/08\/QUERETARO-EN-1000x563.jpg 1000w\" sizes=\"(max-width: 1024px) 100vw, 1024px\" \/><\/a>\n\t\t<\/figure>\n\t<\/div>\n\n\t<div class=\"wpb_text_column wpb_content_element\" >\n\t\t<div class=\"wpb_wrapper\">\n\t\t\t<h6 style=\"text-align: center;\">CDMX-QUER\u00c9TARO<\/h6>\n\n\t\t<\/div>\n\t<\/div>\n<\/div><\/div><\/div><div class=\"wpb_column vc_column_container vc_col-sm-4\"><div class=\"vc_column-inner\"><div class=\"wpb_wrapper\">\n\t<div  class=\"wpb_single_image wpb_content_element vc_align_center\">\n\t\t\n\t\t<figure class=\"wpb_wrapper vc_figure\">\n\t\t\t<a href=\"https:\/\/lacarrerapanamericana.com.mx\/2025\/LibretaRuta\/EN\/LCP2025Etapa5FinalING.pdf\" target=\"_blank\" class=\"vc_single_image-wrapper   vc_box_border_grey\"><img loading=\"lazy\" decoding=\"async\" width=\"1024\" height=\"576\" src=\"https:\/\/lacarrerapanamericana.com.mx\/wp-content\/uploads\/2025\/08\/MICHOACAN-EN.jpg\" class=\"vc_single_image-img attachment-full\" alt=\"\" title=\"ETAPA5\" srcset=\"https:\/\/lacarrerapanamericana.com.mx\/wp-content\/uploads\/2025\/08\/MICHOACAN-EN.jpg 1024w, https:\/\/lacarrerapanamericana.com.mx\/wp-content\/uploads\/2025\/08\/MICHOACAN-EN-300x169.jpg 300w, https:\/\/lacarrerapanamericana.com.mx\/wp-content\/uploads\/2025\/08\/MICHOACAN-EN-768x432.jpg 768w, https:\/\/lacarrerapanamericana.com.mx\/wp-content\/uploads\/2025\/08\/MICHOACAN-EN-18x10.jpg 18w, https:\/\/lacarrerapanamericana.com.mx\/wp-content\/uploads\/2025\/08\/MICHOACAN-EN-1000x563.jpg 1000w\" sizes=\"(max-width: 1024px) 100vw, 1024px\" \/><\/a>\n\t\t<\/figure>\n\t<\/div>\n\n\t<div class=\"wpb_text_column wpb_content_element\" >\n\t\t<div class=\"wpb_wrapper\">\n\t\t\t<h6 style=\"text-align: center;\">QUER\u00c9TARO-MICHOAC\u00c1N<\/h6>\n\n\t\t<\/div>\n\t<\/div>\n<\/div><\/div><\/div><\/div><div class=\"vc_row wpb_row vc_row-fluid vc_custom_1756244372830\"><div class=\"wpb_column vc_column_container vc_col-sm-4\"><div class=\"vc_column-inner\"><div class=\"wpb_wrapper\">\n\t<div  class=\"wpb_single_image wpb_content_element vc_align_center\">\n\t\t\n\t\t<figure class=\"wpb_wrapper vc_figure\">\n\t\t\t<a href=\"https:\/\/lacarrerapanamericana.com.mx\/2025\/LibretaRuta\/EN\/LCP2025Etapa6FinalING.pdf\" target=\"_blank\" class=\"vc_single_image-wrapper   vc_box_border_grey\"><img loading=\"lazy\" decoding=\"async\" width=\"1024\" height=\"576\" src=\"https:\/\/lacarrerapanamericana.com.mx\/wp-content\/uploads\/2025\/08\/GUANAJUATO-EN.jpg\" class=\"vc_single_image-img attachment-full\" alt=\"\" title=\"ETAPA6\" srcset=\"https:\/\/lacarrerapanamericana.com.mx\/wp-content\/uploads\/2025\/08\/GUANAJUATO-EN.jpg 1024w, https:\/\/lacarrerapanamericana.com.mx\/wp-content\/uploads\/2025\/08\/GUANAJUATO-EN-300x169.jpg 300w, https:\/\/lacarrerapanamericana.com.mx\/wp-content\/uploads\/2025\/08\/GUANAJUATO-EN-768x432.jpg 768w, https:\/\/lacarrerapanamericana.com.mx\/wp-content\/uploads\/2025\/08\/GUANAJUATO-EN-18x10.jpg 18w, https:\/\/lacarrerapanamericana.com.mx\/wp-content\/uploads\/2025\/08\/GUANAJUATO-EN-1000x563.jpg 1000w\" sizes=\"(max-width: 1024px) 100vw, 1024px\" \/><\/a>\n\t\t<\/figure>\n\t<\/div>\n\n\t<div class=\"wpb_text_column wpb_content_element\" >\n\t\t<div class=\"wpb_wrapper\">\n\t\t\t<h6 style=\"text-align: center;\">MICHOAC\u00c1N-GUANAJUATO<\/h6>\n\n\t\t<\/div>\n\t<\/div>\n<\/div><\/div><\/div><div class=\"wpb_column vc_column_container vc_col-sm-4\"><div class=\"vc_column-inner\"><div class=\"wpb_wrapper\">\n\t<div  class=\"wpb_single_image wpb_content_element vc_align_center\">\n\t\t\n\t\t<figure class=\"wpb_wrapper vc_figure\">\n\t\t\t<a href=\"https:\/\/lacarrerapanamericana.com.mx\/2025\/LibretaRuta\/EN\/LCP2025Etapa7FinalING.pdf\" target=\"_blank\" class=\"vc_single_image-wrapper   vc_box_border_grey\"><img loading=\"lazy\" decoding=\"async\" width=\"1024\" height=\"576\" src=\"https:\/\/lacarrerapanamericana.com.mx\/wp-content\/uploads\/2025\/08\/SLP-EN.jpg\" class=\"vc_single_image-img attachment-full\" alt=\"\" title=\"ETAPA7\" srcset=\"https:\/\/lacarrerapanamericana.com.mx\/wp-content\/uploads\/2025\/08\/SLP-EN.jpg 1024w, https:\/\/lacarrerapanamericana.com.mx\/wp-content\/uploads\/2025\/08\/SLP-EN-300x169.jpg 300w, https:\/\/lacarrerapanamericana.com.mx\/wp-content\/uploads\/2025\/08\/SLP-EN-768x432.jpg 768w, https:\/\/lacarrerapanamericana.com.mx\/wp-content\/uploads\/2025\/08\/SLP-EN-18x10.jpg 18w, https:\/\/lacarrerapanamericana.com.mx\/wp-content\/uploads\/2025\/08\/SLP-EN-1000x563.jpg 1000w\" sizes=\"(max-width: 1024px) 100vw, 1024px\" \/><\/a>\n\t\t<\/figure>\n\t<\/div>\n\n\t<div class=\"wpb_text_column wpb_content_element\" >\n\t\t<div class=\"wpb_wrapper\">\n\t\t\t<h6 style=\"text-align: center;\">GUANAJUATO-SLP<\/h6>\n\n\t\t<\/div>\n\t<\/div>\n<\/div><\/div><\/div><div class=\"wpb_column vc_column_container vc_col-sm-4\"><div class=\"vc_column-inner\"><div class=\"wpb_wrapper\">\n\t<div  class=\"wpb_single_image wpb_content_element vc_align_center\">\n\t\t\n\t\t<figure class=\"wpb_wrapper vc_figure\">\n\t\t\t<a href=\"https:\/\/lacarrerapanamericana.com.mx\/2025\/LibretaRuta\/EN\/LCP2025Etapa8FinalING.pdf\" target=\"_blank\" class=\"vc_single_image-wrapper   vc_box_border_grey\"><img loading=\"lazy\" decoding=\"async\" width=\"1024\" height=\"576\" src=\"https:\/\/lacarrerapanamericana.com.mx\/wp-content\/uploads\/2025\/08\/ZACATECAS-EN.jpg\" class=\"vc_single_image-img attachment-full\" alt=\"\" title=\"ETAPA8\" srcset=\"https:\/\/lacarrerapanamericana.com.mx\/wp-content\/uploads\/2025\/08\/ZACATECAS-EN.jpg 1024w, https:\/\/lacarrerapanamericana.com.mx\/wp-content\/uploads\/2025\/08\/ZACATECAS-EN-300x169.jpg 300w, https:\/\/lacarrerapanamericana.com.mx\/wp-content\/uploads\/2025\/08\/ZACATECAS-EN-768x432.jpg 768w, https:\/\/lacarrerapanamericana.com.mx\/wp-content\/uploads\/2025\/08\/ZACATECAS-EN-18x10.jpg 18w, https:\/\/lacarrerapanamericana.com.mx\/wp-content\/uploads\/2025\/08\/ZACATECAS-EN-1000x563.jpg 1000w\" sizes=\"(max-width: 1024px) 100vw, 1024px\" \/><\/a>\n\t\t<\/figure>\n\t<\/div>\n\n\t<div class=\"wpb_text_column wpb_content_element\" >\n\t\t<div class=\"wpb_wrapper\">\n\t\t\t<h6 style=\"text-align: center;\">SLP-ZACATECAS<\/h6>\n\n\t\t<\/div>\n\t<\/div>\n<\/div><\/div><\/div><\/div><div class=\"vc_row wpb_row vc_row-fluid vc_custom_1756244214385\"><div class=\"wpb_column vc_column_container vc_col-sm-12 vc_col-lg-12 vc_col-md-12 vc_col-xs-12\"><div class=\"vc_column-inner\"><div class=\"wpb_wrapper\"><div class=\"vc_empty_space\"   style=\"height: 5vh\"><span class=\"vc_empty_space_inner\"><\/span><\/div><div class=\"vc_btn3-container vc_btn3-center\" ><a onmouseleave=\"this.style.borderColor='#000000'; this.style.backgroundColor='transparent'; this.style.color='#000000'\" onmouseenter=\"this.style.borderColor='#000000'; this.style.backgroundColor='#000000'; this.style.color='#ffffff';\" style=\"border-color:#000000; color:#000000;\" class=\"vc_general vc_btn3 vc_btn3-size-lg vc_btn3-shape-rounded vc_btn3-style-outline-custom vc_btn3-icon-left\" href=\"https:\/\/lacarrerapanamericana.com.mx\/2025\/LibretaRuta\/EN\/PANAINGLESCOMP.pdf\" title=\"Libreta de Ruta 2025\" target=\"_blank\"><i class=\"vc_btn3-icon fas fa-download\"><\/i> Download 2025 Route Book<\/a><\/div><div class=\"vc_empty_space\"   style=\"height: 5vh\"><span class=\"vc_empty_space_inner\"><\/span><\/div>\n\t<div class=\"wpb_text_column wpb_content_element\" >\n\t\t<div class=\"wpb_wrapper\">\n\t\t\t<p style=\"text-align: center;\"><span style=\"font-size: 12px;\"><em>*Speed \u200b\u200bsections and schedules may be subject to last-minute changes; please check this page regularly for the latest version.<\/em><\/span><\/p>\n\n\t\t<\/div>\n\t<\/div>\n\n\t<div class=\"wpb_text_column wpb_content_element  vc_custom_1759253244267\" >\n\t\t<div class=\"wpb_wrapper\">\n\t\t\t<div id=\"dTabla\" align=\"center\">\n<table style=\"width: 60%; background-color: #f0f0f0; border-color: #ffffff;\" border=\"1\">\n<thead><\/thead>\n<tbody>\n<tr style=\"border-color: #ffffff;\">\n<td style=\"text-align: center; width: 30%;\"><strong>\u00a0VERSION\u00a0\u00a0<\/strong><\/td>\n<td style=\"text-align: center;\"><strong>DATE<\/strong><\/td>\n<td style=\"text-align: center;\"><strong>LINK<\/strong><\/td>\n<\/tr>\n<tr style=\"border-color: #ffffff;\">\n<td style=\"text-align: left;\">1.1<\/td>\n<td style=\"text-align: left;\">August 26th, 2025<\/td>\n<td style=\"text-align: left;\"><a href=\"https:\/\/lacarrerapanamericana.com.mx\/2025\/LibretaRuta\/EN\/ROUTE-Okf-LCP25.pdf\" target=\"_blank\" rel=\"noopener\">version 1.1<\/a><\/td>\n<\/tr>\n<tr style=\"border-color: #ffffff;\">\n<td style=\"text-align: left;\">1.2<\/td>\n<td style=\"text-align: left;\">30 de septiembre 2025<\/td>\n<td style=\"text-align: left;\"><a href=\"https:\/\/lacarrerapanamericana.com.mx\/2025\/LibretaRuta\/EN\/PANAINGLESCOMP.pdf\" target=\"_blank\" rel=\"noopener\">versi<\/a><a href=\"https:\/\/lacarrerapanamericana.com.mx\/2025\/LibretaRuta\/EN\/ROUTE-Okf-LCP25.pdf\" target=\"_blank\" rel=\"noopener\">\u00f3n 1.2<\/a><\/td>\n<\/tr>\n<\/tbody>\n<\/table>\n<\/div>\n\n\t\t<\/div>\n\t<\/div>\n<\/div><\/div><\/div><\/div>\n<\/section>","protected":false},"excerpt":{"rendered":"CLASIFICACI\u00d3N CHIAPAS-OAXACA OAXACA-PUEBLA PUEBLA-CDMX CDMX-QUER\u00c9TARO QUER\u00c9TARO-MICHOAC\u00c1N MICHOAC\u00c1N-GUANAJUATO GUANAJUATO-SLP SLP-ZACATECAS Descargar Libreta de Ruta 2025 *Las secciones de velocidad y los horarios pueden estar sujetas a cambios de \u00faltimo momento, consulta regularmente esta p\u00e1gina para tener la \u00faltima versi\u00f3n. \u00a0VERSI\u00d3N\u00a0\u00a0 FECHA LINK 1.1 26 de agosto 2025 versi\u00f3n 1.1 1.2 30 de septiembre 2025 versi\u00f3n 1.2","protected":false},"author":1,"featured_media":2755,"parent":0,"menu_order":0,"comment_status":"closed","ping_status":"closed","template":"","meta":{"footnotes":""},"class_list":["post-2797","page","type-page","status-publish","has-post-thumbnail","hentry"],"_links":{"self":[{"href":"https:\/\/lacarrerapanamericana.com.mx\/en\/wp-json\/wp\/v2\/pages\/2797","targetHints":{"allow":["GET"]}}],"collection":[{"href":"https:\/\/lacarrerapanamericana.com.mx\/en\/wp-json\/wp\/v2\/pages"}],"about":[{"href":"https:\/\/lacarrerapanamericana.com.mx\/en\/wp-json\/wp\/v2\/types\/page"}],"author":[{"embeddable":true,"href":"https:\/\/lacarrerapanamericana.com.mx\/en\/wp-json\/wp\/v2\/users\/1"}],"replies":[{"embeddable":true,"href":"https:\/\/lacarrerapanamericana.com.mx\/en\/wp-json\/wp\/v2\/comments?post=2797"}],"version-history":[{"count":6,"href":"https:\/\/lacarrerapanamericana.com.mx\/en\/wp-json\/wp\/v2\/pages\/2797\/revisions"}],"predecessor-version":[{"id":46096,"href":"https:\/\/lacarrerapanamericana.com.mx\/en\/wp-json\/wp\/v2\/pages\/2797\/revisions\/46096"}],"wp:featuredmedia":[{"embeddable":true,"href":"https:\/\/lacarrerapanamericana.com.mx\/en\/wp-json\/wp\/v2\/media\/2755"}],"wp:attachment":[{"href":"https:\/\/lacarrerapanamericana.com.mx\/en\/wp-json\/wp\/v2\/media?parent=2797"}],"curies":[{"name":"wp","href":"https:\/\/api.w.org\/{rel}","templated":true}]}}