{"id":33540,"date":"2025-07-16T12:09:04","date_gmt":"2025-07-16T18:09:04","guid":{"rendered":"https:\/\/lacarrerapanamericana.com.mx\/register\/"},"modified":"2026-01-22T16:33:36","modified_gmt":"2026-01-22T22:33:36","slug":"register","status":"publish","type":"page","link":"https:\/\/lacarrerapanamericana.com.mx\/en\/register\/","title":{"rendered":"Registro"},"content":{"rendered":"<div class=\"um um-register um-29550\">\n\t<div class=\"um-form\" data-mode=\"register\">\n\t\t<form method=\"post\" action=\"\" data-trp-original-action=\"\">\n\t\t\t<div class=\"um-row _um_row_1\" style=\"margin: 0 0 30px 0;\"><div class=\"um-col-1\"><div  id=\"um_field_29550_first_name\" class=\"um-field um-field-text  um-field-first_name um-field-text um-field-type_text\" data-key=\"first_name\"><div class=\"um-field-label\"><label for=\"first_name-29550\">Name<span class=\"um-req\" title=\"Required\">*<\/span><\/label><div class=\"um-clear\"><\/div><\/div><div class=\"um-field-area\"><input  autocomplete=\"off\" class=\"um-form-field valid\" type=\"text\" name=\"first_name-29550\" id=\"first_name-29550\" value=\"\" placeholder=\"\" data-validate=\"\" data-key=\"first_name\"  aria-invalid=\"false\" \/>\n\n\t\t\t\t\t\t<\/div><\/div><div  id=\"um_field_29550_last_name\" class=\"um-field um-field-text  um-field-last_name um-field-text um-field-type_text\" data-key=\"last_name\"><div class=\"um-field-label\"><label for=\"last_name-29550\">Last names<span class=\"um-req\" title=\"Required\">*<\/span><\/label><div class=\"um-clear\"><\/div><\/div><div class=\"um-field-area\"><input  autocomplete=\"off\" class=\"um-form-field valid\" type=\"text\" name=\"last_name-29550\" id=\"last_name-29550\" value=\"\" placeholder=\"\" data-validate=\"\" data-key=\"last_name\"  aria-invalid=\"false\" \/>\n\n\t\t\t\t\t\t<\/div><\/div><div  id=\"um_field_29550_user_email\" class=\"um-field um-field-text  um-field-user_email um-field-text um-field-type_text\" data-key=\"user_email\"><div class=\"um-field-label\"><label for=\"user_email-29550\">Direcci\u00f3n de correo electr\u00f3nico<span class=\"um-req\" title=\"Required\">*<\/span><\/label><div class=\"um-clear\"><\/div><\/div><div class=\"um-field-area\"><input  autocomplete=\"off\" class=\"um-form-field valid\" type=\"text\" name=\"user_email-29550\" id=\"user_email-29550\" value=\"\" placeholder=\"\" data-validate=\"unique_email\" data-key=\"user_email\"  aria-invalid=\"false\" \/>\n\n\t\t\t\t\t\t<\/div><\/div><div  id=\"um_field_29550_birth_date\" class=\"um-field um-field-date  um-field-birth_date um-field-date um-field-type_date\" data-key=\"birth_date\"><div class=\"um-field-label\"><div class=\"um-field-label-icon\"><i class=\"far fa-calendar\" aria-label=\"Fecha de nacimiento\"><\/i><\/div><label for=\"birth_date-29550\">Fecha de nacimiento<\/label><div class=\"um-clear\"><\/div><\/div><div class=\"um-field-area\"><input   class=\"um-form-field valid not-required um-datepicker\" type=\"text\" name=\"birth_date-29550\" id=\"birth_date-29550\" value=\"\" placeholder=\"\" data-validate=\"\" data-key=\"birth_date\" data-range=\"years\" data-years=\"115\" data-years_x=\"past\" data-disabled_weekdays=\"\" data-date_min=\"1911,4,10\" data-date_max=\"2026,4,10\" data-format=\"d mmm yyyy\" data-value=\"\"  aria-invalid=\"false\" \/>\n\n\t\t\t\t\t\t<\/div><\/div><div  id=\"um_field_29550_country\" class=\"um-field um-field-select  um-field-country um-field-select um-field-type_select\" data-key=\"country\"><div class=\"um-field-label\"><label for=\"country-29550\">Country<span class=\"um-req\" title=\"Required\">*<\/span><\/label><div class=\"um-clear\"><\/div><\/div><div class=\"um-field-area\"><select data-default=\"\"     name=\"country\" id=\"country\" data-validate=\"\" data-key=\"country\" class=\"um-form-field valid um-s1\" style=\"width: 100%\" data-placeholder=\"Elige un pa\u00eds\"   aria-invalid=\"false\" ><option value=\"\"><\/option><option value=\"Afganist\u00e1n\" >Afganist\u00e1n<\/option><option value=\"Islas \u00c5land\" >Islas \u00c5land<\/option><option value=\"Albania\" >Albania<\/option><option value=\"Argelia\" >Argelia<\/option><option value=\"Samoa\" >Samoa<\/option><option value=\"Andorra\" >Andorra<\/option><option value=\"Angola\" >Angola<\/option><option value=\"Anguilla\" >Anguilla<\/option><option value=\"Ant\u00e1rtica\" >Ant\u00e1rtica<\/option><option value=\"Antigua y Barbuda\" >Antigua y Barbuda<\/option><option value=\"Argentina\" >Argentina<\/option><option value=\"Armenia\" >Armenia<\/option><option value=\"Aruba\" >Aruba<\/option><option value=\"Australia\" >Australia<\/option><option value=\"Austria\" >Austria<\/option><option value=\"Azerbaiy\u00e1n\" >Azerbaiy\u00e1n<\/option><option value=\"Bahamas\" >Bahamas<\/option><option value=\"Bar\u00e9in\" >Bar\u00e9in<\/option><option value=\"Banglad\u00e9s\" >Banglad\u00e9s<\/option><option value=\"Barbados\" >Barbados<\/option><option value=\"Bielorrusia\" >Bielorrusia<\/option><option value=\"B\u00e9lgica\" >B\u00e9lgica<\/option><option value=\"Belice\" >Belice<\/option><option value=\"Ben\u00edn\" >Ben\u00edn<\/option><option value=\"Bermuda\" >Bermuda<\/option><option value=\"But\u00e1n\" >But\u00e1n<\/option><option value=\"Bolivia\" >Bolivia<\/option><option value=\"Bosnia y Herzegovina\" >Bosnia y Herzegovina<\/option><option value=\"Botsuana\" >Botsuana<\/option><option value=\"Isla Bouvet\" >Isla Bouvet<\/option><option value=\"Brasil\" >Brasil<\/option><option value=\"Territorio Brit\u00e1nico del Oc\u00e9ano \u00cdndico\" >Territorio Brit\u00e1nico del Oc\u00e9ano \u00cdndico<\/option><option value=\"Brunei Darussalam\" >Brunei Darussalam<\/option><option value=\"Bulgaria\" >Bulgaria<\/option><option value=\"Burkina Faso\" >Burkina Faso<\/option><option value=\"Burundi\" >Burundi<\/option><option value=\"Camboya\" >Camboya<\/option><option value=\"Camer\u00fan\" >Camer\u00fan<\/option><option value=\"Canad\u00e1\" >Canad\u00e1<\/option><option value=\"Cabo Verde\" >Cabo Verde<\/option><option value=\"Islas Caim\u00e1n\" >Islas Caim\u00e1n<\/option><option value=\"Rep\u00fablica Centroafricana\" >Rep\u00fablica Centroafricana<\/option><option value=\"Chad\" >Chad<\/option><option value=\"Chile\" >Chile<\/option><option value=\"China\" >China<\/option><option value=\"Islas Christmas\" >Islas Christmas<\/option><option value=\"Islas (Keeling) Cocos\" >Islas (Keeling) Cocos<\/option><option value=\"Colombia\" >Colombia<\/option><option value=\"Comoras\" >Comoras<\/option><option value=\"Congo\" >Congo<\/option><option value=\"Rep\u00fablica Democr\u00e1tica del Congo\" >Rep\u00fablica Democr\u00e1tica del Congo<\/option><option value=\"Islas Cook\" >Islas Cook<\/option><option value=\"Costa Rica\" >Costa Rica<\/option><option value=\"Costa de Marfil\" >Costa de Marfil<\/option><option value=\"Croacia\" >Croacia<\/option><option value=\"Cuba\" >Cuba<\/option><option value=\"Chipre\" >Chipre<\/option><option value=\"Rep\u00fablica Checa\" >Rep\u00fablica Checa<\/option><option value=\"Dinamarca\" >Dinamarca<\/option><option value=\"Yibuti\" >Yibuti<\/option><option value=\"Dominica\" >Dominica<\/option><option value=\"Republica Dominicana\" >Republica Dominicana<\/option><option value=\"Ecuador\" >Ecuador<\/option><option value=\"Egipto\" >Egipto<\/option><option value=\"El Salvador\" >El Salvador<\/option><option value=\"Guinea Ecuatorial\" >Guinea Ecuatorial<\/option><option value=\"Eritrea\" >Eritrea<\/option><option value=\"Estonia\" >Estonia<\/option><option value=\"Etiop\u00eda\" >Etiop\u00eda<\/option><option value=\"Islas Malvinas\" >Islas Malvinas<\/option><option value=\"Islas Feroe\" >Islas Feroe<\/option><option value=\"Fiji\" >Fiji<\/option><option value=\"Finlandia\" >Finlandia<\/option><option value=\"Francia\" >Francia<\/option><option value=\"Guyana Francesa\" >Guyana Francesa<\/option><option value=\"Polinesia Francesa\" >Polinesia Francesa<\/option><option value=\"Territorios Franceses del Sur\" >Territorios Franceses del Sur<\/option><option value=\"Gab\u00f3n\" >Gab\u00f3n<\/option><option value=\"Gambia\" >Gambia<\/option><option value=\"Georgia\" >Georgia<\/option><option value=\"Alemania\" >Alemania<\/option><option value=\"Ghana\" >Ghana<\/option><option value=\"Gibraltar\" >Gibraltar<\/option><option value=\"Grecia\" >Grecia<\/option><option value=\"Groenlandia\" >Groenlandia<\/option><option value=\"Grenada\" >Grenada<\/option><option value=\"Guadalupe\" >Guadalupe<\/option><option value=\"Guam\" >Guam<\/option><option value=\"Guatemala\" >Guatemala<\/option><option value=\"Guernsey\" >Guernsey<\/option><option value=\"Guinea\" >Guinea<\/option><option value=\"Guinea Bissau\" >Guinea Bissau<\/option><option value=\"Guyana\" >Guyana<\/option><option value=\"Hait\u00ed\" >Hait\u00ed<\/option><option value=\"Islas Heard y McDonald\" >Islas Heard y McDonald<\/option><option value=\"Santa Sede (Estado Ciudad del Vaticano)\" >Santa Sede (Estado Ciudad del Vaticano)<\/option><option value=\"Honduras\" >Honduras<\/option><option value=\"Hong Kong\" >Hong Kong<\/option><option value=\"Hungr\u00eda\" >Hungr\u00eda<\/option><option value=\"Islandia\" >Islandia<\/option><option value=\"India\" >India<\/option><option value=\"Indonesia\" >Indonesia<\/option><option value=\"Ir\u00e1n, Rep\u00fablica Isl\u00e1mica de\" >Ir\u00e1n, Rep\u00fablica Isl\u00e1mica de<\/option><option value=\"Iraq\" >Iraq<\/option><option value=\"Irlanda\" >Irlanda<\/option><option value=\"Isla de Man\" >Isla de Man<\/option><option value=\"Israel\" >Israel<\/option><option value=\"Italia\" >Italia<\/option><option value=\"Jamaica\" >Jamaica<\/option><option value=\"Jap\u00f3n\" >Jap\u00f3n<\/option><option value=\"Jersey\" >Jersey<\/option><option value=\"Jordania\" >Jordania<\/option><option value=\"Kazajist\u00e1n\" >Kazajist\u00e1n<\/option><option value=\"Kenia\" >Kenia<\/option><option value=\"Kiribati\" >Kiribati<\/option><option value=\"Rep\u00fablica Democr\u00e1tica de Corea\" >Rep\u00fablica Democr\u00e1tica de Corea<\/option><option value=\"Rep\u00fablica de Corea\" >Rep\u00fablica de Corea<\/option><option value=\"Kuwait\" >Kuwait<\/option><option value=\"Kirguist\u00e1n\" >Kirguist\u00e1n<\/option><option value=\"Rep\u00fablica Popular Democr\u00e1tica de Laos\" >Rep\u00fablica Popular Democr\u00e1tica de Laos<\/option><option value=\"Letonia\" >Letonia<\/option><option value=\"L\u00edbano\" >L\u00edbano<\/option><option value=\"Lesoto\" >Lesoto<\/option><option value=\"Liberia\" >Liberia<\/option><option value=\"Gran Yamahiriya \u00c1rabe Libia\" >Gran Yamahiriya \u00c1rabe Libia<\/option><option value=\"Liechtenstein\" >Liechtenstein<\/option><option value=\"Lituania\" >Lituania<\/option><option value=\"Luxemburgo\" >Luxemburgo<\/option><option value=\"Macao\" >Macao<\/option><option value=\"Macedonia\" >Macedonia<\/option><option value=\"Madagascar\" >Madagascar<\/option><option value=\"Malaui\" >Malaui<\/option><option value=\"Malasia\" >Malasia<\/option><option value=\"Maldivas\" >Maldivas<\/option><option value=\"Mal\u00ed\" >Mal\u00ed<\/option><option value=\"Malta\" >Malta<\/option><option value=\"Islas Marshall\" >Islas Marshall<\/option><option value=\"Martinique\" >Martinique<\/option><option value=\"Mauritania\" >Mauritania<\/option><option value=\"Mauricio\" >Mauricio<\/option><option value=\"Mayotte\" >Mayotte<\/option><option value=\"M\u00e9xico\" >M\u00e9xico<\/option><option value=\"Micrones\u00eda\" >Micrones\u00eda<\/option><option value=\"Moldavia\" >Moldavia<\/option><option value=\"M\u00f3naco\" >M\u00f3naco<\/option><option value=\"Mongolia\" >Mongolia<\/option><option value=\"Montenegro\" >Montenegro<\/option><option value=\"Montserrat\" >Montserrat<\/option><option value=\"Marruecos\" >Marruecos<\/option><option value=\"Mozambique\" >Mozambique<\/option><option value=\"Myanmar\" >Myanmar<\/option><option value=\"Namibia\" >Namibia<\/option><option value=\"Naur\u00fa\" >Naur\u00fa<\/option><option value=\"Nepal\" >Nepal<\/option><option value=\"Pa\u00edses Bajos\" >Pa\u00edses Bajos<\/option><option value=\"Antillas Holandesas\" >Antillas Holandesas<\/option><option value=\"Nueva Caledonia\" >Nueva Caledonia<\/option><option value=\"Nueva Zelanda\" >Nueva Zelanda<\/option><option value=\"Nicaragua\" >Nicaragua<\/option><option value=\"Niger\" >Niger<\/option><option value=\"Nigeria\" >Nigeria<\/option><option value=\"Niu\u00e9\" >Niu\u00e9<\/option><option value=\"Islas Norfolk\" >Islas Norfolk<\/option><option value=\"Islas Marianas del Norte\" >Islas Marianas del Norte<\/option><option value=\"Noruega\" >Noruega<\/option><option value=\"Om\u00e1n\" >Om\u00e1n<\/option><option value=\"Pakist\u00e1n\" >Pakist\u00e1n<\/option><option value=\"Palaos\" >Palaos<\/option><option value=\"Palestina\" >Palestina<\/option><option value=\"Panam\u00e1\" >Panam\u00e1<\/option><option value=\"Pap\u00faa Nueva Guinea\" >Pap\u00faa Nueva Guinea<\/option><option value=\"Paraguay\" >Paraguay<\/option><option value=\"Per\u00fa\" >Per\u00fa<\/option><option value=\"Filipinas\" >Filipinas<\/option><option value=\"Pitcairn\" >Pitcairn<\/option><option value=\"Polonia\" >Polonia<\/option><option value=\"Portugal\" >Portugal<\/option><option value=\"Puerto Rico\" >Puerto Rico<\/option><option value=\"Qatar\" >Qatar<\/option><option value=\"Reuni\u00f3n\" >Reuni\u00f3n<\/option><option value=\"Ruman\u00eda\" >Ruman\u00eda<\/option><option value=\"Federaci\u00f3n Rusa\" >Federaci\u00f3n Rusa<\/option><option value=\"Ruanda\" >Ruanda<\/option><option value=\"San Bartolomeo\" >San Bartolomeo<\/option><option value=\"Santa Elena\" >Santa Elena<\/option><option value=\"San Crist\u00f3bal y Nevis\" >San Crist\u00f3bal y Nevis<\/option><option value=\"Santa Luc\u00eda\" >Santa Luc\u00eda<\/option><option value=\"San Martin (parte Francesa)\" >San Martin (parte Francesa)<\/option><option value=\"San Pedro y Miquel\u00f3n\" >San Pedro y Miquel\u00f3n<\/option><option value=\"San Vicente y las Granadinas\" >San Vicente y las Granadinas<\/option><option value=\"Samoa\" >Samoa<\/option><option value=\"San Marino\" >San Marino<\/option><option value=\"Santo Tom\u00e9 y Pr\u00edncipe\" >Santo Tom\u00e9 y Pr\u00edncipe<\/option><option value=\"Arabia Saudita\" >Arabia Saudita<\/option><option value=\"Senegal\" >Senegal<\/option><option value=\"Serbia\" >Serbia<\/option><option value=\"Seychelles\" >Seychelles<\/option><option value=\"Sierra Leona\" >Sierra Leona<\/option><option value=\"Singapur\" >Singapur<\/option><option value=\"Eslovaquia\" >Eslovaquia<\/option><option value=\"Eslovenia\" >Eslovenia<\/option><option value=\"Islas Salom\u00f3n\" >Islas Salom\u00f3n<\/option><option value=\"Somalia\" >Somalia<\/option><option value=\"Sud\u00e1frica\" >Sud\u00e1frica<\/option><option value=\"Territorio brit\u00e1nico de ultramar de las Islas Georgias del Sur y Sandwich del Sur\" >Territorio brit\u00e1nico de ultramar de las Islas Georgias del Sur y Sandwich del Sur<\/option><option value=\"Sud\u00e1n del Sur\" >Sud\u00e1n del Sur<\/option><option value=\"Espa\u00f1a\" >Espa\u00f1a<\/option><option value=\"Sri Lanka\" >Sri Lanka<\/option><option value=\"Sud\u00e1n\" >Sud\u00e1n<\/option><option value=\"Surinam\" >Surinam<\/option><option value=\"Islas Svalbard y Jan Mayen\" >Islas Svalbard y Jan Mayen<\/option><option value=\"Suazilandia\" >Suazilandia<\/option><option value=\"Suecia\" >Suecia<\/option><option value=\"Suiza\" >Suiza<\/option><option value=\"Siria\" >Siria<\/option><option value=\"Taiw\u00e1n\" >Taiw\u00e1n<\/option><option value=\"Tajikist\u00e1n\" >Tajikist\u00e1n<\/option><option value=\"Tanzania\" >Tanzania<\/option><option value=\"Thailandia\" >Thailandia<\/option><option value=\"Timor-Leste\" >Timor-Leste<\/option><option value=\"Togo\" >Togo<\/option><option value=\"Tokelau\" >Tokelau<\/option><option value=\"Tonga\" >Tonga<\/option><option value=\"Trinidad y Tobago\" >Trinidad y Tobago<\/option><option value=\"T\u00fanez\" >T\u00fanez<\/option><option value=\"Turqu\u00eda\" >Turqu\u00eda<\/option><option value=\"Turkmenist\u00e1n\" >Turkmenist\u00e1n<\/option><option value=\"Islas Turcas y Caicos\" >Islas Turcas y Caicos<\/option><option value=\"Tuvalu\" >Tuvalu<\/option><option value=\"Uganda\" >Uganda<\/option><option value=\"Ucrania\" >Ucrania<\/option><option value=\"Emiratos \u00c1rabes Unidos\" >Emiratos \u00c1rabes Unidos<\/option><option value=\"Reino Unido\" >Reino Unido<\/option><option value=\"Estados Unidos\" >Estados Unidos<\/option><option value=\"Estados Unidos, Islas menores\" >Estados Unidos, Islas menores<\/option><option value=\"Uruguay\" >Uruguay<\/option><option value=\"Uzbekist\u00e1n\" >Uzbekist\u00e1n<\/option><option value=\"Vanuatu\" >Vanuatu<\/option><option value=\"Rep\u00fablica Bolivariana de Venezuela\" >Rep\u00fablica Bolivariana de Venezuela<\/option><option value=\"Vietnam\" >Vietnam<\/option><option value=\"Islas V\u00edrgenes Brit\u00e1nicas\" >Islas V\u00edrgenes Brit\u00e1nicas<\/option><option value=\"Islas V\u00edrgenes, EE.UU.\" >Islas V\u00edrgenes, EE.UU.<\/option><option value=\"Wallis y Futuna\" >Wallis y Futuna<\/option><option value=\"Sahara Occidental\" >Sahara Occidental<\/option><option value=\"Yemen\" >Yemen<\/option><option value=\"Zambia\" >Zambia<\/option><option value=\"Zimbabwe\" >Zimbabwe<\/option><\/select><\/div><\/div><div  id=\"um_field_29550_ciudad\" class=\"um-field um-field-text  um-field-ciudad um-field-text um-field-type_text\" data-key=\"ciudad\"><div class=\"um-field-label\"><label for=\"ciudad-29550\">City<span class=\"um-req\" title=\"Required\">*<\/span><\/label><div class=\"um-clear\"><\/div><\/div><div class=\"um-field-area\"><input  autocomplete=\"off\" class=\"um-form-field valid\" type=\"text\" name=\"ciudad-29550\" id=\"ciudad-29550\" value=\"\" placeholder=\"\" data-validate=\"\" data-key=\"ciudad\"  aria-invalid=\"false\" \/>\n\n\t\t\t\t\t\t<\/div><\/div><div  id=\"um_field_29550_estado\" class=\"um-field um-field-text  um-field-estado um-field-text um-field-type_text\" data-key=\"estado\"><div class=\"um-field-label\"><label for=\"estado-29550\">State<span class=\"um-req\" title=\"Required\">*<\/span><\/label><div class=\"um-clear\"><\/div><\/div><div class=\"um-field-area\"><input  autocomplete=\"off\" class=\"um-form-field valid\" type=\"text\" name=\"estado-29550\" id=\"estado-29550\" value=\"\" placeholder=\"\" data-validate=\"\" data-key=\"estado\"  aria-invalid=\"false\" \/>\n\n\t\t\t\t\t\t<\/div><\/div><div  id=\"um_field_29550_facebook\" class=\"um-field um-field-url  um-field-facebook um-field-url um-field-type_url\" data-key=\"facebook\"><div class=\"um-field-label\"><div class=\"um-field-label-icon\"><i class=\"fab fa-facebook-f\" aria-label=\"Facebook\"><\/i><\/div><label for=\"facebook-29550\">Facebook<\/label><div class=\"um-clear\"><\/div><\/div><div class=\"um-field-area\"><input    class=\"um-form-field valid not-required\" type=\"text\" name=\"facebook-29550\" id=\"facebook-29550\" value=\"\" placeholder=\"\" data-validate=\"facebook_url\" data-key=\"facebook\"  aria-invalid=\"false\" \/>\n\n\t\t\t\t\t\t<\/div><\/div><div  id=\"um_field_29550_instagram\" class=\"um-field um-field-url  um-field-instagram um-field-url um-field-type_url\" data-key=\"instagram\"><div class=\"um-field-label\"><div class=\"um-field-label-icon\"><i class=\"fab fa-instagram\" aria-label=\"Instagram\"><\/i><\/div><label for=\"instagram-29550\">Instagram<\/label><div class=\"um-clear\"><\/div><\/div><div class=\"um-field-area\"><input    class=\"um-form-field valid not-required\" type=\"text\" name=\"instagram-29550\" id=\"instagram-29550\" value=\"\" placeholder=\"\" data-validate=\"instagram_url\" data-key=\"instagram\"  aria-invalid=\"false\" \/>\n\n\t\t\t\t\t\t<\/div><\/div><div  id=\"um_field_29550_user_login\" class=\"um-field um-field-text  um-field-user_login um-field-text um-field-type_text\" data-key=\"user_login\"><div class=\"um-field-label\"><label for=\"user_login-29550\">Nombre de Usuario<span class=\"um-req\" title=\"Required\">*<\/span><\/label><div class=\"um-clear\"><\/div><\/div><div class=\"um-field-area\"><input  autocomplete=\"off\" class=\"um-form-field valid\" type=\"text\" name=\"user_login-29550\" id=\"user_login-29550\" value=\"\" placeholder=\"\" data-validate=\"unique_username\" data-key=\"user_login\"  aria-invalid=\"false\" \/>\n\n\t\t\t\t\t\t<\/div><\/div><div  id=\"um_field_29550_user_password\" class=\"um-field um-field-password  um-field-user_password um-field-password um-field-type_password\" data-key=\"user_password\"><div class=\"um-field-label\"><label for=\"user_password-29550\">Contrase\u00f1a<span class=\"um-req\" title=\"Required\">*<\/span><\/label><div class=\"um-clear\"><\/div><\/div><div class=\"um-field-area\"><input class=\"um-form-field valid\" type=\"password\" name=\"user_password-29550\" id=\"user_password-29550\" value=\"\" placeholder=\"\" data-validate=\"\" data-key=\"user_password\"  aria-invalid=\"false\" \/>\n\n\t\t\t\t\t\t\t<\/div><\/div><div  id=\"um_field_29550_confirm_user_password\" class=\"um-field um-field-password  um-field-user_password um-field-password um-field-type_password\" data-key=\"confirm_user_password\"><div class=\"um-field-label\"><label for=\"confirm_user_password-29550\">Confirm Contrase\u00f1a<span class=\"um-req\" title=\"Required\">*<\/span><\/label><div class=\"um-clear\"><\/div><\/div><div class=\"um-field-area\"><input class=\"um-form-field valid\" type=\"password\" name=\"confirm_user_password-29550\" id=\"confirm_user_password-29550\" value=\"\" placeholder=\"Confirm Contrase\u00f1a\" data-validate=\"\" data-key=\"confirm_user_password\"  aria-invalid=\"false\" \/><\/div><\/div><\/div><\/div>\n<!-- This file should primarily consist of HTML with a little bit of PHP. -->\n<div class=\"um-field um-field-type_terms_conditions\" data-key=\"use_terms_conditions_agreement\" style=\"display:block;padding:0;\">\n\t<div class=\"um-field-area\">\n\t\t<div class=\"um-gdpr-content\" style=\"display:none;\">\n\t\t\t\t\t<\/div>\n\t\t<a href=\"javascript:void(0);\" class=\"um-toggle-gdpr\" data-toggle-state=\"hidden\"\n\t\t\tdata-toggle-show=\"Desplegar Aviso\"\n\t\t\tdata-toggle-hide=\"Ocultar Aviso\">\n\t\t\tDesplegar Aviso\t\t<\/a>\n\t<\/div>\n\t<div class=\"um-field-area\">\n\t\t<label class=\"um-field-checkbox\">\n\t\t\t<input type=\"checkbox\" name=\"use_gdpr_agreement\" value=\"1\">\n\t\t\t<span class=\"um-field-checkbox-state\"><i class=\"um-icon-android-checkbox-outline-blank\"><\/i><\/span>\n\t\t\t<span class=\"um-field-checkbox-option\">Estoy de acuerdo con la pol\u00edtica de privacidad.<\/span>\n\t\t<\/label>\n\t\t<div class=\"um-clear\"><\/div>\n\t\t\t\t<div class=\"um-clear\"><\/div>\n\t<\/div>\n<\/div>\n\t<input type=\"hidden\" name=\"form_id\" id=\"form_id_29550\" value=\"29550\" \/>\n\t\t<p class=\"um_request_name\">\n\t\t<label for=\"um_request_29550\">Only fill in if you are not human<\/label>\n\t\t<input type=\"hidden\" name=\"um_request\" id=\"um_request_29550\" class=\"input\" value=\"\" size=\"25\" autocomplete=\"off\" \/>\n\t<\/p>\n\t<input type=\"hidden\" id=\"_wpnonce\" name=\"_wpnonce\" value=\"ea7463118b\" \/><input type=\"hidden\" name=\"_wp_http_referer\" value=\"\/en\/wp-json\/wp\/v2\/pages\/33540\" \/>\n<div class=\"g-recaptcha\" id=\"um-29550\" data-mode=\"register\"><\/div>\n\n\n\t<div class=\"um-col-alt\">\n\n\t\t\n\t\t\t<div class=\"um-left um-half\">\n\t\t\t\t<input type=\"submit\" value=\"Registro\" class=\"um-button\" id=\"um-submit-btn\" \/>\n\t\t\t<\/div>\n\t\t\t<div class=\"um-right um-half\">\n\t\t\t\t<a href=\"https:\/\/lacarrerapanamericana.com.mx\/en\/login\/\" class=\"um-button um-alt\">\n\t\t\t\t\tIniciar sesi\u00f3n\t\t\t\t<\/a>\n\t\t\t<\/div>\n\n\t\t\n\t\t<div class=\"um-clear\"><\/div>\n\n\t<\/div>\n\n\t\t\t<input type=\"hidden\" name=\"trp-form-language\" value=\"en\"\/><\/form>\n\t<\/div>\n<\/div>\n<style>\n\t\t\t.um-29550.um {\n\t\t\tmax-width: 450px;\n\t\t}\n\t\t<\/style>","protected":false},"excerpt":{"rendered":"Nombre* Apellidos* Direcci\u00f3n de correo electr\u00f3nico* Fecha de nacimiento Pa\u00eds*Afganist\u00e1nIslas \u00c5landAlbaniaArgeliaSamoaAndorraAngolaAnguillaAnt\u00e1rticaAntigua y BarbudaArgentinaArmeniaArubaAustraliaAustriaAzerbaiy\u00e1nBahamasBar\u00e9inBanglad\u00e9sBarbadosBielorrusiaB\u00e9lgicaBeliceBen\u00ednBermudaBut\u00e1nBoliviaBosnia y HerzegovinaBotsuanaIsla BouvetBrasilTerritorio Brit\u00e1nico del Oc\u00e9ano \u00cdndicoBrunei DarussalamBulgariaBurkina FasoBurundiCamboyaCamer\u00fanCanad\u00e1Cabo VerdeIslas Caim\u00e1nRep\u00fablica CentroafricanaChadChileChinaIslas ChristmasIslas (Keeling) CocosColombiaComorasCongoRep\u00fablica Democr\u00e1tica del CongoIslas CookCosta RicaCosta de MarfilCroaciaCubaChipreRep\u00fablica ChecaDinamarcaYibutiDominicaRepublica DominicanaEcuadorEgiptoEl SalvadorGuinea EcuatorialEritreaEstoniaEtiop\u00edaIslas MalvinasIslas FeroeFijiFinlandiaFranciaGuyana FrancesaPolinesia FrancesaTerritorios Franceses del SurGab\u00f3nGambiaGeorgiaAlemaniaGhanaGibraltarGreciaGroenlandiaGrenadaGuadalupeGuamGuatemalaGuernseyGuineaGuinea BissauGuyanaHait\u00edIslas Heard y McDonaldSanta Sede (Estado Ciudad del Vaticano)HondurasHong [...]","protected":false},"author":1,"featured_media":2843,"parent":0,"menu_order":0,"comment_status":"closed","ping_status":"closed","template":"","meta":{"footnotes":""},"class_list":["post-33540","page","type-page","status-publish","has-post-thumbnail","hentry"],"_links":{"self":[{"href":"https:\/\/lacarrerapanamericana.com.mx\/en\/wp-json\/wp\/v2\/pages\/33540","targetHints":{"allow":["GET"]}}],"collection":[{"href":"https:\/\/lacarrerapanamericana.com.mx\/en\/wp-json\/wp\/v2\/pages"}],"about":[{"href":"https:\/\/lacarrerapanamericana.com.mx\/en\/wp-json\/wp\/v2\/types\/page"}],"author":[{"embeddable":true,"href":"https:\/\/lacarrerapanamericana.com.mx\/en\/wp-json\/wp\/v2\/users\/1"}],"replies":[{"embeddable":true,"href":"https:\/\/lacarrerapanamericana.com.mx\/en\/wp-json\/wp\/v2\/comments?post=33540"}],"version-history":[{"count":1,"href":"https:\/\/lacarrerapanamericana.com.mx\/en\/wp-json\/wp\/v2\/pages\/33540\/revisions"}],"predecessor-version":[{"id":46111,"href":"https:\/\/lacarrerapanamericana.com.mx\/en\/wp-json\/wp\/v2\/pages\/33540\/revisions\/46111"}],"wp:featuredmedia":[{"embeddable":true,"href":"https:\/\/lacarrerapanamericana.com.mx\/en\/wp-json\/wp\/v2\/media\/2843"}],"wp:attachment":[{"href":"https:\/\/lacarrerapanamericana.com.mx\/en\/wp-json\/wp\/v2\/media?parent=33540"}],"curies":[{"name":"wp","href":"https:\/\/api.w.org\/{rel}","templated":true}]}}