{"id":37856,"date":"2025-07-16T16:36:11","date_gmt":"2025-07-16T22:36:11","guid":{"rendered":"https:\/\/lacarrerapanamericana.com.mx\/?page_id=37856"},"modified":"2026-01-22T16:35:09","modified_gmt":"2026-01-22T22:35:09","slug":"registro-lcp","status":"publish","type":"page","link":"https:\/\/lacarrerapanamericana.com.mx\/en\/registro-lcp\/","title":{"rendered":"LCP Registration"},"content":{"rendered":"<section class=\"wpb-content-wrapper\"><div class=\"vc_row wpb_row vc_row-fluid vc_custom_1752186707398\"><div class=\"wpb_column vc_column_container vc_col-sm-12 vc_col-lg-12 vc_col-md-12 vc_col-xs-12\"><div class=\"vc_column-inner\"><div class=\"wpb_wrapper\"><div class=\"vc_row wpb_row vc_inner vc_row-fluid vc_column-gap-20 vc_row-o-equal-height vc_row-flex\"><div class=\"wpb_column vc_column_container vc_col-sm-12\"><div class=\"vc_column-inner\"><div class=\"wpb_wrapper\">\n<div class=\"wpcf7 no-js\" id=\"wpcf7-f18561-o1\" lang=\"es-ES\" dir=\"ltr\" data-wpcf7-id=\"18561\">\n<div class=\"screen-reader-response\"><p role=\"status\" aria-live=\"polite\" aria-atomic=\"true\"><\/p> <ul><\/ul><\/div>\n<form action=\"\/en\/wp-json\/wp\/v2\/pages\/37856#wpcf7-f18561-o1\" method=\"post\" class=\"wpcf7-form init wpcf7-acceptance-as-validation\" aria-label=\"Formulario de contacto\" enctype=\"multipart\/form-data\" novalidate=\"novalidate\" data-status=\"init\" data-trp-original-action=\"\/en\/wp-json\/wp\/v2\/pages\/37856#wpcf7-f18561-o1\">\n<fieldset class=\"hidden-fields-container\"><input type=\"hidden\" name=\"_wpcf7\" value=\"18561\" \/><input type=\"hidden\" name=\"_wpcf7_version\" value=\"6.1.5\" \/><input type=\"hidden\" name=\"_wpcf7_locale\" value=\"es_ES\" \/><input type=\"hidden\" name=\"_wpcf7_unit_tag\" value=\"wpcf7-f18561-o1\" \/><input type=\"hidden\" name=\"_wpcf7_container_post\" value=\"0\" \/><input type=\"hidden\" name=\"_wpcf7_posted_data_hash\" value=\"\" \/><input type=\"hidden\" name=\"_wpcf7_recaptcha_response\" value=\"\" \/>\n<\/fieldset>\n<div id=\"responsive-form\" class=\"niva-contact\">\n\t<p><em><br \/>\n<span style=\"color:#b30227; font-size: 14px;\">\u2022 Campos obligatorios<\/span><br \/>\n<\/em>\n\t<\/p>\n\t<h2>PILOTO\n\t<\/h2>\n\t<div class=\"form-row\">\n\t\t<div class=\"column-full\">\n\t\t\t<p>Piloto - Nombre(s)<span style=\"color:#b30227;\">\u2022<\/span><span class=\"wpcf7-form-control-wrap\" data-name=\"nombre-piloto\"><input size=\"40\" maxlength=\"400\" class=\"wpcf7-form-control wpcf7-text wpcf7-validates-as-required\" aria-required=\"true\" aria-invalid=\"false\" value=\"\" type=\"text\" name=\"nombre-piloto\" \/><\/span>\n\t\t\t<\/p>\n\t\t<\/div>\n\t<\/div>\n\t<div class=\"form-row\">\n\t\t<div class=\"column-half\">\n\t\t\t<p>Piloto - Apellido paterno<span style=\"color:#b30227;\">\u2022<\/span><span class=\"wpcf7-form-control-wrap\" data-name=\"apellido-paterno-piloto\"><input size=\"40\" maxlength=\"400\" class=\"wpcf7-form-control wpcf7-text wpcf7-validates-as-required\" aria-required=\"true\" aria-invalid=\"false\" value=\"\" type=\"text\" name=\"apellido-paterno-piloto\" \/><\/span>\n\t\t\t<\/p>\n\t\t<\/div>\n\t\t<div class=\"column-half\">\n\t\t\t<p>Piloto - Apellido materno<span style=\"color:#b30227;\">\u2022<\/span><span class=\"wpcf7-form-control-wrap\" data-name=\"apellido-materno-piloto\"><input size=\"40\" maxlength=\"400\" class=\"wpcf7-form-control wpcf7-text wpcf7-validates-as-required\" aria-required=\"true\" aria-invalid=\"false\" value=\"\" type=\"text\" name=\"apellido-materno-piloto\" \/><\/span>\n\t\t\t<\/p>\n\t\t<\/div>\n\t<\/div>\n\t<div class=\"form-row\">\n\t\t<div class=\"column-half\">\n\t\t\t<p>N\u00famero de licencia deportiva<span style=\"color:#b30227;\">\u2022<\/span><span class=\"wpcf7-form-control-wrap\" data-name=\"licencia-deportiva-piloto\"><input size=\"40\" maxlength=\"400\" class=\"wpcf7-form-control wpcf7-text wpcf7-validates-as-required\" aria-required=\"true\" aria-invalid=\"false\" value=\"\" type=\"text\" name=\"licencia-deportiva-piloto\" \/><\/span>\n\t\t\t<\/p>\n\t\t<\/div>\n\t\t<div class=\"column-half\">\n\t\t\t<p>Country<span style=\"color:#b30227;\">\u2022<\/span><span class=\"wpcf7-form-control-wrap\" data-name=\"pais-piloto\"><input size=\"40\" maxlength=\"400\" class=\"wpcf7-form-control wpcf7-text wpcf7-validates-as-required\" aria-required=\"true\" aria-invalid=\"false\" value=\"\" type=\"text\" name=\"pais-piloto\" \/><\/span>\n\t\t\t<\/p>\n\t\t<\/div>\n\t<\/div>\n\t<div class=\"form-row\">\n\t\t<div class=\"column-half\">\n\t\t\t<p>Nacionalidad<span style=\"color:#b30227;\">\u2022<\/span><span class=\"wpcf7-form-control-wrap\" data-name=\"nacionalidad-piloto\"><input size=\"40\" maxlength=\"400\" class=\"wpcf7-form-control wpcf7-text wpcf7-validates-as-required\" aria-required=\"true\" aria-invalid=\"false\" value=\"\" type=\"text\" name=\"nacionalidad-piloto\" \/><\/span>\n\t\t\t<\/p>\n\t\t<\/div>\n\t\t<div class=\"column-half\">\n\t\t\t<p>Tipo de sangre<span style=\"color:#b30227;\">\u2022<\/span><span class=\"wpcf7-form-control-wrap\" data-name=\"tipo-de-sangre-piloto\"><input size=\"40\" maxlength=\"400\" class=\"wpcf7-form-control wpcf7-text wpcf7-validates-as-required\" aria-required=\"true\" aria-invalid=\"false\" value=\"\" type=\"text\" name=\"tipo-de-sangre-piloto\" \/><\/span>\n\t\t\t<\/p>\n\t\t<\/div>\n\t<\/div>\n\t<div class=\"form-row\">\n\t\t<div class=\"column-full\">\n\t\t\t<p>Talla de chamarra\/playera<span style=\"color:#b30227;\">\u2022<\/span><span class=\"wpcf7-form-control-wrap\" data-name=\"talla-piloto\"><span class=\"wpcf7-form-control wpcf7-radio\"><span class=\"wpcf7-list-item first\"><label><input type=\"radio\" name=\"talla-piloto\" value=\"CH\" checked=\"checked\" \/><span class=\"wpcf7-list-item-label\">CH<\/span><\/label><\/span><span class=\"wpcf7-list-item\"><label><input type=\"radio\" name=\"talla-piloto\" value=\"M\" \/><span class=\"wpcf7-list-item-label\">M<\/span><\/label><\/span><span class=\"wpcf7-list-item\"><label><input type=\"radio\" name=\"talla-piloto\" value=\"G\" \/><span class=\"wpcf7-list-item-label\">G<\/span><\/label><\/span><span class=\"wpcf7-list-item\"><label><input type=\"radio\" name=\"talla-piloto\" value=\"XG\" \/><span class=\"wpcf7-list-item-label\">XG<\/span><\/label><\/span><span class=\"wpcf7-list-item last\"><label><input type=\"radio\" name=\"talla-piloto\" value=\"XXG\" \/><span class=\"wpcf7-list-item-label\">XXG<\/span><\/label><\/span><\/span><\/span>\n\t\t\t<\/p>\n\t\t<\/div>\n\t<\/div>\n\t<div class=\"form-row\">\n\t\t<div class=\"column-half\">\n\t\t\t<p>Fecha de nacimiento<span style=\"color:#b30227;\">\u2022<\/span><span class=\"wpcf7-form-control-wrap\" data-name=\"fecha-nacimiento-piloto\"><input size=\"40\" maxlength=\"400\" class=\"wpcf7-form-control wpcf7-text wpcf7-validates-as-required\" aria-required=\"true\" aria-invalid=\"false\" value=\"\" type=\"text\" name=\"fecha-nacimiento-piloto\" \/><\/span>\n\t\t\t<\/p>\n\t\t<\/div>\n\t\t<div class=\"column-half\">\n\t\t\t<p>WhatsApp<span style=\"color:#b30227;\">\u2022<\/span><span class=\"wpcf7-form-control-wrap\" data-name=\"whatsapp-piloto\"><input size=\"40\" maxlength=\"400\" class=\"wpcf7-form-control wpcf7-text wpcf7-validates-as-required\" aria-required=\"true\" aria-invalid=\"false\" value=\"\" type=\"text\" name=\"whatsapp-piloto\" \/><\/span>\n\t\t\t<\/p>\n\t\t<\/div>\n\t<\/div>\n\t<div class=\"form-row\">\n\t\t<div class=\"column-half\">\n\t\t\t<p>Tel\u00e9fono de emergencias<span class=\"wpcf7-form-control-wrap\" data-name=\"telefono-emergencias-piloto\"><input size=\"40\" maxlength=\"400\" class=\"wpcf7-form-control wpcf7-text\" aria-invalid=\"false\" value=\"\" type=\"text\" name=\"telefono-emergencias-piloto\" \/><\/span>\n\t\t\t<\/p>\n\t\t<\/div>\n\t\t<div class=\"column-half\">\n\t\t\t<p>Alergias<span class=\"wpcf7-form-control-wrap\" data-name=\"alergias-piloto\"><input size=\"40\" maxlength=\"400\" class=\"wpcf7-form-control wpcf7-text\" aria-invalid=\"false\" value=\"\" type=\"text\" name=\"alergias-piloto\" \/><\/span>\n\t\t\t<\/p>\n\t\t<\/div>\n\t<\/div>\n\t<div class=\"form-row\">\n\t\t<div class=\"column-half\">\n\t\t\t<p>Correo Electr\u00f3nico<span style=\"color:#b30227;\">\u2022<\/span><span class=\"wpcf7-form-control-wrap\" data-name=\"correo-piloto\"><input size=\"40\" maxlength=\"400\" class=\"wpcf7-form-control wpcf7-email wpcf7-validates-as-required wpcf7-text wpcf7-validates-as-email\" aria-required=\"true\" aria-invalid=\"false\" value=\"\" type=\"email\" name=\"correo-piloto\" \/><\/span>\n\t\t\t<\/p>\n\t\t<\/div>\n\t\t<div class=\"column-half\">\n\t\t\t<p>Instagram del Piloto<span class=\"wpcf7-form-control-wrap\" data-name=\"instagram-piloto\"><input size=\"40\" maxlength=\"400\" class=\"wpcf7-form-control wpcf7-text\" aria-invalid=\"false\" value=\"\" type=\"text\" name=\"instagram-piloto\" \/><\/span>\n\t\t\t<\/p>\n\t\t<\/div>\n\t<\/div>\n\t<div class=\"form-row\">\n\t\t<div class=\"column-full\">\n\t\t\t<p>Cu\u00e9ntanos sobre tu experiencia en las carreras<span style=\"color:#b30227;\">\u2022<\/span><span class=\"wpcf7-form-control-wrap\" data-name=\"experiencia-piloto\"><textarea cols=\"40\" rows=\"10\" maxlength=\"2000\" class=\"wpcf7-form-control wpcf7-textarea wpcf7-validates-as-required\" aria-required=\"true\" aria-invalid=\"false\" name=\"experiencia-piloto\"><\/textarea><\/span>\n\t\t\t<\/p>\n\t\t<\/div>\n\t<\/div>\n\t<div class=\"form-row\">\n\t\t<div class=\"column-full\">\n\t\t\t<p>*Foto de frente (tipo pasaporte) <span style=\"color:#b30227;\">\u2022<\/span><br \/>\n(jpg, jpeg, png, gif)<br \/>\n<span class=\"wpcf7-form-control-wrap\" data-name=\"foto-piloto\"><input size=\"40\" class=\"wpcf7-form-control wpcf7-file wpcf7-validates-as-required\" accept=\".jpg,.jpeg,.png,.gif\" aria-required=\"true\" aria-invalid=\"false\" type=\"file\" name=\"foto-piloto\" \/><\/span><br \/>\n\t\t\t<\/p>\n\t\t<\/div>\n\t<\/div>\n\t<h2>COPILOTO\n\t<\/h2>\n\t<div class=\"form-row\">\n\t\t<div class=\"column-full\">\n\t\t\t<p>Copiloto - Nombre(s)<span style=\"color:#b30227;\">\u2022<\/span><span class=\"wpcf7-form-control-wrap\" data-name=\"nombre-copiloto\"><input size=\"40\" maxlength=\"400\" class=\"wpcf7-form-control wpcf7-text wpcf7-validates-as-required\" aria-required=\"true\" aria-invalid=\"false\" value=\"\" type=\"text\" name=\"nombre-copiloto\" \/><\/span>\n\t\t\t<\/p>\n\t\t<\/div>\n\t<\/div>\n\t<div class=\"form-row\">\n\t\t<div class=\"column-half\">\n\t\t\t<p>Copiloto - Apellido paterno<span style=\"color:#b30227;\">\u2022<\/span><span class=\"wpcf7-form-control-wrap\" data-name=\"apellido-paterno-copiloto\"><input size=\"40\" maxlength=\"400\" class=\"wpcf7-form-control wpcf7-text wpcf7-validates-as-required\" aria-required=\"true\" aria-invalid=\"false\" value=\"\" type=\"text\" name=\"apellido-paterno-copiloto\" \/><\/span>\n\t\t\t<\/p>\n\t\t<\/div>\n\t\t<div class=\"column-half\">\n\t\t\t<p>Copiloto - Apellido materno<span style=\"color:#b30227;\">\u2022<\/span><span class=\"wpcf7-form-control-wrap\" data-name=\"apellido-materno-copiloto\"><input size=\"40\" maxlength=\"400\" class=\"wpcf7-form-control wpcf7-text wpcf7-validates-as-required\" aria-required=\"true\" aria-invalid=\"false\" value=\"\" type=\"text\" name=\"apellido-materno-copiloto\" \/><\/span>\n\t\t\t<\/p>\n\t\t<\/div>\n\t<\/div>\n\t<div class=\"form-row\">\n\t\t<div class=\"column-half\">\n\t\t\t<p>N\u00famero de licencia deportiva<span style=\"color:#b30227;\">\u2022<\/span><span class=\"wpcf7-form-control-wrap\" data-name=\"licencia-deportiva-copiloto\"><input size=\"40\" maxlength=\"400\" class=\"wpcf7-form-control wpcf7-text wpcf7-validates-as-required\" aria-required=\"true\" aria-invalid=\"false\" value=\"\" type=\"text\" name=\"licencia-deportiva-copiloto\" \/><\/span>\n\t\t\t<\/p>\n\t\t<\/div>\n\t\t<div class=\"column-half\">\n\t\t\t<p>Country<span style=\"color:#b30227;\">\u2022<\/span><span class=\"wpcf7-form-control-wrap\" data-name=\"pais-copiloto\"><input size=\"40\" maxlength=\"400\" class=\"wpcf7-form-control wpcf7-text wpcf7-validates-as-required\" aria-required=\"true\" aria-invalid=\"false\" value=\"\" type=\"text\" name=\"pais-copiloto\" \/><\/span>\n\t\t\t<\/p>\n\t\t<\/div>\n\t<\/div>\n\t<div class=\"form-row\">\n\t\t<div class=\"column-half\">\n\t\t\t<p>Nacionalidad<span style=\"color:#b30227;\">\u2022<\/span><span class=\"wpcf7-form-control-wrap\" data-name=\"nacionalidad-copiloto\"><input size=\"40\" maxlength=\"400\" class=\"wpcf7-form-control wpcf7-text wpcf7-validates-as-required\" aria-required=\"true\" aria-invalid=\"false\" value=\"\" type=\"text\" name=\"nacionalidad-copiloto\" \/><\/span>\n\t\t\t<\/p>\n\t\t<\/div>\n\t\t<div class=\"column-half\">\n\t\t\t<p>Tipo de sangre<span style=\"color:#b30227;\">\u2022<\/span><span class=\"wpcf7-form-control-wrap\" data-name=\"tipo-de-sangre-copiloto\"><input size=\"40\" maxlength=\"400\" class=\"wpcf7-form-control wpcf7-text wpcf7-validates-as-required\" aria-required=\"true\" aria-invalid=\"false\" value=\"\" type=\"text\" name=\"tipo-de-sangre-copiloto\" \/><\/span>\n\t\t\t<\/p>\n\t\t<\/div>\n\t<\/div>\n\t<div class=\"form-row\">\n\t\t<div class=\"column-full\">\n\t\t\t<p>Talla de chamarra\/playera<span style=\"color:#b30227;\">\u2022<\/span><span class=\"wpcf7-form-control-wrap\" data-name=\"talla-copiloto\"><span class=\"wpcf7-form-control wpcf7-radio\"><span class=\"wpcf7-list-item first\"><label><input type=\"radio\" name=\"talla-copiloto\" value=\"CH\" checked=\"checked\" \/><span class=\"wpcf7-list-item-label\">CH<\/span><\/label><\/span><span class=\"wpcf7-list-item\"><label><input type=\"radio\" name=\"talla-copiloto\" value=\"M\" \/><span class=\"wpcf7-list-item-label\">M<\/span><\/label><\/span><span class=\"wpcf7-list-item\"><label><input type=\"radio\" name=\"talla-copiloto\" value=\"G\" \/><span class=\"wpcf7-list-item-label\">G<\/span><\/label><\/span><span class=\"wpcf7-list-item\"><label><input type=\"radio\" name=\"talla-copiloto\" value=\"XG\" \/><span class=\"wpcf7-list-item-label\">XG<\/span><\/label><\/span><span class=\"wpcf7-list-item last\"><label><input type=\"radio\" name=\"talla-copiloto\" value=\"XXG\" \/><span class=\"wpcf7-list-item-label\">XXG<\/span><\/label><\/span><\/span><\/span>\n\t\t\t<\/p>\n\t\t<\/div>\n\t<\/div>\n\t<div class=\"form-row\">\n\t\t<div class=\"column-half\">\n\t\t\t<p>Fecha de nacimiento<span style=\"color:#b30227;\">\u2022<\/span><span class=\"wpcf7-form-control-wrap\" data-name=\"fecha-nacimiento-copiloto\"><input size=\"40\" maxlength=\"400\" class=\"wpcf7-form-control wpcf7-text wpcf7-validates-as-required\" aria-required=\"true\" aria-invalid=\"false\" value=\"\" type=\"text\" name=\"fecha-nacimiento-copiloto\" \/><\/span>\n\t\t\t<\/p>\n\t\t<\/div>\n\t\t<div class=\"column-half\">\n\t\t\t<p>WhatsApp<span style=\"color:#b30227;\">\u2022<\/span><span class=\"wpcf7-form-control-wrap\" data-name=\"whatsapp-copiloto\"><input size=\"40\" maxlength=\"400\" class=\"wpcf7-form-control wpcf7-text wpcf7-validates-as-required\" aria-required=\"true\" aria-invalid=\"false\" value=\"\" type=\"text\" name=\"whatsapp-copiloto\" \/><\/span>\n\t\t\t<\/p>\n\t\t<\/div>\n\t<\/div>\n\t<div class=\"form-row\">\n\t\t<div class=\"column-half\">\n\t\t\t<p>Tel\u00e9fono de emergencias<span class=\"wpcf7-form-control-wrap\" data-name=\"telefono-emergencias-copiloto\"><input size=\"40\" maxlength=\"400\" class=\"wpcf7-form-control wpcf7-text\" aria-invalid=\"false\" value=\"\" type=\"text\" name=\"telefono-emergencias-copiloto\" \/><\/span>\n\t\t\t<\/p>\n\t\t<\/div>\n\t\t<div class=\"column-half\">\n\t\t\t<p>Alergias<span class=\"wpcf7-form-control-wrap\" data-name=\"alergias-copiloto\"><input size=\"40\" maxlength=\"400\" class=\"wpcf7-form-control wpcf7-text\" aria-invalid=\"false\" value=\"\" type=\"text\" name=\"alergias-copiloto\" \/><\/span>\n\t\t\t<\/p>\n\t\t<\/div>\n\t<\/div>\n\t<div class=\"form-row\">\n\t\t<div class=\"column-half\">\n\t\t\t<p>Correo Electr\u00f3nico<span style=\"color:#b30227;\">\u2022<\/span><span class=\"wpcf7-form-control-wrap\" data-name=\"correo-copiloto\"><input size=\"40\" maxlength=\"400\" class=\"wpcf7-form-control wpcf7-email wpcf7-validates-as-required wpcf7-text wpcf7-validates-as-email\" aria-required=\"true\" aria-invalid=\"false\" value=\"\" type=\"email\" name=\"correo-copiloto\" \/><\/span>\n\t\t\t<\/p>\n\t\t<\/div>\n\t\t<div class=\"column-half\">\n\t\t\t<p>Instagram del Copiloto<span class=\"wpcf7-form-control-wrap\" data-name=\"instagram-copiloto\"><input size=\"40\" maxlength=\"400\" class=\"wpcf7-form-control wpcf7-text\" aria-invalid=\"false\" value=\"\" type=\"text\" name=\"instagram-copiloto\" \/><\/span>\n\t\t\t<\/p>\n\t\t<\/div>\n\t<\/div>\n\t<div class=\"form-row\">\n\t\t<div class=\"column-full\">\n\t\t\t<p>Cu\u00e9ntanos sobre tu experiencia en las carreras<span style=\"color:#b30227;\">\u2022<\/span><span class=\"wpcf7-form-control-wrap\" data-name=\"experiencia-copiloto\"><textarea cols=\"40\" rows=\"10\" maxlength=\"2000\" class=\"wpcf7-form-control wpcf7-textarea wpcf7-validates-as-required\" aria-required=\"true\" aria-invalid=\"false\" name=\"experiencia-copiloto\"><\/textarea><\/span>\n\t\t\t<\/p>\n\t\t<\/div>\n\t<\/div>\n\t<div class=\"form-row\">\n\t\t<div class=\"column-full\">\n\t\t\t<p>*Foto de frente (tipo pasaporte) <span style=\"color:#b30227;\">\u2022<\/span><br \/>\n(jpg, jpeg, png, gif)<br \/>\n<span class=\"wpcf7-form-control-wrap\" data-name=\"foto-copiloto\"><input size=\"40\" class=\"wpcf7-form-control wpcf7-file wpcf7-validates-as-required\" accept=\".jpg,.jpeg,.png,.gif\" aria-required=\"true\" aria-invalid=\"false\" type=\"file\" name=\"foto-copiloto\" \/><\/span><br \/>\n\t\t\t<\/p>\n\t\t<\/div>\n\t<\/div>\n\t<h2>AUTO\n\t<\/h2>\n\t<p><em><span style=\"font-size: 14px;\">* Informaci\u00f3n entre par\u00e9ntesis denota carro alternativo como si el auto a registrar esta actualmente en reparaci\u00f3n.<\/span><br \/>\n<\/em>\n\t<\/p>\n\t<div class=\"form-row\">\n\t\t<div class=\"column-half\">\n\t\t\t<p>Marca <span style=\"color:#b30227;\">\u2022<\/span><span class=\"wpcf7-form-control-wrap\" data-name=\"auto-marca\"><input size=\"40\" maxlength=\"400\" class=\"wpcf7-form-control wpcf7-text wpcf7-validates-as-required\" aria-required=\"true\" aria-invalid=\"false\" value=\"\" type=\"text\" name=\"auto-marca\" \/><\/span>\n\t\t\t<\/p>\n\t\t<\/div>\n\t\t<div class=\"column-half\">\n\t\t\t<p>Modelo<span style=\"color:#b30227;\">\u2022<\/span><span class=\"wpcf7-form-control-wrap\" data-name=\"auto-modelo\"><input size=\"40\" maxlength=\"400\" class=\"wpcf7-form-control wpcf7-text wpcf7-validates-as-required\" aria-required=\"true\" aria-invalid=\"false\" value=\"\" type=\"text\" name=\"auto-modelo\" \/><\/span>\n\t\t\t<\/p>\n\t\t<\/div>\n\t<\/div>\n\t<div class=\"form-row\">\n\t\t<div class=\"column-half\">\n\t\t\t<p>A\u00f1o<span style=\"color:#b30227;\">\u2022<\/span><span class=\"wpcf7-form-control-wrap\" data-name=\"auto-ano\"><input size=\"40\" maxlength=\"400\" class=\"wpcf7-form-control wpcf7-text wpcf7-validates-as-required\" aria-required=\"true\" aria-invalid=\"false\" value=\"\" type=\"text\" name=\"auto-ano\" \/><\/span>\n\t\t\t<\/p>\n\t\t<\/div>\n\t\t<div class=\"column-half\">\n\t\t\t<p>Categor\u00eda<span style=\"color:#b30227;\">\u2022<\/span><span class=\"wpcf7-form-control-wrap\" data-name=\"auto-categoria\"><input size=\"40\" maxlength=\"400\" class=\"wpcf7-form-control wpcf7-text wpcf7-validates-as-required\" aria-required=\"true\" aria-invalid=\"false\" value=\"\" type=\"text\" name=\"auto-categoria\" \/><\/span>\n\t\t\t<\/p>\n\t\t<\/div>\n\t<\/div>\n\t<div class=\"form-row\">\n\t\t<div class=\"column-full\">\n\t\t\t<p>Fotos del Auto: Foto \u00be delantera, Foto \u00be trasera, Foto del frente, Foto trasera, Foto del motor, Foto de la jaula 1, Foto de la jaula 2<span style=\"color:#b30227;\">\u2022<\/span><br \/>\n(jpg, jpeg, png, gif)<br \/>\n<span class=\"wpcf7-form-control-wrap\" data-name=\"foto-auto\"><input size=\"40\" class=\"wpcf7-form-control wpcf7-drag-n-drop-file d-none\" aria-invalid=\"false\" type=\"file\" multiple=\"multiple\" data-name=\"foto-auto\" data-min=\"1\" data-max=\"15\" data-id=\"18561\" data-version=\"free version 1.3.9.6\" accept=\".\" \/><\/span>\n\t\t\t<\/p>\n\t\t\t<p>*Por favor enviar todas las fotograf\u00edas solicitadas en <strong>alta resoluci\u00f3n.<\/strong><br \/>\n\t\t\t<\/p>\n\t\t<\/div>\n\t<\/div>\n\t<div class=\"form-row\">\n\t\t<div class=\"column-full aceptar\">\n\t\t\t<p><span class=\"wpcf7-form-control-wrap\" data-name=\"aceptacion\"><span class=\"wpcf7-form-control wpcf7-acceptance\"><span class=\"wpcf7-list-item\"><label><input type=\"checkbox\" name=\"aceptacion\" value=\"1\" checked=\"checked\" aria-invalid=\"false\" \/><span class=\"wpcf7-list-item-label\">Acepto el manejo de mi informaci\u00f3n.<\/span><\/label><\/span><\/span><\/span><br \/>\nI declare that I have read, understood and accept the <a href=\"https:\/\/lacarrerapanamericana.com.mx\/en\/aviso-de-privacidad\/\" target=\"_blank\">privacy notice<\/a>, las <a href=\"https:\/\/lacarrerapanamericana.com.mx\/en\/reglamento-lcp\/\" target=\"_blank\">reglas y reglamento<\/a> descritos en este acuerdo como participante en La Carrera Panamericana 2026.<br \/>\n\t\t\t<\/p>\n\t\t<\/div>\n\t<\/div>\n\t<div class=\"form-row\">\n\t\t<div class=\"column-full\">\n\t\t\t<p><input class=\"wpcf7-form-control wpcf7-submit has-spinner\" type=\"submit\" value=\"Send\" \/>\n\t\t\t<\/p>\n\t\t<\/div>\n\t<\/div>\n\t<div class=\"form-row\">\n\t\t<div class=\"column-full\">\n\t\t<div class=\"wpcf7-response-output\" aria-hidden=\"true\"><\/div>\n\t\t<\/div>\n\t<\/div>\n<\/div><div class=\"wpcf7-form-control-wrap maspik-field\">\n                <label for=\"full-name-maspik-hp\" class=\"wpcf7-form-control-label\">Leave this field empty<\/label>\n                <input size=\"1\" type=\"text\" autocomplete=\"off\" aria-hidden=\"true\" tabindex=\"-1\" aria-label=\"Leave this field empty\" name=\"full-name-maspik-hp\" id=\"full-name-maspik-hp\" class=\"wpcf7-form-control wpcf7-text\" placeholder=\"Leave this field empty\">\n            <\/div>\n<input type=\"hidden\" name=\"trp-form-language\" value=\"en\"\/><\/form>\n<\/div>\n<\/div><\/div><\/div><\/div><\/div><\/div><\/div><\/div>\n<\/section>","protected":false},"excerpt":{"rendered":"\u2022 Campos obligatorios PILOTO Piloto - Nombre(s)\u2022 Piloto - Apellido paterno\u2022 Piloto - Apellido materno\u2022 N\u00famero de licencia deportiva\u2022 Pa\u00eds\u2022 Nacionalidad\u2022 Tipo de sangre\u2022 Talla de chamarra\/playera\u2022CHMGXGXXG Fecha de nacimiento\u2022 WhatsApp\u2022 Tel\u00e9fono de emergencias Alergias Correo Electr\u00f3nico\u2022 Instagram del Piloto Cu\u00e9ntanos sobre tu experiencia en las carreras\u2022 *Foto de frente (tipo pasaporte) \u2022 (jpg, jpeg, [...]","protected":false},"author":1,"featured_media":2840,"parent":0,"menu_order":0,"comment_status":"closed","ping_status":"closed","template":"","meta":{"footnotes":""},"class_list":["post-37856","page","type-page","status-publish","has-post-thumbnail","hentry"],"_links":{"self":[{"href":"https:\/\/lacarrerapanamericana.com.mx\/en\/wp-json\/wp\/v2\/pages\/37856","targetHints":{"allow":["GET"]}}],"collection":[{"href":"https:\/\/lacarrerapanamericana.com.mx\/en\/wp-json\/wp\/v2\/pages"}],"about":[{"href":"https:\/\/lacarrerapanamericana.com.mx\/en\/wp-json\/wp\/v2\/types\/page"}],"author":[{"embeddable":true,"href":"https:\/\/lacarrerapanamericana.com.mx\/en\/wp-json\/wp\/v2\/users\/1"}],"replies":[{"embeddable":true,"href":"https:\/\/lacarrerapanamericana.com.mx\/en\/wp-json\/wp\/v2\/comments?post=37856"}],"version-history":[{"count":3,"href":"https:\/\/lacarrerapanamericana.com.mx\/en\/wp-json\/wp\/v2\/pages\/37856\/revisions"}],"predecessor-version":[{"id":45983,"href":"https:\/\/lacarrerapanamericana.com.mx\/en\/wp-json\/wp\/v2\/pages\/37856\/revisions\/45983"}],"wp:featuredmedia":[{"embeddable":true,"href":"https:\/\/lacarrerapanamericana.com.mx\/en\/wp-json\/wp\/v2\/media\/2840"}],"wp:attachment":[{"href":"https:\/\/lacarrerapanamericana.com.mx\/en\/wp-json\/wp\/v2\/media?parent=37856"}],"curies":[{"name":"wp","href":"https:\/\/api.w.org\/{rel}","templated":true}]}}