{"id":37864,"date":"2025-07-16T16:49:01","date_gmt":"2025-07-16T22:49:01","guid":{"rendered":"https:\/\/lacarrerapanamericana.com.mx\/?page_id=37864"},"modified":"2026-01-22T16:35:56","modified_gmt":"2026-01-22T22:35:56","slug":"registro-prensa","status":"publish","type":"page","link":"https:\/\/lacarrerapanamericana.com.mx\/en\/registro-prensa\/","title":{"rendered":"Press Registration"},"content":{"rendered":"<section class=\"wpb-content-wrapper\"><div class=\"vc_row wpb_row vc_row-fluid vc_custom_1752186707398\"><div class=\"wpb_column vc_column_container vc_col-sm-12 vc_col-lg-12 vc_col-md-12 vc_col-xs-12\"><div class=\"vc_column-inner\"><div class=\"wpb_wrapper\"><div class=\"vc_row wpb_row vc_inner vc_row-fluid vc_column-gap-20 vc_row-o-equal-height vc_row-flex\"><div class=\"wpb_column vc_column_container vc_col-sm-12\"><div class=\"vc_column-inner\"><div class=\"wpb_wrapper\">\n\t<div class=\"wpb_text_column wpb_content_element\" >\n\t\t<div class=\"wpb_wrapper\">\n\t\t\t<p style=\"text-align: justify;\"><span data-olk-copy-source=\"MessageBody\">Registration is personal and non-transferable. This is an accreditation application; approval is subject to review and is not guaranteed. Once we review and validate your information, we will notify you of the status of your application by email.<\/span><\/p>\n\n\t\t<\/div>\n\t<\/div>\n\n<div class=\"wpcf7 no-js\" id=\"wpcf7-f18526-o1\" lang=\"es-ES\" dir=\"ltr\" data-wpcf7-id=\"18526\">\n<div class=\"screen-reader-response\"><p role=\"status\" aria-live=\"polite\" aria-atomic=\"true\"><\/p> <ul><\/ul><\/div>\n<form action=\"\/en\/wp-json\/wp\/v2\/pages\/37864#wpcf7-f18526-o1\" method=\"post\" class=\"wpcf7-form init wpcf7-acceptance-as-validation\" aria-label=\"Formulario de contacto\" novalidate=\"novalidate\" data-status=\"init\" data-trp-original-action=\"\/en\/wp-json\/wp\/v2\/pages\/37864#wpcf7-f18526-o1\">\n<fieldset class=\"hidden-fields-container\"><input type=\"hidden\" name=\"_wpcf7\" value=\"18526\" \/><input type=\"hidden\" name=\"_wpcf7_version\" value=\"6.1.5\" \/><input type=\"hidden\" name=\"_wpcf7_locale\" value=\"es_ES\" \/><input type=\"hidden\" name=\"_wpcf7_unit_tag\" value=\"wpcf7-f18526-o1\" \/><input type=\"hidden\" name=\"_wpcf7_container_post\" value=\"0\" \/><input type=\"hidden\" name=\"_wpcf7_posted_data_hash\" value=\"\" \/><input type=\"hidden\" name=\"_wpcf7_recaptcha_response\" value=\"\" \/>\n<\/fieldset>\n<div id=\"responsive-form\" class=\"niva-contact\">\n\t<p><em><br \/>\n<span style=\"color:#b30227; font-size: 14px;\">\u2022 Campos obligatorios \/ Required fields<\/span><br \/>\n<\/em>\n\t<\/p>\n\t<div class=\"form-row\">\n\t\t<div class=\"column-half\">\n\t\t\t<p>Name<span style=\"color:#b30227;\">\u2022<\/span><span class=\"wpcf7-form-control-wrap\" data-name=\"nombre\"><input size=\"40\" maxlength=\"400\" class=\"wpcf7-form-control wpcf7-text wpcf7-validates-as-required\" aria-required=\"true\" aria-invalid=\"false\" value=\"\" type=\"text\" name=\"nombre\" \/><\/span>\n\t\t\t<\/p>\n\t\t<\/div>\n\t\t<div class=\"column-half\">\n\t\t\t<p>Last names<span style=\"color:#b30227;\">\u2022<\/span><span class=\"wpcf7-form-control-wrap\" data-name=\"apellidos\"><input size=\"40\" maxlength=\"400\" class=\"wpcf7-form-control wpcf7-text wpcf7-validates-as-required\" aria-required=\"true\" aria-invalid=\"false\" value=\"\" type=\"text\" name=\"apellidos\" \/><\/span>\n\t\t\t<\/p>\n\t\t<\/div>\n\t<\/div>\n\t<div class=\"form-row\">\n\t\t<div class=\"column-half\">\n\t\t\t<p>Media Name<span style=\"color:#b30227;\">\u2022<\/span><span class=\"wpcf7-form-control-wrap\" data-name=\"nombre-medio\"><input size=\"40\" maxlength=\"400\" class=\"wpcf7-form-control wpcf7-text wpcf7-validates-as-required\" aria-required=\"true\" aria-invalid=\"false\" value=\"\" type=\"text\" name=\"nombre-medio\" \/><\/span>\n\t\t\t<\/p>\n\t\t<\/div>\n\t\t<div class=\"column-half\">\n\t\t\t<p>Media Website<span style=\"color:#b30227;\">\u2022<\/span><span class=\"wpcf7-form-control-wrap\" data-name=\"pagina-web\"><input size=\"40\" maxlength=\"400\" class=\"wpcf7-form-control wpcf7-text wpcf7-validates-as-required\" aria-required=\"true\" aria-invalid=\"false\" value=\"\" type=\"text\" name=\"pagina-web\" \/><\/span>\n\t\t\t<\/p>\n\t\t<\/div>\n\t<\/div>\n\t<div class=\"form-row\">\n\t\t<div class=\"column-half\">\n\t\t\t<p>Media Type<span style=\"color:#b30227;\">\u2022<\/span><span class=\"wpcf7-form-control-wrap\" data-name=\"tipo-medio\"><select class=\"wpcf7-form-control wpcf7-select wpcf7-validates-as-required\" aria-required=\"true\" aria-invalid=\"false\" name=\"tipo-medio\"><option value=\"Seleccionar\">Seleccionar<\/option><option value=\"Peri\u00f3dico\">Peri\u00f3dico<\/option><option value=\"Revista\">Revista<\/option><option value=\"Publicaci\u00f3n Gratuita\">Publicaci\u00f3n Gratuita<\/option><option value=\"Agencia de Noticias\">Agencia de Noticias<\/option><option value=\"Agencia de Fotograf\u00eda\">Agencia de Fotograf\u00eda<\/option><option value=\"TV\">TV<\/option><option value=\"Sitio  Web\">Sitio  Web<\/option><option value=\"Radio\">Radio<\/option><option value=\"Otro\">Otro<\/option><\/select><\/span>\n\t\t\t<\/p>\n\t\t<\/div>\n\t<\/div>\n\t<div class=\"form-row\">\n\t\t<div class=\"column-half\">\n\t\t\t<p>Content<span style=\"color:#b30227;\">\u2022<\/span><span class=\"wpcf7-form-control-wrap\" data-name=\"contenido\"><select class=\"wpcf7-form-control wpcf7-select wpcf7-validates-as-required\" aria-required=\"true\" aria-invalid=\"false\" name=\"contenido\"><option value=\"Seleccionar\">Seleccionar<\/option><option value=\"General\">General<\/option><option value=\"Deportes\">Deportes<\/option><option value=\"Automotriz\">Automotriz<\/option><option value=\"Otro\">Otro<\/option><\/select><\/span>\n\t\t\t<\/p>\n\t\t<\/div>\n\t\t<div class=\"form-row\">\n\t\t\t<div class=\"column-full\">\n\t\t\t\t<p>If your content type is not listed, what is it? <span class=\"wpcf7-form-control-wrap\" data-name=\"otro-contenido\"><input size=\"40\" maxlength=\"400\" class=\"wpcf7-form-control wpcf7-text\" aria-invalid=\"false\" value=\"\" type=\"text\" name=\"otro-contenido\" \/><\/span>\n\t\t\t\t<\/p>\n\t\t\t<\/div>\n\t\t<\/div>\n\t\t<div class=\"column-full\">\n\t\t\t<p>Option that describes your medium<span style=\"color:#b30227;\">\u2022<\/span><span class=\"wpcf7-form-control-wrap\" data-name=\"descripcion-medio\"><select class=\"wpcf7-form-control wpcf7-select wpcf7-validates-as-required\" aria-required=\"true\" aria-invalid=\"false\" name=\"descripcion-medio\"><option value=\"Seleccionar\">Seleccionar<\/option><option value=\"Peri\u00f3dico Nacional\">Peri\u00f3dico Nacional<\/option><option value=\"Diario Local \/ Regional\">Diario Local \/ Regional<\/option><option value=\"Revista Nacional\">Revista Nacional<\/option><option value=\"Revista Local \/ Regional\">Revista Local \/ Regional<\/option><option value=\"Revista Deportes\">Revista Deportes<\/option><option value=\"Revista Automotriz\">Revista Automotriz<\/option><option value=\"Sitio  Web de Noticias (sin contenido de video) \/ News Website (without video content)\">Sitio  Web de Noticias (sin contenido de video) \/ News Website (without video content)<\/option><option value=\"Sitio  Web de Noticias (con contenido de video) \/ News Website (with video content)\">Sitio  Web de Noticias (con contenido de video) \/ News Website (with video content)<\/option><option value=\"Estaci\u00f3n de Radio\">Estaci\u00f3n de Radio<\/option><option value=\"Estaci\u00f3n de TV\">Estaci\u00f3n de TV<\/option><option value=\"Canal TV Sat\u00e9lite \/ Cable (programaci\u00f3n de deportes)\">Canal TV Sat\u00e9lite \/ Cable (programaci\u00f3n de deportes)<\/option><option value=\"Canal TV Sat\u00e9lite \/ Cable (programaci\u00f3n de entretenimiento)\">Canal TV Sat\u00e9lite \/ Cable (programaci\u00f3n de entretenimiento)<\/option><\/select><\/span>\n\t\t\t<\/p>\n\t\t<\/div>\n\t<\/div>\n\t<div class=\"form-row\">\n\t\t<div class=\"column-half\">\n\t\t\t<p>Coverage<span style=\"color:#b30227;\">\u2022<\/span><span class=\"wpcf7-form-control-wrap\" data-name=\"cobertura\"><select class=\"wpcf7-form-control wpcf7-select wpcf7-validates-as-required\" aria-required=\"true\" aria-invalid=\"false\" name=\"cobertura\"><option value=\"Seleccionar\">Seleccionar<\/option><option value=\"Internacional\">Internacional<\/option><option value=\"Nacional\">Nacional<\/option><option value=\"Regional\">Regional<\/option><option value=\"Local\">Local<\/option><\/select><\/span>\n\t\t\t<\/p>\n\t\t<\/div>\n\t\t<div class=\"column-half\">\n\t\t\t<p>Frequency<span style=\"color:#b30227;\">\u2022<\/span><span class=\"wpcf7-form-control-wrap\" data-name=\"frecuencia\"><select class=\"wpcf7-form-control wpcf7-select wpcf7-validates-as-required\" aria-required=\"true\" aria-invalid=\"false\" name=\"frecuencia\"><option value=\"Seleccionar\">Seleccionar<\/option><option value=\"N\/A\">N\/A<\/option><option value=\"Diario\">Diario<\/option><option value=\"Semanal\">Semanal<\/option><option value=\"Quincenal\">Quincenal<\/option><option value=\"Mensual\">Mensual<\/option><option value=\"Otro\">Otro<\/option><\/select><\/span>\n\t\t\t<\/p>\n\t\t<\/div>\n\t<\/div>\n\t<div class=\"form-row\">\n\t\t<div class=\"column-full\">\n\t\t\t<p>In case your frequency doesn't appear, what is it? <span class=\"wpcf7-form-control-wrap\" data-name=\"otra-frecuencia\"><input size=\"40\" maxlength=\"400\" class=\"wpcf7-form-control wpcf7-text\" aria-invalid=\"false\" value=\"\" type=\"text\" name=\"otra-frecuencia\" \/><\/span>\n\t\t\t<\/p>\n\t\t<\/div>\n\t<\/div>\n\t<div class=\"form-row\">\n\t\t<div class=\"column-full\">\n\t\t\t<p>Position you hold<span style=\"color:#b30227;\">\u2022<\/span><br \/>\n<br \/>\n<span class=\"wpcf7-form-control-wrap\" data-name=\"cargo\"><span class=\"wpcf7-form-control wpcf7-checkbox wpcf7-validates-as-required wpcf7-exclusive-checkbox\"><span class=\"wpcf7-list-item first\"><span class=\"wpcf7-list-item-label\">Editor<\/span><input type=\"checkbox\" name=\"cargo\" value=\"Editor\" \/><\/span><span class=\"wpcf7-list-item\"><span class=\"wpcf7-list-item-label\">Reporter<\/span><input type=\"checkbox\" name=\"cargo\" value=\"Reportero\" \/><\/span><span class=\"wpcf7-list-item\"><span class=\"wpcf7-list-item-label\">Collaborator<\/span><input type=\"checkbox\" name=\"cargo\" value=\"Colaborador\" \/><\/span><span class=\"wpcf7-list-item\"><span class=\"wpcf7-list-item-label\">Editorial Photographer<\/span><input type=\"checkbox\" name=\"cargo\" value=\"Fot\u00f3grafo Editorial\" \/><\/span><span class=\"wpcf7-list-item\"><span class=\"wpcf7-list-item-label\">Editorial Cameraman<\/span><input type=\"checkbox\" name=\"cargo\" value=\"Camar\u00f3grafo Editorial\" \/><\/span><span class=\"wpcf7-list-item last\"><span class=\"wpcf7-list-item-label\">Independent<\/span><input type=\"checkbox\" name=\"cargo\" value=\"Independiente\" \/><\/span><\/span><\/span>\n\t\t\t<\/p>\n\t\t<\/div>\n\t<\/div>\n\t<div class=\"form-row\">\n\t\t<div class=\"column-half\">\n\t\t\t<p>Country<span style=\"color:#b30227;\">\u2022<\/span><span class=\"wpcf7-form-control-wrap\" data-name=\"pais\"><input size=\"40\" maxlength=\"400\" class=\"wpcf7-form-control wpcf7-text wpcf7-validates-as-required\" aria-required=\"true\" aria-invalid=\"false\" value=\"\" type=\"text\" name=\"pais\" \/><\/span>\n\t\t\t<\/p>\n\t\t<\/div>\n\t\t<div class=\"column-half\">\n\t\t\t<p>State<span style=\"color:#b30227;\">\u2022<\/span><span class=\"wpcf7-form-control-wrap\" data-name=\"estado\"><input size=\"40\" maxlength=\"400\" class=\"wpcf7-form-control wpcf7-text wpcf7-validates-as-required\" aria-required=\"true\" aria-invalid=\"false\" value=\"\" type=\"text\" name=\"estado\" \/><\/span>\n\t\t\t<\/p>\n\t\t<\/div>\n\t<\/div>\n\t<div class=\"form-row\">\n\t\t<div class=\"column-half\">\n\t\t\t<p>City<span style=\"color:#b30227;\">\u2022<\/span><span class=\"wpcf7-form-control-wrap\" data-name=\"ciudad\"><input size=\"40\" maxlength=\"400\" class=\"wpcf7-form-control wpcf7-text wpcf7-validates-as-required\" aria-required=\"true\" aria-invalid=\"false\" value=\"\" type=\"text\" name=\"ciudad\" \/><\/span>\n\t\t\t<\/p>\n\t\t<\/div>\n\t\t<div class=\"column-half\">\n\t\t\t<p>Office Phone<span style=\"color:#b30227;\">\u2022<\/span><span class=\"wpcf7-form-control-wrap\" data-name=\"telefono\"><input size=\"40\" maxlength=\"400\" class=\"wpcf7-form-control wpcf7-text wpcf7-validates-as-required\" aria-required=\"true\" aria-invalid=\"false\" value=\"\" type=\"text\" name=\"telefono\" \/><\/span>\n\t\t\t<\/p>\n\t\t<\/div>\n\t<\/div>\n\t<div class=\"form-row\">\n\t\t<div class=\"column-half\">\n\t\t\t<p>Mobile<span style=\"color:#b30227;\">\u2022<\/span><span class=\"wpcf7-form-control-wrap\" data-name=\"Celular\"><input size=\"40\" maxlength=\"400\" class=\"wpcf7-form-control wpcf7-text wpcf7-validates-as-required\" aria-required=\"true\" aria-invalid=\"false\" value=\"\" type=\"text\" name=\"Celular\" \/><\/span>\n\t\t\t<\/p>\n\t\t<\/div>\n\t\t<div class=\"column-half\">\n\t\t\t<p>Media email<span style=\"color:#b30227;\">\u2022<\/span><span class=\"wpcf7-form-control-wrap\" data-name=\"email-medio\"><input size=\"40\" maxlength=\"400\" class=\"wpcf7-form-control wpcf7-email wpcf7-validates-as-required wpcf7-text wpcf7-validates-as-email\" aria-required=\"true\" aria-invalid=\"false\" value=\"\" type=\"email\" name=\"email-medio\" \/><\/span>\n\t\t\t<\/p>\n\t\t<\/div>\n\t<\/div>\n\t<div class=\"form-row\">\n\t\t<div class=\"column-half\">\n\t\t\t<p>Media Facebook<span style=\"color:#b30227;\">\u2022<\/span><span class=\"wpcf7-form-control-wrap\" data-name=\"facebook-medio\"><input size=\"40\" maxlength=\"400\" class=\"wpcf7-form-control wpcf7-text wpcf7-validates-as-required\" aria-required=\"true\" aria-invalid=\"false\" value=\"\" type=\"text\" name=\"facebook-medio\" \/><\/span>\n\t\t\t<\/p>\n\t\t<\/div>\n\t\t<div class=\"column-half\">\n\t\t\t<p>Media X<span style=\"color:#b30227;\">\u2022<\/span><span class=\"wpcf7-form-control-wrap\" data-name=\"twitter-medio\"><input size=\"40\" maxlength=\"400\" class=\"wpcf7-form-control wpcf7-text wpcf7-validates-as-required\" aria-required=\"true\" aria-invalid=\"false\" value=\"\" type=\"text\" name=\"twitter-medio\" \/><\/span>\n\t\t\t<\/p>\n\t\t<\/div>\n\t<\/div>\n\t<div class=\"form-row\">\n\t\t<div class=\"column-half\">\n\t\t\t<p>Media Instagram<span style=\"color:#b30227;\">\u2022<\/span><span class=\"wpcf7-form-control-wrap\" data-name=\"instagram-medio\"><input size=\"40\" maxlength=\"400\" class=\"wpcf7-form-control wpcf7-text wpcf7-validates-as-required\" aria-required=\"true\" aria-invalid=\"false\" value=\"\" type=\"text\" name=\"instagram-medio\" \/><\/span>\n\t\t\t<\/p>\n\t\t<\/div>\n\t\t<div class=\"column-half\">\n\t\t\t<p>Media TikTok<span style=\"color:#b30227;\">\u2022<\/span><span class=\"wpcf7-form-control-wrap\" data-name=\"tiktok-medio\"><input size=\"40\" maxlength=\"400\" class=\"wpcf7-form-control wpcf7-text wpcf7-validates-as-required\" aria-required=\"true\" aria-invalid=\"false\" value=\"\" type=\"text\" name=\"tiktok-medio\" \/><\/span>\n\t\t\t<\/p>\n\t\t<\/div>\n\t<\/div>\n\t<div class=\"form-row\">\n\t\t<div class=\"column-half\">\n\t\t\t<p>Media TikTok<span style=\"color:#b30227;\">\u2022<\/span><span class=\"wpcf7-form-control-wrap\" data-name=\"youtube-medio\"><input size=\"40\" maxlength=\"400\" class=\"wpcf7-form-control wpcf7-text wpcf7-validates-as-required\" aria-required=\"true\" aria-invalid=\"false\" value=\"\" type=\"text\" name=\"youtube-medio\" \/><\/span>\n\t\t\t<\/p>\n\t\t<\/div>\n\t\t<div class=\"column-half\">\n\t\t\t<p>Personal email<span style=\"color:#b30227;\">\u2022<\/span><span class=\"wpcf7-form-control-wrap\" data-name=\"email-personal\"><input size=\"40\" maxlength=\"400\" class=\"wpcf7-form-control wpcf7-email wpcf7-validates-as-required wpcf7-text wpcf7-validates-as-email\" aria-required=\"true\" aria-invalid=\"false\" value=\"\" type=\"email\" name=\"email-personal\" \/><\/span>\n\t\t\t<\/p>\n\t\t<\/div>\n\t<\/div>\n\t<div class=\"form-row\">\n\t\t<div class=\"column-full\">\n\t\t\t<p>Cities to cover<span style=\"color:#b30227;\">\u2022<\/span><span class=\"wpcf7-form-control-wrap\" data-name=\"ciudades\"><input size=\"40\" maxlength=\"400\" class=\"wpcf7-form-control wpcf7-text wpcf7-validates-as-required\" aria-required=\"true\" aria-invalid=\"false\" value=\"\" type=\"text\" name=\"ciudades\" \/><\/span>\n\t\t\t<\/p>\n\t\t<\/div>\n\t<\/div>\n\t<div class=\"form-row\">\n\t\t<div class=\"column-full\">\n\t\t\t<p>Compartir al menos tres testigos de cobertura de La Carrera Panamericana 2026 y\/o anteriores<span style=\"color:#b30227;\">\u2022<\/span><br \/>\nFormats: jpg, jpeg, png, gif. <br \/>\n<span class=\"wpcf7-form-control-wrap\" data-name=\"testigos\"><input size=\"40\" class=\"wpcf7-form-control wpcf7-drag-n-drop-file d-none\" aria-invalid=\"false\" type=\"file\" multiple=\"multiple\" data-name=\"testigos\" data-min=\"1\" data-max=\"15\" data-id=\"18526\" data-version=\"free version 1.3.9.6\" accept=\".\" \/><\/span>\n\t\t\t<\/p>\n\t\t<\/div>\n\t<\/div>\n\t<div class=\"form-row\">\n\t\t<div class=\"column-full\">\n\t\t\t<p><em><span style=\"font-size: 1.3em;\">*Los gastos que se generen por asistir a La Carrera Panamericana 2026 ser\u00e1n cubiertos por cada persona y\/o medio que solicite la acreditaci\u00f3n.<\/span><\/em>\n\t\t\t<\/p>\n\t\t<\/div>\n\t<\/div>\n\t<div class=\"form-row\">\n\t\t<div class=\"column-full\">\n\t\t\t<p><a href=\"https:\/\/lacarrerapanamericana.com.mx\/Reglamentos\/Reglamento-Prensa_2023.pdf\" target=\"_blank\" alt=\"Reglamento de Prensa\" style=\"color:#de1726; font-weight:600;\">OPEN THE PRESS REGULATIONS<\/a><span style=\"color:#b30227;\">\u2022<\/span>\n\t\t\t<\/p>\n\t\t\t<p><span class=\"wpcf7-form-control-wrap\" data-name=\"lei-reglamento\"><span class=\"wpcf7-form-control wpcf7-acceptance\"><span class=\"wpcf7-list-item\"><label class=\"translation-block\"><span class=\"wpcf7-list-item-label\">Have you read and agree to abide by the regulations?\nI have read, understood, and accept the <a href=\"https:\/\/lacarrerapanamericana.com.mx\/en\/aviso-de-privacidad\/\" target=\"_blank\">privacy notice.<\/a><\/span><\/label><\/span><\/span><\/span>\n\t\t\t<\/p>\n\t\t<\/div>\n\t<\/div>\n\t<div class=\"form-row\">\n\t\t<div class=\"column-full\">\n\t\t\t<p><input class=\"wpcf7-form-control wpcf7-submit has-spinner\" type=\"submit\" value=\"Send\" \/>\n\t\t\t<\/p>\n\t\t<\/div>\n\t<\/div>\n<\/div><div class=\"wpcf7-form-control-wrap maspik-field\">\n                <label for=\"full-name-maspik-hp\" class=\"wpcf7-form-control-label\">Leave this field empty<\/label>\n                <input size=\"1\" type=\"text\" autocomplete=\"off\" aria-hidden=\"true\" tabindex=\"-1\" aria-label=\"Leave this field empty\" name=\"full-name-maspik-hp\" id=\"full-name-maspik-hp\" class=\"wpcf7-form-control wpcf7-text\" placeholder=\"Leave this field empty\">\n            <\/div><div class=\"wpcf7-response-output\" aria-hidden=\"true\"><\/div>\n<input type=\"hidden\" name=\"trp-form-language\" value=\"en\"\/><\/form>\n<\/div>\n<\/div><\/div><\/div><\/div><\/div><\/div><\/div><\/div>\n<\/section>","protected":false},"excerpt":{"rendered":"El registro es personal e intransferible. Esta es una solicitud de acreditaci\u00f3n; su aprobaci\u00f3n est\u00e1 sujeta a revisi\u00f3n y no est\u00e1 garantizada. Una vez que revisemos y validemos tu informaci\u00f3n, te notificaremos el estatus de tu solicitud por correo electr\u00f3nico. \u2022 Campos obligatorios \/ Required fields Nombre\u2022 Apellidos\u2022 Nombre del Medio\u2022 P\u00e1gina Web del Medio\u2022 [...]","protected":false},"author":1,"featured_media":2841,"parent":0,"menu_order":0,"comment_status":"closed","ping_status":"closed","template":"","meta":{"footnotes":""},"class_list":["post-37864","page","type-page","status-publish","has-post-thumbnail","hentry"],"_links":{"self":[{"href":"https:\/\/lacarrerapanamericana.com.mx\/en\/wp-json\/wp\/v2\/pages\/37864","targetHints":{"allow":["GET"]}}],"collection":[{"href":"https:\/\/lacarrerapanamericana.com.mx\/en\/wp-json\/wp\/v2\/pages"}],"about":[{"href":"https:\/\/lacarrerapanamericana.com.mx\/en\/wp-json\/wp\/v2\/types\/page"}],"author":[{"embeddable":true,"href":"https:\/\/lacarrerapanamericana.com.mx\/en\/wp-json\/wp\/v2\/users\/1"}],"replies":[{"embeddable":true,"href":"https:\/\/lacarrerapanamericana.com.mx\/en\/wp-json\/wp\/v2\/comments?post=37864"}],"version-history":[{"count":1,"href":"https:\/\/lacarrerapanamericana.com.mx\/en\/wp-json\/wp\/v2\/pages\/37864\/revisions"}],"predecessor-version":[{"id":46113,"href":"https:\/\/lacarrerapanamericana.com.mx\/en\/wp-json\/wp\/v2\/pages\/37864\/revisions\/46113"}],"wp:featuredmedia":[{"embeddable":true,"href":"https:\/\/lacarrerapanamericana.com.mx\/en\/wp-json\/wp\/v2\/media\/2841"}],"wp:attachment":[{"href":"https:\/\/lacarrerapanamericana.com.mx\/en\/wp-json\/wp\/v2\/media?parent=37864"}],"curies":[{"name":"wp","href":"https:\/\/api.w.org\/{rel}","templated":true}]}}