{"id":38018,"date":"2025-07-28T16:16:42","date_gmt":"2025-07-28T22:16:42","guid":{"rendered":"https:\/\/lacarrerapanamericana.com.mx\/?page_id=38018"},"modified":"2026-02-14T18:49:50","modified_gmt":"2026-02-15T00:49:50","slug":"fan-club-participa","status":"publish","type":"page","link":"https:\/\/lacarrerapanamericana.com.mx\/en\/fan-club-participa\/","title":{"rendered":"Fan Club Participate!"},"content":{"rendered":"<section class=\"wpb-content-wrapper\"><div class=\"vc_row wpb_row vc_row-fluid vc_custom_1752186707398\"><div class=\"wpb_column vc_column_container vc_col-sm-12 vc_col-lg-12 vc_col-md-12 vc_col-xs-12\"><div class=\"vc_column-inner\"><div class=\"wpb_wrapper\"><div class=\"vc_row wpb_row vc_inner vc_row-fluid vc_column-gap-20 vc_row-o-equal-height vc_row-flex\"><div class=\"wpb_column vc_column_container vc_col-sm-8\"><div class=\"vc_column-inner\"><div class=\"wpb_wrapper\">\n\t<div class=\"wpb_text_column wpb_content_element  vc_custom_1771116533636\" >\n\t\t<div class=\"wpb_wrapper\">\n\t\t\t<p style=\"text-align: center;\"><span style=\"font-size: 2.5rem;\"><strong>Tu copilota ideal del GRT<\/strong><\/span><\/p>\n<p>Queremos que te proyectes en el asiento del piloto (o copiloto) y compartas esa pasi\u00f3n con tus amigas o familiares \u00a1No puedes ganar un rally sola!<\/p>\n<p><strong>Etiqueta a tu tripulaci\u00f3n<\/strong><\/p>\n<p>En el <strong>Girls Road Tour<\/strong>, la libreta la lee una, pero la meta la cruzan dos. \u00bfQui\u00e9n es la mujer que te acompa\u00f1ar\u00eda en una ruta de 426 kil\u00f3metros recorriendo los caminos de Puebla?<\/p>\n<p><strong>El Reto:<\/strong><\/p>\n<ol>\n<li>Sube una <strong>Story en tu perfil de Instagram<\/strong>, con una foto con tu &#8220;<em>compa\u00f1era de aventuras<\/em>&#8221; (amiga, hermana, mam\u00e1) o de ti misma con tu auto.<\/li>\n<li>Usa el sticker de <strong>&#8220;<em>Tu Turno<\/em>&#8221; <\/strong>con la frase: <strong>&#8220;<em>Mi copilota para el Girls Road Tour es&#8230;<\/em>&#8220;<\/strong><\/li>\n<li>Etiqueta a la cuenta oficial <strong><em>@GirlsRoadTour<\/em><\/strong> y usa el hashtag <strong><em>#HerPowerHerRoad<\/em><\/strong>. Es important\u00edsimo, sino no podr\u00e1s participar en la votaci\u00f3n.<\/li>\n<\/ol>\n<p><strong>La Ganadora<\/strong><\/p>\n<p>Tienes del <strong>14 al 17 de febrero<\/strong> para presentarnos a tu copiloto. El d\u00eda <strong>17 de febrero<\/strong>, haremos una <em>poll<\/em> para elegir a la <em>storie<\/em> ganadora. La m\u00e1s votada se llevar\u00e1 el regalo especial del <strong>Girls Road Tour<\/strong>.<\/p>\n<p>&nbsp;<\/p>\n<p style=\"text-align: center;\"><!-- notionvc: cd124035-728d-4bed-8b7b-db627c278765 --><\/p>\n\n\t\t<\/div>\n\t<\/div>\n\n\t<div  class=\"wpb_single_image wpb_content_element vc_align_center  vc_custom_1771116583903\">\n\t\t\n\t\t<figure class=\"wpb_wrapper vc_figure\">\n\t\t\t<div class=\"vc_single_image-wrapper   vc_box_border_grey\"><img fetchpriority=\"high\" decoding=\"async\" width=\"1080\" height=\"1350\" src=\"https:\/\/lacarrerapanamericana.com.mx\/wp-content\/uploads\/2026\/02\/activacion.jpeg\" class=\"vc_single_image-img attachment-full\" alt=\"\" title=\"activacion\" srcset=\"https:\/\/lacarrerapanamericana.com.mx\/wp-content\/uploads\/2026\/02\/activacion.jpeg 1080w, https:\/\/lacarrerapanamericana.com.mx\/wp-content\/uploads\/2026\/02\/activacion-240x300.jpeg 240w, https:\/\/lacarrerapanamericana.com.mx\/wp-content\/uploads\/2026\/02\/activacion-819x1024.jpeg 819w, https:\/\/lacarrerapanamericana.com.mx\/wp-content\/uploads\/2026\/02\/activacion-768x960.jpeg 768w, https:\/\/lacarrerapanamericana.com.mx\/wp-content\/uploads\/2026\/02\/activacion-10x12.jpeg 10w\" sizes=\"(max-width: 1080px) 100vw, 1080px\" \/><\/div>\n\t\t<\/figure>\n\t<\/div>\n<\/div><\/div><\/div><div class=\"wpb_column vc_column_container vc_col-sm-4\"><div class=\"vc_column-inner\"><div class=\"wpb_wrapper\"><div class=\"vc_empty_space\"   style=\"height: 5vh\"><span class=\"vc_empty_space_inner\"><\/span><\/div>\n\t<div  class=\"wpb_single_image wpb_content_element vc_align_center\">\n\t\t\n\t\t<figure class=\"wpb_wrapper vc_figure\">\n\t\t\t<div class=\"vc_single_image-wrapper   vc_box_border_grey\"><img decoding=\"async\" width=\"600\" height=\"514\" src=\"https:\/\/lacarrerapanamericana.com.mx\/wp-content\/uploads\/2025\/06\/Fans-Club-Logo-Negro.png\" class=\"vc_single_image-img attachment-full\" alt=\"\" title=\"Fans-Club-Logo-Negro\" srcset=\"https:\/\/lacarrerapanamericana.com.mx\/wp-content\/uploads\/2025\/06\/Fans-Club-Logo-Negro.png 600w, https:\/\/lacarrerapanamericana.com.mx\/wp-content\/uploads\/2025\/06\/Fans-Club-Logo-Negro-300x257.png 300w, https:\/\/lacarrerapanamericana.com.mx\/wp-content\/uploads\/2025\/06\/Fans-Club-Logo-Negro-14x12.png 14w\" sizes=\"(max-width: 600px) 100vw, 600px\" \/><\/div>\n\t\t<\/figure>\n\t<\/div>\n<div class=\"vc_empty_space\"   style=\"height: 5vh\"><span class=\"vc_empty_space_inner\"><\/span><\/div>\n\t<div class=\"wpb_text_column wpb_content_element\" >\n\t\t<div class=\"wpb_wrapper\">\n\t\t\t<p style=\"text-align: left;\" class=\"translation-block\"><span style=\"font-size: 2.4em\">Subscribe to the Fan Club<\/span>, get your <span style=\"font-size: 1.8em\"><strong>free membership<\/strong><\/span> and get great benefits and surprises from <span style=\"font-size: 1.8em\">La Carrera Panamericana.<\/span><\/p>\n\n\t\t<\/div>\n\t<\/div>\n<div class=\"vc_empty_space\"   style=\"height: 5vh\"><span class=\"vc_empty_space_inner\"><\/span><\/div><div class=\"vc_btn3-container vc_btn3-center\" ><a onmouseleave=\"this.style.borderColor='#000000'; this.style.backgroundColor='transparent'; this.style.color='#000000'\" onmouseenter=\"this.style.borderColor='#000000'; this.style.backgroundColor='#000000'; this.style.color='#ffffff';\" style=\"border-color:#000000; color:#000000;\" class=\"vc_general vc_btn3 vc_btn3-size-lg vc_btn3-shape-rounded vc_btn3-style-outline-custom vc_btn3-block vc_btn3-icon-left\" href=\"https:\/\/lacarrerapanamericana.com.mx\/en\/register\/\" title=\"Registro\"><i class=\"vc_btn3-icon far fa-address-card\"><\/i> GET YOUR FREE MEMBERSHIP<\/a><\/div><div class=\"vc_empty_space\"   style=\"height: 5vh\"><span class=\"vc_empty_space_inner\"><\/span><\/div><div class=\"vc_btn3-container vc_btn3-center\" ><a onmouseleave=\"this.style.borderColor='#000000'; this.style.backgroundColor='transparent'; this.style.color='#000000'\" onmouseenter=\"this.style.borderColor='#000000'; this.style.backgroundColor='#000000'; this.style.color='#ffffff';\" style=\"border-color:#000000; color:#000000;\" class=\"vc_general vc_btn3 vc_btn3-size-lg vc_btn3-shape-rounded vc_btn3-style-outline-custom vc_btn3-block vc_btn3-icon-left\" href=\"https:\/\/lacarrerapanamericana.com.mx\/en\/login\/\" title=\"Registro\"><i class=\"vc_btn3-icon far fa-address-card\"><\/i> ALREADY A MEMBER? SIGN IN<\/a><\/div><div class=\"vc_empty_space\"   style=\"height: 5vh\"><span class=\"vc_empty_space_inner\"><\/span><\/div><\/div><\/div><\/div><\/div><\/div><\/div><\/div><\/div>\n<\/section>","protected":false},"excerpt":{"rendered":"Tu copilota ideal del GRT Queremos que te proyectes en el asiento del piloto (o copiloto) y compartas esa pasi\u00f3n con tus amigas o familiares \u00a1No puedes ganar un rally sola! Etiqueta a tu tripulaci\u00f3n En el Girls Road Tour, la libreta la lee una, pero la meta la cruzan dos. \u00bfQui\u00e9n es la mujer [...]","protected":false},"author":1,"featured_media":2843,"parent":0,"menu_order":0,"comment_status":"closed","ping_status":"closed","template":"","meta":{"footnotes":""},"class_list":["post-38018","page","type-page","status-publish","has-post-thumbnail","hentry"],"_links":{"self":[{"href":"https:\/\/lacarrerapanamericana.com.mx\/en\/wp-json\/wp\/v2\/pages\/38018","targetHints":{"allow":["GET"]}}],"collection":[{"href":"https:\/\/lacarrerapanamericana.com.mx\/en\/wp-json\/wp\/v2\/pages"}],"about":[{"href":"https:\/\/lacarrerapanamericana.com.mx\/en\/wp-json\/wp\/v2\/types\/page"}],"author":[{"embeddable":true,"href":"https:\/\/lacarrerapanamericana.com.mx\/en\/wp-json\/wp\/v2\/users\/1"}],"replies":[{"embeddable":true,"href":"https:\/\/lacarrerapanamericana.com.mx\/en\/wp-json\/wp\/v2\/comments?post=38018"}],"version-history":[{"count":5,"href":"https:\/\/lacarrerapanamericana.com.mx\/en\/wp-json\/wp\/v2\/pages\/38018\/revisions"}],"predecessor-version":[{"id":46162,"href":"https:\/\/lacarrerapanamericana.com.mx\/en\/wp-json\/wp\/v2\/pages\/38018\/revisions\/46162"}],"wp:featuredmedia":[{"embeddable":true,"href":"https:\/\/lacarrerapanamericana.com.mx\/en\/wp-json\/wp\/v2\/media\/2843"}],"wp:attachment":[{"href":"https:\/\/lacarrerapanamericana.com.mx\/en\/wp-json\/wp\/v2\/media?parent=38018"}],"curies":[{"name":"wp","href":"https:\/\/api.w.org\/{rel}","templated":true}]}}