{"id":45399,"date":"2025-09-18T16:55:26","date_gmt":"2025-09-18T22:55:26","guid":{"rendered":"https:\/\/lacarrerapanamericana.com.mx\/?page_id=45399"},"modified":"2026-01-22T15:47:32","modified_gmt":"2026-01-22T21:47:32","slug":"chiapas","status":"publish","type":"page","link":"https:\/\/lacarrerapanamericana.com.mx\/en\/chiapas\/","title":{"rendered":"Chiapas"},"content":{"rendered":"<section class=\"wpb-content-wrapper\"><div class=\"vc_row wpb_row vc_row-fluid vc_custom_1752186707398\"><div class=\"wpb_column vc_column_container vc_col-sm-12 vc_col-lg-12 vc_col-md-12 vc_col-xs-12\"><div class=\"vc_column-inner\"><div class=\"wpb_wrapper\">\n\t<div  class=\"wpb_single_image wpb_content_element vc_align_center  wpb_animate_when_almost_visible wpb_bounceIn bounceIn vc_custom_1759034243961\">\n\t\t\n\t\t<figure class=\"wpb_wrapper vc_figure\">\n\t\t\t<a href=\"https:\/\/visitchiapas.com\/\" target=\"_blank\" class=\"vc_single_image-wrapper   vc_box_border_grey\" rel=\"noopener\"><img fetchpriority=\"high\" decoding=\"async\" width=\"2560\" height=\"873\" src=\"https:\/\/lacarrerapanamericana.com.mx\/wp-content\/uploads\/2025\/09\/chiapas-scaled.png\" class=\"vc_single_image-img attachment-full\" alt=\"\" title=\"chiapas\" srcset=\"https:\/\/lacarrerapanamericana.com.mx\/wp-content\/uploads\/2025\/09\/chiapas-scaled.png 2560w, https:\/\/lacarrerapanamericana.com.mx\/wp-content\/uploads\/2025\/09\/chiapas-300x102.png 300w, https:\/\/lacarrerapanamericana.com.mx\/wp-content\/uploads\/2025\/09\/chiapas-1024x349.png 1024w, https:\/\/lacarrerapanamericana.com.mx\/wp-content\/uploads\/2025\/09\/chiapas-768x262.png 768w, https:\/\/lacarrerapanamericana.com.mx\/wp-content\/uploads\/2025\/09\/chiapas-1536x524.png 1536w, https:\/\/lacarrerapanamericana.com.mx\/wp-content\/uploads\/2025\/09\/chiapas-2048x699.png 2048w, https:\/\/lacarrerapanamericana.com.mx\/wp-content\/uploads\/2025\/09\/chiapas-18x6.png 18w, https:\/\/lacarrerapanamericana.com.mx\/wp-content\/uploads\/2025\/09\/chiapas-1000x341.png 1000w\" sizes=\"(max-width: 2560px) 100vw, 2560px\" \/><\/a>\n\t\t<\/figure>\n\t<\/div>\n\n\t<div class=\"wpb_video_widget wpb_content_element vc_clearfix   vc_custom_1759034331483 vc_video-aspect-ratio-169 vc_video-el-width-100 vc_video-align-center\" >\n\t\t<div class=\"wpb_wrapper\">\n\t\t\t\n\t\t\t<div class=\"wpb_video_wrapper\"><iframe title=\"CHIAPAS\" width=\"640\" height=\"360\" src=\"https:\/\/www.youtube.com\/embed\/Ucs91E3Y2sY?feature=oembed\" frameborder=\"0\" allow=\"accelerometer; autoplay; clipboard-write; encrypted-media; gyroscope; picture-in-picture; web-share\" referrerpolicy=\"strict-origin-when-cross-origin\" allowfullscreen><\/iframe><\/div>\n\t\t<\/div>\n\t<\/div>\n<div class=\"vc_row wpb_row vc_inner vc_row-fluid vc_custom_1759034341217\"><div class=\"wpb_column vc_column_container vc_col-sm-12\"><div class=\"vc_column-inner\"><div class=\"wpb_wrapper\">\n\t<div class=\"wpb_text_column wpb_content_element  vc_custom_1758237140264\" >\n\t\t<div class=\"wpb_wrapper\">\n\t\t\t<p style=\"text-align: left;\"><strong>Chiapas es esp\u00edritu de libertad, de conciencia, de misticismo y de aventura<\/strong><\/p>\n<p style=\"text-align: justify;\">El estado de Chiapas, cuenta con siete grandes regiones fisiogr\u00e1ficas: la Llanura Costera del Pac\u00edfico, la Sierra Madre de Chiapas, la Depresi\u00f3n Central, los Altos, las Monta\u00f1as de Oriente, las Monta\u00f1as del Norte y la Llanura del Golfo.<\/p>\n<p class=\"mb-2\"><strong><span class=\"title-categori2\">A cada paso, un para\u00edso por descubrir<\/span><\/strong><\/p>\n<p class=\"title-categori-text\">Chiapas ofrece al visitante diversos destinos para conocer y explorar su maravilloso territorio.<\/p>\n\n\t\t<\/div>\n\t<\/div>\n<\/div><\/div><\/div><\/div>\n<div class=\"vc_grid-container-wrapper vc_clearfix vc_grid-animation-zoomIn\">\n\t<div class=\"vc_grid-container vc_clearfix wpb_content_element vc_masonry_media_grid vc_custom_1759034353918\" data-initial-loading-animation=\"zoomIn\" data-vc-grid-settings=\"{&quot;page_id&quot;:45399,&quot;style&quot;:&quot;all-masonry&quot;,&quot;action&quot;:&quot;vc_get_vc_grid_data&quot;,&quot;shortcode_id&quot;:&quot;1759034222533-ee071a92-0bb7-1&quot;,&quot;tag&quot;:&quot;vc_masonry_media_grid&quot;}\" data-vc-request=\"https:\/\/lacarrerapanamericana.com.mx\/wp-admin\/admin-ajax.php\" data-vc-post-id=\"45399\" data-vc-public-nonce=\"7b461d49dd\">\n\t\t\n\t<\/div>\n<\/div><\/div><\/div><\/div><\/div>\n<\/section>","protected":false},"excerpt":{"rendered":"Chiapas es esp\u00edritu de libertad, de conciencia, de misticismo y de aventura El estado de Chiapas, cuenta con siete grandes regiones fisiogr\u00e1ficas: la Llanura Costera del Pac\u00edfico, la Sierra Madre de Chiapas, la Depresi\u00f3n Central, los Altos, las Monta\u00f1as de Oriente, las Monta\u00f1as del Norte y la Llanura del Golfo. A cada paso, un para\u00edso [...]","protected":false},"author":1,"featured_media":45409,"parent":0,"menu_order":0,"comment_status":"closed","ping_status":"closed","template":"","meta":{"footnotes":""},"class_list":["post-45399","page","type-page","status-publish","has-post-thumbnail","hentry"],"_links":{"self":[{"href":"https:\/\/lacarrerapanamericana.com.mx\/en\/wp-json\/wp\/v2\/pages\/45399","targetHints":{"allow":["GET"]}}],"collection":[{"href":"https:\/\/lacarrerapanamericana.com.mx\/en\/wp-json\/wp\/v2\/pages"}],"about":[{"href":"https:\/\/lacarrerapanamericana.com.mx\/en\/wp-json\/wp\/v2\/types\/page"}],"author":[{"embeddable":true,"href":"https:\/\/lacarrerapanamericana.com.mx\/en\/wp-json\/wp\/v2\/users\/1"}],"replies":[{"embeddable":true,"href":"https:\/\/lacarrerapanamericana.com.mx\/en\/wp-json\/wp\/v2\/comments?post=45399"}],"version-history":[{"count":16,"href":"https:\/\/lacarrerapanamericana.com.mx\/en\/wp-json\/wp\/v2\/pages\/45399\/revisions"}],"predecessor-version":[{"id":45694,"href":"https:\/\/lacarrerapanamericana.com.mx\/en\/wp-json\/wp\/v2\/pages\/45399\/revisions\/45694"}],"wp:featuredmedia":[{"embeddable":true,"href":"https:\/\/lacarrerapanamericana.com.mx\/en\/wp-json\/wp\/v2\/media\/45409"}],"wp:attachment":[{"href":"https:\/\/lacarrerapanamericana.com.mx\/en\/wp-json\/wp\/v2\/media?parent=45399"}],"curies":[{"name":"wp","href":"https:\/\/api.w.org\/{rel}","templated":true}]}}