{"id":45453,"date":"2025-09-19T14:14:03","date_gmt":"2025-09-19T20:14:03","guid":{"rendered":"https:\/\/lacarrerapanamericana.com.mx\/?page_id=45453"},"modified":"2026-01-22T15:44:14","modified_gmt":"2026-01-22T21:44:14","slug":"cdmx","status":"publish","type":"page","link":"https:\/\/lacarrerapanamericana.com.mx\/en\/cdmx\/","title":{"rendered":"CDMX"},"content":{"rendered":"<section class=\"wpb-content-wrapper\"><div class=\"vc_row wpb_row vc_row-fluid vc_custom_1752186707398\"><div class=\"wpb_column vc_column_container vc_col-sm-12 vc_col-lg-12 vc_col-md-12 vc_col-xs-12\"><div class=\"vc_column-inner\"><div class=\"wpb_wrapper\">\n\t<div  class=\"wpb_single_image wpb_content_element vc_align_center  wpb_animate_when_almost_visible wpb_bounceIn bounceIn vc_custom_1758314501204\">\n\t\t\n\t\t<figure class=\"wpb_wrapper vc_figure\">\n\t\t\t<a href=\"https:\/\/www.turismo.cdmx.gob.mx\/\" target=\"_blank\" class=\"vc_single_image-wrapper   vc_box_border_grey\" rel=\"noopener\"><img fetchpriority=\"high\" decoding=\"async\" width=\"2560\" height=\"602\" src=\"https:\/\/lacarrerapanamericana.com.mx\/wp-content\/uploads\/2025\/09\/CDMX2-scaled.png\" class=\"vc_single_image-img attachment-full\" alt=\"CDMX\" title=\"CDMX2\" srcset=\"https:\/\/lacarrerapanamericana.com.mx\/wp-content\/uploads\/2025\/09\/CDMX2-scaled.png 2560w, https:\/\/lacarrerapanamericana.com.mx\/wp-content\/uploads\/2025\/09\/CDMX2-300x71.png 300w, https:\/\/lacarrerapanamericana.com.mx\/wp-content\/uploads\/2025\/09\/CDMX2-1024x241.png 1024w, https:\/\/lacarrerapanamericana.com.mx\/wp-content\/uploads\/2025\/09\/CDMX2-768x181.png 768w, https:\/\/lacarrerapanamericana.com.mx\/wp-content\/uploads\/2025\/09\/CDMX2-1536x361.png 1536w, https:\/\/lacarrerapanamericana.com.mx\/wp-content\/uploads\/2025\/09\/CDMX2-2048x482.png 2048w, https:\/\/lacarrerapanamericana.com.mx\/wp-content\/uploads\/2025\/09\/CDMX2-18x4.png 18w, https:\/\/lacarrerapanamericana.com.mx\/wp-content\/uploads\/2025\/09\/CDMX2-1000x235.png 1000w\" sizes=\"(max-width: 2560px) 100vw, 2560px\" \/><\/a>\n\t\t<\/figure>\n\t<\/div>\n\n\t<div class=\"wpb_video_widget wpb_content_element vc_clearfix   vc_custom_1759034176287 vc_video-aspect-ratio-169 vc_video-el-width-100 vc_video-align-center\" >\n\t\t<div class=\"wpb_wrapper\">\n\t\t\t\n\t\t\t<div class=\"wpb_video_wrapper\"><iframe title=\"CDMX\" width=\"640\" height=\"360\" src=\"https:\/\/www.youtube.com\/embed\/iaIFjQf08Kc?feature=oembed\" frameborder=\"0\" allow=\"accelerometer; autoplay; clipboard-write; encrypted-media; gyroscope; picture-in-picture; web-share\" referrerpolicy=\"strict-origin-when-cross-origin\" allowfullscreen><\/iframe><\/div>\n\t\t<\/div>\n\t<\/div>\n<div class=\"vc_row wpb_row vc_inner vc_row-fluid vc_custom_1759034283935\"><div class=\"wpb_column vc_column_container vc_col-sm-12\"><div class=\"vc_column-inner\"><div class=\"wpb_wrapper\">\n\t<div class=\"wpb_text_column wpb_content_element  vc_custom_1758312703752\" >\n\t\t<div class=\"wpb_wrapper\">\n\t\t\t<p style=\"text-align: left;\"><strong>CDMX CORAZ\u00d3N GRANDE<\/strong><\/p>\n<p class=\"title-categori-text\" style=\"text-align: justify;\">Si algo caracteriza a la Ciudad de M\u00e9xico es su grandeza. Sus calles narran m\u00e1s de 700 a\u00f1os de historia, desde los vestigios de M\u00e9xico-Tenochtitl\u00e1n hasta la efervescente diversidad cultural que la define hoy.<\/p>\n<p class=\"title-categori-text\" style=\"text-align: justify;\">Basta mirar hacia el Bosque de Chapultepec que ofrece 800 hect\u00e1reas de naturaleza en medio de la ciudad; a Los D\u00ednamos, que invitan a la aventura entre el cauce del r\u00edo Magdalena y senderos boscosos, o a Xochimilco, que con sus chinampas, canales y trajineras, mantiene vivo el ingenio agr\u00edcola de los antiguos mexicas.<\/p>\n<p class=\"title-categori-text\" style=\"text-align: justify;\">El esp\u00edritu de la CDMX tambi\u00e9n se refleja en su innovaci\u00f3n y accesibilidad. Las Utop\u00edas transforman la vida de millones de personas con espacios comunitarios llenos de cultura, deporte y recreaci\u00f3n, mientras que el Cableb\u00fas no solo es un sistema de transporte eficiente, sino un pretexto para mirar la ciudad desde una nueva perspectiva.<\/p>\n<p class=\"title-categori-text\" style=\"text-align: justify;\">La diversidad es otro de sus atributos, consolid\u00e1ndose como un destino imprescindible para la comunidad LGBTTTI. Adem\u00e1s, su patrimonio espiritual y festivo brilla en la Bas\u00edlica de Guadalupe, uno de los santuarios m\u00e1s visitados del mundo, y en el D\u00eda de Muertos, nuestra aportaci\u00f3n al Patrimonio Cultural de la Humanidad.<\/p>\n<p class=\"title-categori-text\">Sin su gastronom\u00eda, su grandeza no estar\u00eda completa. Nuestra ciudad es un para\u00edso culinario con numerosos restaurantes reconocidos por la Gu\u00eda Michelin, donde la cocina tradicional y contempor\u00e1nea convergen en experiencias inolvidables.<\/p>\n\n\t\t<\/div>\n\t<\/div>\n<\/div><\/div><\/div><\/div>\n<div class=\"vc_grid-container-wrapper vc_clearfix vc_grid-animation-zoomIn\">\n\t<div class=\"vc_grid-container vc_clearfix wpb_content_element vc_masonry_media_grid vc_custom_1759034294888\" data-initial-loading-animation=\"zoomIn\" data-vc-grid-settings=\"{&quot;page_id&quot;:45453,&quot;style&quot;:&quot;all-masonry&quot;,&quot;action&quot;:&quot;vc_get_vc_grid_data&quot;,&quot;shortcode_id&quot;:&quot;1759034223599-17b9349c-6703-2&quot;,&quot;tag&quot;:&quot;vc_masonry_media_grid&quot;}\" data-vc-request=\"https:\/\/lacarrerapanamericana.com.mx\/wp-admin\/admin-ajax.php\" data-vc-post-id=\"45453\" data-vc-public-nonce=\"20c5bf30a5\">\n\t\t\n\t<\/div>\n<\/div><\/div><\/div><\/div><\/div>\n<\/section>","protected":false},"excerpt":{"rendered":"CDMX CORAZ\u00d3N GRANDE Si algo caracteriza a la Ciudad de M\u00e9xico es su grandeza. Sus calles narran m\u00e1s de 700 a\u00f1os de historia, desde los vestigios de M\u00e9xico-Tenochtitl\u00e1n hasta la efervescente diversidad cultural que la define hoy. Basta mirar hacia el Bosque de Chapultepec que ofrece 800 hect\u00e1reas de naturaleza en medio de la ciudad; [...]","protected":false},"author":1,"featured_media":45408,"parent":0,"menu_order":0,"comment_status":"closed","ping_status":"closed","template":"","meta":{"footnotes":""},"class_list":["post-45453","page","type-page","status-publish","has-post-thumbnail","hentry"],"_links":{"self":[{"href":"https:\/\/lacarrerapanamericana.com.mx\/en\/wp-json\/wp\/v2\/pages\/45453","targetHints":{"allow":["GET"]}}],"collection":[{"href":"https:\/\/lacarrerapanamericana.com.mx\/en\/wp-json\/wp\/v2\/pages"}],"about":[{"href":"https:\/\/lacarrerapanamericana.com.mx\/en\/wp-json\/wp\/v2\/types\/page"}],"author":[{"embeddable":true,"href":"https:\/\/lacarrerapanamericana.com.mx\/en\/wp-json\/wp\/v2\/users\/1"}],"replies":[{"embeddable":true,"href":"https:\/\/lacarrerapanamericana.com.mx\/en\/wp-json\/wp\/v2\/comments?post=45453"}],"version-history":[{"count":8,"href":"https:\/\/lacarrerapanamericana.com.mx\/en\/wp-json\/wp\/v2\/pages\/45453\/revisions"}],"predecessor-version":[{"id":45692,"href":"https:\/\/lacarrerapanamericana.com.mx\/en\/wp-json\/wp\/v2\/pages\/45453\/revisions\/45692"}],"wp:featuredmedia":[{"embeddable":true,"href":"https:\/\/lacarrerapanamericana.com.mx\/en\/wp-json\/wp\/v2\/media\/45408"}],"wp:attachment":[{"href":"https:\/\/lacarrerapanamericana.com.mx\/en\/wp-json\/wp\/v2\/media?parent=45453"}],"curies":[{"name":"wp","href":"https:\/\/api.w.org\/{rel}","templated":true}]}}