{"id":45479,"date":"2025-09-19T17:03:28","date_gmt":"2025-09-19T23:03:28","guid":{"rendered":"https:\/\/lacarrerapanamericana.com.mx\/?page_id=45479"},"modified":"2026-01-22T16:14:31","modified_gmt":"2026-01-22T22:14:31","slug":"puebla","status":"publish","type":"page","link":"https:\/\/lacarrerapanamericana.com.mx\/en\/puebla\/","title":{"rendered":"Puebla"},"content":{"rendered":"<section class=\"wpb-content-wrapper\"><div class=\"vc_row wpb_row vc_row-fluid vc_custom_1752186707398\"><div class=\"wpb_column vc_column_container vc_col-sm-12 vc_col-lg-12 vc_col-md-12 vc_col-xs-12\"><div class=\"vc_column-inner\"><div class=\"wpb_wrapper\">\n\t<div  class=\"wpb_single_image wpb_content_element vc_align_center  wpb_animate_when_almost_visible wpb_bounceIn bounceIn vc_custom_1759034632581\">\n\t\t\n\t\t<figure class=\"wpb_wrapper vc_figure\">\n\t\t\t<a href=\"https:\/\/visitpuebla.mx\/\" target=\"_blank\" class=\"vc_single_image-wrapper   vc_box_border_grey\" rel=\"noopener\"><img fetchpriority=\"high\" decoding=\"async\" width=\"1887\" height=\"534\" src=\"https:\/\/lacarrerapanamericana.com.mx\/wp-content\/uploads\/2025\/09\/puebla.png\" class=\"vc_single_image-img attachment-full\" alt=\"\" title=\"puebla\" srcset=\"https:\/\/lacarrerapanamericana.com.mx\/wp-content\/uploads\/2025\/09\/puebla.png 1887w, https:\/\/lacarrerapanamericana.com.mx\/wp-content\/uploads\/2025\/09\/puebla-300x85.png 300w, https:\/\/lacarrerapanamericana.com.mx\/wp-content\/uploads\/2025\/09\/puebla-1024x290.png 1024w, https:\/\/lacarrerapanamericana.com.mx\/wp-content\/uploads\/2025\/09\/puebla-768x217.png 768w, https:\/\/lacarrerapanamericana.com.mx\/wp-content\/uploads\/2025\/09\/puebla-1536x435.png 1536w, https:\/\/lacarrerapanamericana.com.mx\/wp-content\/uploads\/2025\/09\/puebla-18x5.png 18w, https:\/\/lacarrerapanamericana.com.mx\/wp-content\/uploads\/2025\/09\/puebla-1000x283.png 1000w\" sizes=\"(max-width: 1887px) 100vw, 1887px\" \/><\/a>\n\t\t<\/figure>\n\t<\/div>\n\n\t<div class=\"wpb_video_widget wpb_content_element vc_clearfix   vc_custom_1759034643176 vc_video-aspect-ratio-169 vc_video-el-width-100 vc_video-align-center\" >\n\t\t<div class=\"wpb_wrapper\">\n\t\t\t\n\t\t\t<div class=\"wpb_video_wrapper\"><iframe title=\"PUEBLA EN ALTA\" width=\"640\" height=\"360\" src=\"https:\/\/www.youtube.com\/embed\/UHtfaEicQNE?feature=oembed\" frameborder=\"0\" allow=\"accelerometer; autoplay; clipboard-write; encrypted-media; gyroscope; picture-in-picture; web-share\" referrerpolicy=\"strict-origin-when-cross-origin\" allowfullscreen><\/iframe><\/div>\n\t\t<\/div>\n\t<\/div>\n<div class=\"vc_row wpb_row vc_inner vc_row-fluid vc_custom_1759034652009\"><div class=\"wpb_column vc_column_container vc_col-sm-12\"><div class=\"vc_column-inner\"><div class=\"wpb_wrapper\">\n\t<div class=\"wpb_text_column wpb_content_element  vc_custom_1758347055875\" >\n\t\t<div class=\"wpb_wrapper\">\n\t\t\t<p style=\"text-align: left;\"><strong>PUEBLA, EL LATIDO DE M\u00c9XICO<\/strong><\/p>\n<p>\u00a1Coraz\u00f3n hist\u00f3rico, cultural y gastron\u00f3mico de M\u00e9xico!<\/p>\n<p style=\"text-align: justify;\">Puebla es una joya del centro de M\u00e9xico, un estado que resplandece por su rica herencia hist\u00f3rica, su imponente patrimonio arquitect\u00f3nico y su profunda identidad cultural.<\/p>\n<p style=\"text-align: justify;\">Caminar por el centro hist\u00f3rico de Puebla \u2014declarado Patrimonio de la Humanidad por la UNESCO\u2014 es encontrarse con una verdadera obra de arte viviente, rodeado de iglesias barrocas como la Catedral de Puebla y la Capilla del Rosario, conventos y casonas coloniales con fachadas de talavera.<\/p>\n<p style=\"text-align: justify;\">En Puebla te encontrar\u00e1s rodeado de paisajes majestuosos entre valles y volcanes, como la Reserva de la Bi\u00f3sfera de Tehuac\u00e1n-Cuicatl\u00e1n y el imponente volc\u00e1n Popocat\u00e9petl.<\/p>\n<p style=\"text-align: justify;\">Hablar de Puebla es hablar de su fascinante gastronom\u00eda. Reconocida como una de las m\u00e1s ricas y emblem\u00e1ticas del pa\u00eds, la cocina poblana ha dado al mundo platillos como el mole poblano, los chiles en nogada y las cemitas.<\/p>\n\n\t\t<\/div>\n\t<\/div>\n<\/div><\/div><\/div><\/div>\n<div class=\"vc_grid-container-wrapper vc_clearfix vc_grid-animation-zoomIn\">\n\t<div class=\"vc_grid-container vc_clearfix wpb_content_element vc_masonry_media_grid vc_custom_1759034673497\" data-initial-loading-animation=\"zoomIn\" data-vc-grid-settings=\"{&quot;page_id&quot;:45479,&quot;style&quot;:&quot;all-masonry&quot;,&quot;action&quot;:&quot;vc_get_vc_grid_data&quot;,&quot;shortcode_id&quot;:&quot;1759034618953-990a6f71-987d-7&quot;,&quot;tag&quot;:&quot;vc_masonry_media_grid&quot;}\" data-vc-request=\"https:\/\/lacarrerapanamericana.com.mx\/wp-admin\/admin-ajax.php\" data-vc-post-id=\"45479\" data-vc-public-nonce=\"e20b686c9e\">\n\t\t\n\t<\/div>\n<\/div><\/div><\/div><\/div><\/div>\n<\/section>","protected":false},"excerpt":{"rendered":"PUEBLA, EL LATIDO DE M\u00c9XICO \u00a1Coraz\u00f3n hist\u00f3rico, cultural y gastron\u00f3mico de M\u00e9xico! Puebla es una joya del centro de M\u00e9xico, un estado que resplandece por su rica herencia hist\u00f3rica, su imponente patrimonio arquitect\u00f3nico y su profunda identidad cultural. Caminar por el centro hist\u00f3rico de Puebla \u2014declarado Patrimonio de la Humanidad por la UNESCO\u2014 es encontrarse [...]","protected":false},"author":1,"featured_media":45412,"parent":0,"menu_order":0,"comment_status":"closed","ping_status":"closed","template":"","meta":{"footnotes":""},"class_list":["post-45479","page","type-page","status-publish","has-post-thumbnail","hentry"],"_links":{"self":[{"href":"https:\/\/lacarrerapanamericana.com.mx\/en\/wp-json\/wp\/v2\/pages\/45479","targetHints":{"allow":["GET"]}}],"collection":[{"href":"https:\/\/lacarrerapanamericana.com.mx\/en\/wp-json\/wp\/v2\/pages"}],"about":[{"href":"https:\/\/lacarrerapanamericana.com.mx\/en\/wp-json\/wp\/v2\/types\/page"}],"author":[{"embeddable":true,"href":"https:\/\/lacarrerapanamericana.com.mx\/en\/wp-json\/wp\/v2\/users\/1"}],"replies":[{"embeddable":true,"href":"https:\/\/lacarrerapanamericana.com.mx\/en\/wp-json\/wp\/v2\/comments?post=45479"}],"version-history":[{"count":8,"href":"https:\/\/lacarrerapanamericana.com.mx\/en\/wp-json\/wp\/v2\/pages\/45479\/revisions"}],"predecessor-version":[{"id":45697,"href":"https:\/\/lacarrerapanamericana.com.mx\/en\/wp-json\/wp\/v2\/pages\/45479\/revisions\/45697"}],"wp:featuredmedia":[{"embeddable":true,"href":"https:\/\/lacarrerapanamericana.com.mx\/en\/wp-json\/wp\/v2\/media\/45412"}],"wp:attachment":[{"href":"https:\/\/lacarrerapanamericana.com.mx\/en\/wp-json\/wp\/v2\/media?parent=45479"}],"curies":[{"name":"wp","href":"https:\/\/api.w.org\/{rel}","templated":true}]}}