{"id":45510,"date":"2025-09-20T00:25:48","date_gmt":"2025-09-20T06:25:48","guid":{"rendered":"https:\/\/lacarrerapanamericana.com.mx\/?page_id=45510"},"modified":"2026-01-22T15:54:12","modified_gmt":"2026-01-22T21:54:12","slug":"guanajuato","status":"publish","type":"page","link":"https:\/\/lacarrerapanamericana.com.mx\/en\/guanajuato\/","title":{"rendered":"Guanajuato"},"content":{"rendered":"<section class=\"wpb-content-wrapper\"><div class=\"vc_row wpb_row vc_row-fluid vc_custom_1752186707398\"><div class=\"wpb_column vc_column_container vc_col-sm-12 vc_col-lg-12 vc_col-md-12 vc_col-xs-12\"><div class=\"vc_column-inner\"><div class=\"wpb_wrapper\">\n\t<div  class=\"wpb_single_image wpb_content_element vc_align_center  wpb_animate_when_almost_visible wpb_bounceIn bounceIn vc_custom_1759034483991\">\n\t\t\n\t\t<figure class=\"wpb_wrapper vc_figure\">\n\t\t\t<a href=\"https:\/\/guanajuato.mx\/\" target=\"_blank\" class=\"vc_single_image-wrapper   vc_box_border_grey\" rel=\"noopener\"><img fetchpriority=\"high\" decoding=\"async\" width=\"640\" height=\"246\" src=\"https:\/\/lacarrerapanamericana.com.mx\/wp-content\/uploads\/2025\/09\/GUANAJUATO2-1024x394.png\" class=\"vc_single_image-img attachment-large\" alt=\"GUANAJUATO\" title=\"GUANAJUATO2\" srcset=\"https:\/\/lacarrerapanamericana.com.mx\/wp-content\/uploads\/2025\/09\/GUANAJUATO2-1024x394.png 1024w, https:\/\/lacarrerapanamericana.com.mx\/wp-content\/uploads\/2025\/09\/GUANAJUATO2-300x115.png 300w, https:\/\/lacarrerapanamericana.com.mx\/wp-content\/uploads\/2025\/09\/GUANAJUATO2-768x295.png 768w, https:\/\/lacarrerapanamericana.com.mx\/wp-content\/uploads\/2025\/09\/GUANAJUATO2-18x7.png 18w, https:\/\/lacarrerapanamericana.com.mx\/wp-content\/uploads\/2025\/09\/GUANAJUATO2-1000x385.png 1000w, https:\/\/lacarrerapanamericana.com.mx\/wp-content\/uploads\/2025\/09\/GUANAJUATO2.png 1375w\" sizes=\"(max-width: 640px) 100vw, 640px\" \/><\/a>\n\t\t<\/figure>\n\t<\/div>\n\n\t<div class=\"wpb_video_widget wpb_content_element vc_clearfix   vc_custom_1759034494843 vc_video-aspect-ratio-169 vc_video-el-width-100 vc_video-align-center\" >\n\t\t<div class=\"wpb_wrapper\">\n\t\t\t\n\t\t\t<div class=\"wpb_video_wrapper\"><iframe title=\"GUANAJUATO\" width=\"640\" height=\"360\" src=\"https:\/\/www.youtube.com\/embed\/lSS1Zh8Sx5U?feature=oembed\" frameborder=\"0\" allow=\"accelerometer; autoplay; clipboard-write; encrypted-media; gyroscope; picture-in-picture; web-share\" referrerpolicy=\"strict-origin-when-cross-origin\" allowfullscreen><\/iframe><\/div>\n\t\t<\/div>\n\t<\/div>\n<div class=\"vc_row wpb_row vc_inner vc_row-fluid vc_custom_1759034503342\"><div class=\"wpb_column vc_column_container vc_col-sm-12\"><div class=\"vc_column-inner\"><div class=\"wpb_wrapper\">\n\t<div class=\"wpb_text_column wpb_content_element  vc_custom_1758349421053\" >\n\t\t<div class=\"wpb_wrapper\">\n\t\t\t<p style=\"text-align: left;\"><strong>Enam\u00f3rate de Guanajuato<\/strong><\/p>\n<p class=\"title-categori-text\" style=\"text-align: justify;\">Arma tu AGENDA con los mejores eventos de Guanajuato.<br \/>\nGuanajuato es m\u00fasica, tradiciones, gastronom\u00eda e historia \u00a1Conoce toda su agenda de eventos!<\/p>\n<p style=\"text-align: justify;\">GUANAJUATO un destino ideal para conocer en familia, pareja o disfrutar con amigos. Este destino incluye experiencias de primer nivel como los principales atractivos de la ciudad y eventos especiales en todo el a\u00f1o. Conoce y deleita su gastronom\u00eda, Guanajuato cuenta con diferentes atracciones diarias y vive la experiencia de la vida nocturna con una tradicional callejeada al son de la banda y degustando mezcal para alegrar el alma.<\/p>\n<p><strong>Festival Internacional Cervantino<\/strong><\/p>\n<p style=\"text-align: justify;\">El Festival internacional Cervantino es el acontecimiento art\u00edstico y cultural m\u00e1s importante de M\u00e9xico y Latinoam\u00e9rica. Desde 1972, a\u00f1o de su creaci\u00f3n, el FIC tiene como escenario la ciudad de Guanajuato, El Cervantino ocupa un lugar entre los cuatro festivales m\u00e1s importantes en su tipo a nivel mundial y es miembro de la Asociaci\u00f3n Europea de Festivales y la asociaci\u00f3n de Festivales de Artes Esc\u00e9nicas de Asia. Su programaci\u00f3n ha reunido manifestaciones culturales de todas las regiones del mundo.<\/p>\n\n\t\t<\/div>\n\t<\/div>\n<\/div><\/div><\/div><\/div>\n<div class=\"vc_grid-container-wrapper vc_clearfix vc_grid-animation-zoomIn\">\n\t<div class=\"vc_grid-container vc_clearfix wpb_content_element vc_masonry_media_grid vc_custom_1759034516866\" data-initial-loading-animation=\"zoomIn\" data-vc-grid-settings=\"{&quot;page_id&quot;:45510,&quot;style&quot;:&quot;all-masonry&quot;,&quot;action&quot;:&quot;vc_get_vc_grid_data&quot;,&quot;shortcode_id&quot;:&quot;1759034471173-df1ea545-7996-9&quot;,&quot;tag&quot;:&quot;vc_masonry_media_grid&quot;}\" data-vc-request=\"https:\/\/lacarrerapanamericana.com.mx\/wp-admin\/admin-ajax.php\" data-vc-post-id=\"45510\" data-vc-public-nonce=\"7bc826dc0b\">\n\t\t\n\t<\/div>\n<\/div><\/div><\/div><\/div><\/div>\n<\/section>","protected":false},"excerpt":{"rendered":"Enam\u00f3rate de Guanajuato Arma tu AGENDA con los mejores eventos de Guanajuato. Guanajuato es m\u00fasica, tradiciones, gastronom\u00eda e historia \u00a1Conoce toda su agenda de eventos! GUANAJUATO un destino ideal para conocer en familia, pareja o disfrutar con amigos. Este destino incluye experiencias de primer nivel como los principales atractivos de la ciudad y eventos especiales [...]","protected":false},"author":1,"featured_media":45410,"parent":0,"menu_order":0,"comment_status":"closed","ping_status":"closed","template":"","meta":{"footnotes":""},"class_list":["post-45510","page","type-page","status-publish","has-post-thumbnail","hentry"],"_links":{"self":[{"href":"https:\/\/lacarrerapanamericana.com.mx\/en\/wp-json\/wp\/v2\/pages\/45510","targetHints":{"allow":["GET"]}}],"collection":[{"href":"https:\/\/lacarrerapanamericana.com.mx\/en\/wp-json\/wp\/v2\/pages"}],"about":[{"href":"https:\/\/lacarrerapanamericana.com.mx\/en\/wp-json\/wp\/v2\/types\/page"}],"author":[{"embeddable":true,"href":"https:\/\/lacarrerapanamericana.com.mx\/en\/wp-json\/wp\/v2\/users\/1"}],"replies":[{"embeddable":true,"href":"https:\/\/lacarrerapanamericana.com.mx\/en\/wp-json\/wp\/v2\/comments?post=45510"}],"version-history":[{"count":5,"href":"https:\/\/lacarrerapanamericana.com.mx\/en\/wp-json\/wp\/v2\/pages\/45510\/revisions"}],"predecessor-version":[{"id":45695,"href":"https:\/\/lacarrerapanamericana.com.mx\/en\/wp-json\/wp\/v2\/pages\/45510\/revisions\/45695"}],"wp:featuredmedia":[{"embeddable":true,"href":"https:\/\/lacarrerapanamericana.com.mx\/en\/wp-json\/wp\/v2\/media\/45410"}],"wp:attachment":[{"href":"https:\/\/lacarrerapanamericana.com.mx\/en\/wp-json\/wp\/v2\/media?parent=45510"}],"curies":[{"name":"wp","href":"https:\/\/api.w.org\/{rel}","templated":true}]}}