{"id":45524,"date":"2025-09-20T00:52:26","date_gmt":"2025-09-20T06:52:26","guid":{"rendered":"https:\/\/lacarrerapanamericana.com.mx\/?page_id=45524"},"modified":"2026-01-22T16:48:26","modified_gmt":"2026-01-22T22:48:26","slug":"san-luis-potosi","status":"publish","type":"page","link":"https:\/\/lacarrerapanamericana.com.mx\/en\/san-luis-potosi\/","title":{"rendered":"San Luis Potos\u00ed"},"content":{"rendered":"<section class=\"wpb-content-wrapper\"><div class=\"vc_row wpb_row vc_row-fluid vc_custom_1752186707398\"><div class=\"wpb_column vc_column_container vc_col-sm-12 vc_col-lg-12 vc_col-md-12 vc_col-xs-12\"><div class=\"vc_column-inner\"><div class=\"wpb_wrapper\">\n\t<div  class=\"wpb_single_image wpb_content_element vc_align_center  wpb_animate_when_almost_visible wpb_bounceIn bounceIn vc_custom_1759034747610\">\n\t\t\n\t\t<figure class=\"wpb_wrapper vc_figure\">\n\t\t\t<a href=\"https:\/\/sanluis.capital\/\" target=\"_blank\" class=\"vc_single_image-wrapper   vc_box_border_grey\" rel=\"noopener\"><img decoding=\"async\" width=\"300\" height=\"151\" src=\"https:\/\/lacarrerapanamericana.com.mx\/wp-content\/uploads\/2025\/09\/SANLUISAMABLE1-300x151.png\" class=\"vc_single_image-img attachment-medium\" alt=\"SAN LUIS POTOS\u00cd\" title=\"SANLUISAMABLE1\" srcset=\"https:\/\/lacarrerapanamericana.com.mx\/wp-content\/uploads\/2025\/09\/SANLUISAMABLE1-300x151.png 300w, https:\/\/lacarrerapanamericana.com.mx\/wp-content\/uploads\/2025\/09\/SANLUISAMABLE1-1024x515.png 1024w, https:\/\/lacarrerapanamericana.com.mx\/wp-content\/uploads\/2025\/09\/SANLUISAMABLE1-768x386.png 768w, https:\/\/lacarrerapanamericana.com.mx\/wp-content\/uploads\/2025\/09\/SANLUISAMABLE1-18x9.png 18w, https:\/\/lacarrerapanamericana.com.mx\/wp-content\/uploads\/2025\/09\/SANLUISAMABLE1-900x450.png 900w, https:\/\/lacarrerapanamericana.com.mx\/wp-content\/uploads\/2025\/09\/SANLUISAMABLE1-1000x503.png 1000w, https:\/\/lacarrerapanamericana.com.mx\/wp-content\/uploads\/2025\/09\/SANLUISAMABLE1.png 1428w\" sizes=\"(max-width: 300px) 100vw, 300px\" \/><\/a>\n\t\t<\/figure>\n\t<\/div>\n\n\t<div class=\"wpb_video_widget wpb_content_element vc_clearfix   vc_custom_1759034757023 vc_video-aspect-ratio-169 vc_video-el-width-100 vc_video-align-center\" >\n\t\t<div class=\"wpb_wrapper\">\n\t\t\t\n\t\t\t<div class=\"wpb_video_wrapper\"><iframe title=\"San Luis Amable\" width=\"640\" height=\"360\" src=\"https:\/\/www.youtube.com\/embed\/D6S62a-ozFo?feature=oembed\" frameborder=\"0\" allow=\"accelerometer; autoplay; clipboard-write; encrypted-media; gyroscope; picture-in-picture; web-share\" referrerpolicy=\"strict-origin-when-cross-origin\" allowfullscreen><\/iframe><\/div>\n\t\t<\/div>\n\t<\/div>\n<div class=\"vc_row wpb_row vc_inner vc_row-fluid vc_custom_1759034766012\"><div class=\"wpb_column vc_column_container vc_col-sm-12\"><div class=\"vc_column-inner\"><div class=\"wpb_wrapper\">\n\t<div class=\"wpb_text_column wpb_content_element  vc_custom_1758350534833\" >\n\t\t<div class=\"wpb_wrapper\">\n\t\t\t<p style=\"text-align: left;\"><strong>SAN LUIS POTOS\u00cd CAPITAL \u00a1UN DESTINO PARA TODOS!<\/strong><\/p>\n<p style=\"text-align: justify;\">Un destino incre\u00edble lleno de historia, cultura y encanto.<\/p>\n<p style=\"text-align: justify;\">Desde la impresionante arquitectura colonial hasta los vibrantes mercados locales, los visitantes encontrar\u00e1n muchos lugares para explorar. Hay algo para todos aqu\u00ed, ya sea que est\u00e9 buscando un paseo tranquilo por los parques, una aventura en las monta\u00f1as cercanas o una inmersi\u00f3n cultural en los museos y galer\u00edas de la ciudad. Lo que hace que San Luis Capital sea a\u00fan m\u00e1s especial es su ambiente c\u00e1lido e inclusivo, donde los visitantes son recibidos con los brazos abiertos. As\u00ed que venga y descubra la historia, la cultura y la belleza \u00fanicas de San Luis Capital: es una experiencia que no olvidar\u00e1 pronto.<\/p>\n<p style=\"text-align: justify;\">San Luis Capital tiene mucho que ofrecer, desde senderismo hasta ciclismo de monta\u00f1a y m\u00e1s. Independientemente de lo que elija hacer, seguramente tendr\u00e1 una experiencia inolvidable y podr\u00e1 entender porque somos una capital que lo tiene todo.<\/p>\n<p style=\"text-align: justify;\">Desde sus parques y monumentos en el centro de la ciudad hasta las vibrantes artes y gastronom\u00eda, este destino est\u00e1 lleno de atracciones interesantes. La ciudad alberga varios museos, como el Museo Arte Contempor\u00e1neo, el Palacio de Gobierno y Palacio Municipal, que cuentan la historia del pasado de la ciudad.<\/p>\n<p style=\"text-align: justify;\">D\u00e9 un paseo por el Centro Hist\u00f3rico, donde podr\u00e1 admirar los edificios coloniales, iglesias y plazas. Descubra la rica historia de la ciudad visitando los museos y galer\u00edas de arte.<\/p>\n\n\t\t<\/div>\n\t<\/div>\n<\/div><\/div><\/div><\/div>\n<div class=\"vc_grid-container-wrapper vc_clearfix vc_grid-animation-zoomIn\">\n\t<div class=\"vc_grid-container vc_clearfix wpb_content_element vc_masonry_media_grid vc_custom_1759034777632\" data-initial-loading-animation=\"zoomIn\" data-vc-grid-settings=\"{&quot;page_id&quot;:45524,&quot;style&quot;:&quot;all-masonry&quot;,&quot;action&quot;:&quot;vc_get_vc_grid_data&quot;,&quot;shortcode_id&quot;:&quot;1759034736044-7ee0c134-bc4b-5&quot;,&quot;tag&quot;:&quot;vc_masonry_media_grid&quot;}\" data-vc-request=\"https:\/\/lacarrerapanamericana.com.mx\/wp-admin\/admin-ajax.php\" data-vc-post-id=\"45524\" data-vc-public-nonce=\"5f0bf50c40\">\n\t\t\n\t<\/div>\n<\/div><\/div><\/div><\/div><\/div>\n<\/section>","protected":false},"excerpt":{"rendered":"SAN LUIS POTOS\u00cd CAPITAL \u00a1UN DESTINO PARA TODOS! Un destino incre\u00edble lleno de historia, cultura y encanto. Desde la impresionante arquitectura colonial hasta los vibrantes mercados locales, los visitantes encontrar\u00e1n muchos lugares para explorar. Hay algo para todos aqu\u00ed, ya sea que est\u00e9 buscando un paseo tranquilo por los parques, una aventura en las monta\u00f1as [...]","protected":false},"author":1,"featured_media":45413,"parent":0,"menu_order":0,"comment_status":"closed","ping_status":"closed","template":"","meta":{"footnotes":""},"class_list":["post-45524","page","type-page","status-publish","has-post-thumbnail","hentry"],"_links":{"self":[{"href":"https:\/\/lacarrerapanamericana.com.mx\/en\/wp-json\/wp\/v2\/pages\/45524","targetHints":{"allow":["GET"]}}],"collection":[{"href":"https:\/\/lacarrerapanamericana.com.mx\/en\/wp-json\/wp\/v2\/pages"}],"about":[{"href":"https:\/\/lacarrerapanamericana.com.mx\/en\/wp-json\/wp\/v2\/types\/page"}],"author":[{"embeddable":true,"href":"https:\/\/lacarrerapanamericana.com.mx\/en\/wp-json\/wp\/v2\/users\/1"}],"replies":[{"embeddable":true,"href":"https:\/\/lacarrerapanamericana.com.mx\/en\/wp-json\/wp\/v2\/comments?post=45524"}],"version-history":[{"count":8,"href":"https:\/\/lacarrerapanamericana.com.mx\/en\/wp-json\/wp\/v2\/pages\/45524\/revisions"}],"predecessor-version":[{"id":45537,"href":"https:\/\/lacarrerapanamericana.com.mx\/en\/wp-json\/wp\/v2\/pages\/45524\/revisions\/45537"}],"wp:featuredmedia":[{"embeddable":true,"href":"https:\/\/lacarrerapanamericana.com.mx\/en\/wp-json\/wp\/v2\/media\/45413"}],"wp:attachment":[{"href":"https:\/\/lacarrerapanamericana.com.mx\/en\/wp-json\/wp\/v2\/media?parent=45524"}],"curies":[{"name":"wp","href":"https:\/\/api.w.org\/{rel}","templated":true}]}}