{"id":1969,"date":"2024-12-01T21:05:58","date_gmt":"2024-12-02T03:05:58","guid":{"rendered":"https:\/\/lacarrerapanamericana.com.mx\/girlsroadtour\/?page_id=1969"},"modified":"2026-01-26T13:44:55","modified_gmt":"2026-01-26T19:44:55","slug":"girls-road-tour","status":"publish","type":"page","link":"https:\/\/lacarrerapanamericana.com.mx\/girlsroadtour\/en\/girls-road-tour\/","title":{"rendered":"Girls Road Tour"},"content":{"rendered":"<h2>LA CARRERA PANAMERICANA<\/h2>\n<p>&nbsp;<\/p>\n<p>Tambi\u00e9n conocida como <em>&#8220;La Carrera de M\u00e9xico&#8221;<\/em>, es reconocida a nivel mundial como una de las competiciones automovil\u00edsticas m\u00e1s prestigiosas y de mayor tradici\u00f3n.<\/p>\n<p>Ahora, mirando hacia el futuro, en 2026 y gracias a una alianza estrat\u00e9gica con la Secretar\u00eda de Turismo y el s\u00f3lido ecosistema de <em>La Carrera<\/em>, presentamos el <strong>Girls Road Tour<\/strong>.<\/p>\n<p>Este ser\u00e1 el primer evento de motorsport, en formato de rally de regularidad, exclusivo para mujeres en M\u00e9xico. Sin etapas de velocidad, lleno de emoci\u00f3n, estilo y esp\u00edritu competitivo, <strong>Girls Road Tour<\/strong> marcar\u00e1 un hito en la historia del automovilismo, celebrando el talento, la pasi\u00f3n y el liderazgo femenino en un escenario \u00fanico e inspirador.<\/p>\n<p>&nbsp;<\/p>\n<p><img loading=\"lazy\" decoding=\"async\" class=\"aligncenter wp-image-2184 size-full\" src=\"https:\/\/lacarrerapanamericana.com.mx\/girlsroadtour\/wp-content\/uploads\/2026\/01\/2025_GRT-_SH-dia1-34.jpg\" alt=\"\" width=\"1024\" height=\"768\" srcset=\"https:\/\/lacarrerapanamericana.com.mx\/girlsroadtour\/wp-content\/uploads\/2026\/01\/2025_GRT-_SH-dia1-34.jpg 1024w, https:\/\/lacarrerapanamericana.com.mx\/girlsroadtour\/wp-content\/uploads\/2026\/01\/2025_GRT-_SH-dia1-34-300x225.jpg 300w, https:\/\/lacarrerapanamericana.com.mx\/girlsroadtour\/wp-content\/uploads\/2026\/01\/2025_GRT-_SH-dia1-34-768x576.jpg 768w, https:\/\/lacarrerapanamericana.com.mx\/girlsroadtour\/wp-content\/uploads\/2026\/01\/2025_GRT-_SH-dia1-34-16x12.jpg 16w\" sizes=\"auto, (max-width: 1024px) 100vw, 1024px\" \/><\/p>\n<h2><\/h2>\n<h2>OBJETIVOS<\/h2>\n<p>&nbsp;<\/p>\n<p>El <strong>Girls Road Tour<\/strong> nace como el primer Rally de regularidad en M\u00e9xico, dise\u00f1ado exclusivamente para mujeres, con la idea de fomentar la inclusi\u00f3n y la participaci\u00f3n de el g\u00e9nero femenino, en todos los \u00e1mbitos del automovilismo deportivo.<\/p>\n<p>Este rally ser\u00e1 una experiencia integral que combina aventura, diversi\u00f3n y cultura, destacando lo mejor Quer\u00e9taro. A trav\u00e9s de una ruta cuidadosamente seleccionada, las participantes descubrir\u00e1n paisajes impresionantes, pueblos m\u00e1gicos y destinos emblem\u00e1ticos que posicionan a nuestro pa\u00eds como un referente tur\u00edstico global.<\/p>\n<p>Adem\u00e1s, la experiencia se enriquecer\u00e1 con una propuesta culinaria de clase mundial, mostrando la riqueza de nuestra gastronom\u00eda, <em>Patrimonio Cultural Inmaterial de la Humanidad<\/em>.<\/p>\n<p><strong>Girls Road Tour<\/strong> no solo ser\u00e1 un evento deportivo \u00fanico, sino tambi\u00e9n una plataforma para impulsar la promoci\u00f3n tur\u00edstica de M\u00e9xico, atrayendo visitantes nacionales e internacionales que quedar\u00e1n cautivados por la magia de nuestra tierra.<\/p>\n<p>&nbsp;<\/p>\n<p><img loading=\"lazy\" decoding=\"async\" class=\"aligncenter wp-image-2185 size-full\" src=\"https:\/\/lacarrerapanamericana.com.mx\/girlsroadtour\/wp-content\/uploads\/2026\/01\/2025_GRT-_SH-dia1-103.jpg\" alt=\"\" width=\"1024\" height=\"768\" srcset=\"https:\/\/lacarrerapanamericana.com.mx\/girlsroadtour\/wp-content\/uploads\/2026\/01\/2025_GRT-_SH-dia1-103.jpg 1024w, https:\/\/lacarrerapanamericana.com.mx\/girlsroadtour\/wp-content\/uploads\/2026\/01\/2025_GRT-_SH-dia1-103-300x225.jpg 300w, https:\/\/lacarrerapanamericana.com.mx\/girlsroadtour\/wp-content\/uploads\/2026\/01\/2025_GRT-_SH-dia1-103-768x576.jpg 768w, https:\/\/lacarrerapanamericana.com.mx\/girlsroadtour\/wp-content\/uploads\/2026\/01\/2025_GRT-_SH-dia1-103-16x12.jpg 16w\" sizes=\"auto, (max-width: 1024px) 100vw, 1024px\" \/><\/p>\n<p>&nbsp;<\/p>","protected":false},"excerpt":{"rendered":"<p>LA CARRERA PANAMERICANA &nbsp; Tambi\u00e9n conocida como &#8220;La Carrera de M\u00e9xico&#8221;, es reconocida a nivel mundial como una de las competiciones automovil\u00edsticas m\u00e1s prestigiosas y de mayor tradici\u00f3n. Ahora, mirando hacia el futuro, en 2026 y gracias a una alianza estrat\u00e9gica con la Secretar\u00eda de Turismo y el s\u00f3lido ecosistema de La Carrera, presentamos el [&hellip;]<\/p>\n","protected":false},"author":1,"featured_media":1916,"parent":0,"menu_order":0,"comment_status":"closed","ping_status":"closed","template":"","meta":{"footnotes":""},"class_list":["post-1969","page","type-page","status-publish","has-post-thumbnail","hentry"],"yoast_head":"<!-- This site is optimized with the Yoast SEO plugin v27.0 - https:\/\/yoast.com\/product\/yoast-seo-wordpress\/ -->\n<title>Girls Road Tour - Girls Road Tour<\/title>\n<meta name=\"description\" content=\"Girls Road Tour, vive la experiencia en formato Rally de Regularidad, exclusivo para mujeres, 20 y 21 de febrero del 2026.\" \/>\n<meta name=\"robots\" content=\"index, follow, max-snippet:-1, max-image-preview:large, max-video-preview:-1\" \/>\n<link rel=\"canonical\" href=\"https:\/\/lacarrerapanamericana.com.mx\/girlsroadtour\/en\/girls-road-tour\/\" \/>\n<meta property=\"og:locale\" content=\"en_US\" \/>\n<meta property=\"og:type\" content=\"article\" \/>\n<meta property=\"og:title\" content=\"Girls Road Tour\" \/>\n<meta property=\"og:description\" content=\"Girls Road Tour, vive la experiencia en formato Rally de Regularidad, exclusivo para mujeres, 20 y 21 de febrero del 2026.\" \/>\n<meta property=\"og:url\" content=\"https:\/\/lacarrerapanamericana.com.mx\/girlsroadtour\/en\/girls-road-tour\/\" \/>\n<meta property=\"og:site_name\" content=\"Girls Road Tour\" \/>\n<meta property=\"article:publisher\" content=\"https:\/\/www.facebook.com\/girlsroadtour\" \/>\n<meta property=\"article:modified_time\" content=\"2026-01-26T19:44:55+00:00\" \/>\n<meta property=\"og:image\" content=\"https:\/\/lacarrerapanamericana.com.mx\/girlsroadtour\/wp-content\/uploads\/2018\/10\/evento7.jpg\" \/>\n\t<meta property=\"og:image:width\" content=\"1024\" \/>\n\t<meta property=\"og:image:height\" content=\"600\" \/>\n\t<meta property=\"og:image:type\" content=\"image\/jpeg\" \/>\n<meta name=\"twitter:card\" content=\"summary_large_image\" \/>\n<meta name=\"twitter:title\" content=\"Girls Road Tour\" \/>\n<meta name=\"twitter:description\" content=\"Girls Road Tour, vive la experiencia en formato Rally de Regularidad, exclusivo para mujeres, 20 y 21 de febrero del 2026.\" \/>\n<meta name=\"twitter:image\" content=\"https:\/\/lacarrerapanamericana.com.mx\/girlsroadtour\/wp-content\/uploads\/2018\/10\/evento7.jpg\" \/>\n<meta name=\"twitter:label1\" content=\"Est. reading time\" \/>\n\t<meta name=\"twitter:data1\" content=\"2 minutes\" \/>\n<script type=\"application\/ld+json\" class=\"yoast-schema-graph\">{\"@context\":\"https:\/\/schema.org\",\"@graph\":[{\"@type\":\"WebPage\",\"@id\":\"https:\/\/lacarrerapanamericana.com.mx\/girlsroadtour\/girls-road-tour\/\",\"url\":\"https:\/\/lacarrerapanamericana.com.mx\/girlsroadtour\/girls-road-tour\/\",\"name\":\"Girls Road Tour - Girls Road Tour\",\"isPartOf\":{\"@id\":\"https:\/\/lacarrerapanamericana.com.mx\/girlsroadtour\/#website\"},\"primaryImageOfPage\":{\"@id\":\"https:\/\/lacarrerapanamericana.com.mx\/girlsroadtour\/girls-road-tour\/#primaryimage\"},\"image\":{\"@id\":\"https:\/\/lacarrerapanamericana.com.mx\/girlsroadtour\/girls-road-tour\/#primaryimage\"},\"thumbnailUrl\":\"https:\/\/lacarrerapanamericana.com.mx\/girlsroadtour\/wp-content\/uploads\/2018\/10\/evento7.jpg\",\"datePublished\":\"2024-12-02T03:05:58+00:00\",\"dateModified\":\"2026-01-26T19:44:55+00:00\",\"description\":\"Girls Road Tour, vive la experiencia en formato Rally de Regularidad, exclusivo para mujeres, 20 y 21 de febrero del 2026.\",\"breadcrumb\":{\"@id\":\"https:\/\/lacarrerapanamericana.com.mx\/girlsroadtour\/girls-road-tour\/#breadcrumb\"},\"inLanguage\":\"en-US\",\"potentialAction\":[{\"@type\":\"ReadAction\",\"target\":[\"https:\/\/lacarrerapanamericana.com.mx\/girlsroadtour\/girls-road-tour\/\"]}]},{\"@type\":\"ImageObject\",\"inLanguage\":\"en-US\",\"@id\":\"https:\/\/lacarrerapanamericana.com.mx\/girlsroadtour\/girls-road-tour\/#primaryimage\",\"url\":\"https:\/\/lacarrerapanamericana.com.mx\/girlsroadtour\/wp-content\/uploads\/2018\/10\/evento7.jpg\",\"contentUrl\":\"https:\/\/lacarrerapanamericana.com.mx\/girlsroadtour\/wp-content\/uploads\/2018\/10\/evento7.jpg\",\"width\":1024,\"height\":600},{\"@type\":\"BreadcrumbList\",\"@id\":\"https:\/\/lacarrerapanamericana.com.mx\/girlsroadtour\/girls-road-tour\/#breadcrumb\",\"itemListElement\":[{\"@type\":\"ListItem\",\"position\":1,\"name\":\"Portada\",\"item\":\"https:\/\/lacarrerapanamericana.com.mx\/girlsroadtour\/\"},{\"@type\":\"ListItem\",\"position\":2,\"name\":\"Girls Road Tour\"}]},{\"@type\":\"WebSite\",\"@id\":\"https:\/\/lacarrerapanamericana.com.mx\/girlsroadtour\/#website\",\"url\":\"https:\/\/lacarrerapanamericana.com.mx\/girlsroadtour\/\",\"name\":\"Girls Road Tour\",\"description\":\"El deporte motor no tiene g\u00e9nero\",\"publisher\":{\"@id\":\"https:\/\/lacarrerapanamericana.com.mx\/girlsroadtour\/#organization\"},\"potentialAction\":[{\"@type\":\"SearchAction\",\"target\":{\"@type\":\"EntryPoint\",\"urlTemplate\":\"https:\/\/lacarrerapanamericana.com.mx\/girlsroadtour\/?s={search_term_string}\"},\"query-input\":{\"@type\":\"PropertyValueSpecification\",\"valueRequired\":true,\"valueName\":\"search_term_string\"}}],\"inLanguage\":\"en-US\"},{\"@type\":\"Organization\",\"@id\":\"https:\/\/lacarrerapanamericana.com.mx\/girlsroadtour\/#organization\",\"name\":\"Girls Road Tour\",\"url\":\"https:\/\/lacarrerapanamericana.com.mx\/girlsroadtour\/\",\"logo\":{\"@type\":\"ImageObject\",\"inLanguage\":\"en-US\",\"@id\":\"https:\/\/lacarrerapanamericana.com.mx\/girlsroadtour\/#\/schema\/logo\/image\/\",\"url\":\"https:\/\/lacarrerapanamericana.com.mx\/girlsroadtour\/wp-content\/uploads\/2024\/11\/GRT-900.png\",\"contentUrl\":\"https:\/\/lacarrerapanamericana.com.mx\/girlsroadtour\/wp-content\/uploads\/2024\/11\/GRT-900.png\",\"width\":900,\"height\":695,\"caption\":\"Girls Road Tour\"},\"image\":{\"@id\":\"https:\/\/lacarrerapanamericana.com.mx\/girlsroadtour\/#\/schema\/logo\/image\/\"},\"sameAs\":[\"https:\/\/www.facebook.com\/girlsroadtour\",\"https:\/\/www.instagram.com\/girlsroadtour\",\"https:\/\/www.tiktok.com\/@girlsroadtour\"]}]}<\/script>\n<!-- \/ Yoast SEO plugin. -->","yoast_head_json":{"title":"Girls Road Tour - Girls Road Tour","description":"Girls Road Tour, vive la experiencia en formato Rally de Regularidad, exclusivo para mujeres, 20 y 21 de febrero del 2026.","robots":{"index":"index","follow":"follow","max-snippet":"max-snippet:-1","max-image-preview":"max-image-preview:large","max-video-preview":"max-video-preview:-1"},"canonical":"https:\/\/lacarrerapanamericana.com.mx\/girlsroadtour\/en\/girls-road-tour\/","og_locale":"en_US","og_type":"article","og_title":"Girls Road Tour","og_description":"Girls Road Tour, vive la experiencia en formato Rally de Regularidad, exclusivo para mujeres, 20 y 21 de febrero del 2026.","og_url":"https:\/\/lacarrerapanamericana.com.mx\/girlsroadtour\/en\/girls-road-tour\/","og_site_name":"Girls Road Tour","article_publisher":"https:\/\/www.facebook.com\/girlsroadtour","article_modified_time":"2026-01-26T19:44:55+00:00","og_image":[{"width":1024,"height":600,"url":"https:\/\/lacarrerapanamericana.com.mx\/girlsroadtour\/wp-content\/uploads\/2018\/10\/evento7.jpg","type":"image\/jpeg"}],"twitter_card":"summary_large_image","twitter_title":"Girls Road Tour","twitter_description":"Girls Road Tour, vive la experiencia en formato Rally de Regularidad, exclusivo para mujeres, 20 y 21 de febrero del 2026.","twitter_image":"https:\/\/lacarrerapanamericana.com.mx\/girlsroadtour\/wp-content\/uploads\/2018\/10\/evento7.jpg","twitter_misc":{"Est. reading time":"2 minutes"},"schema":{"@context":"https:\/\/schema.org","@graph":[{"@type":"WebPage","@id":"https:\/\/lacarrerapanamericana.com.mx\/girlsroadtour\/girls-road-tour\/","url":"https:\/\/lacarrerapanamericana.com.mx\/girlsroadtour\/girls-road-tour\/","name":"Girls Road Tour - Girls Road Tour","isPartOf":{"@id":"https:\/\/lacarrerapanamericana.com.mx\/girlsroadtour\/#website"},"primaryImageOfPage":{"@id":"https:\/\/lacarrerapanamericana.com.mx\/girlsroadtour\/girls-road-tour\/#primaryimage"},"image":{"@id":"https:\/\/lacarrerapanamericana.com.mx\/girlsroadtour\/girls-road-tour\/#primaryimage"},"thumbnailUrl":"https:\/\/lacarrerapanamericana.com.mx\/girlsroadtour\/wp-content\/uploads\/2018\/10\/evento7.jpg","datePublished":"2024-12-02T03:05:58+00:00","dateModified":"2026-01-26T19:44:55+00:00","description":"Girls Road Tour, vive la experiencia en formato Rally de Regularidad, exclusivo para mujeres, 20 y 21 de febrero del 2026.","breadcrumb":{"@id":"https:\/\/lacarrerapanamericana.com.mx\/girlsroadtour\/girls-road-tour\/#breadcrumb"},"inLanguage":"en-US","potentialAction":[{"@type":"ReadAction","target":["https:\/\/lacarrerapanamericana.com.mx\/girlsroadtour\/girls-road-tour\/"]}]},{"@type":"ImageObject","inLanguage":"en-US","@id":"https:\/\/lacarrerapanamericana.com.mx\/girlsroadtour\/girls-road-tour\/#primaryimage","url":"https:\/\/lacarrerapanamericana.com.mx\/girlsroadtour\/wp-content\/uploads\/2018\/10\/evento7.jpg","contentUrl":"https:\/\/lacarrerapanamericana.com.mx\/girlsroadtour\/wp-content\/uploads\/2018\/10\/evento7.jpg","width":1024,"height":600},{"@type":"BreadcrumbList","@id":"https:\/\/lacarrerapanamericana.com.mx\/girlsroadtour\/girls-road-tour\/#breadcrumb","itemListElement":[{"@type":"ListItem","position":1,"name":"Portada","item":"https:\/\/lacarrerapanamericana.com.mx\/girlsroadtour\/"},{"@type":"ListItem","position":2,"name":"Girls Road Tour"}]},{"@type":"WebSite","@id":"https:\/\/lacarrerapanamericana.com.mx\/girlsroadtour\/#website","url":"https:\/\/lacarrerapanamericana.com.mx\/girlsroadtour\/","name":"Girls Road Tour","description":"El deporte motor no tiene g\u00e9nero","publisher":{"@id":"https:\/\/lacarrerapanamericana.com.mx\/girlsroadtour\/#organization"},"potentialAction":[{"@type":"SearchAction","target":{"@type":"EntryPoint","urlTemplate":"https:\/\/lacarrerapanamericana.com.mx\/girlsroadtour\/?s={search_term_string}"},"query-input":{"@type":"PropertyValueSpecification","valueRequired":true,"valueName":"search_term_string"}}],"inLanguage":"en-US"},{"@type":"Organization","@id":"https:\/\/lacarrerapanamericana.com.mx\/girlsroadtour\/#organization","name":"Girls Road Tour","url":"https:\/\/lacarrerapanamericana.com.mx\/girlsroadtour\/","logo":{"@type":"ImageObject","inLanguage":"en-US","@id":"https:\/\/lacarrerapanamericana.com.mx\/girlsroadtour\/#\/schema\/logo\/image\/","url":"https:\/\/lacarrerapanamericana.com.mx\/girlsroadtour\/wp-content\/uploads\/2024\/11\/GRT-900.png","contentUrl":"https:\/\/lacarrerapanamericana.com.mx\/girlsroadtour\/wp-content\/uploads\/2024\/11\/GRT-900.png","width":900,"height":695,"caption":"Girls Road Tour"},"image":{"@id":"https:\/\/lacarrerapanamericana.com.mx\/girlsroadtour\/#\/schema\/logo\/image\/"},"sameAs":["https:\/\/www.facebook.com\/girlsroadtour","https:\/\/www.instagram.com\/girlsroadtour","https:\/\/www.tiktok.com\/@girlsroadtour"]}]}},"_links":{"self":[{"href":"https:\/\/lacarrerapanamericana.com.mx\/girlsroadtour\/en\/wp-json\/wp\/v2\/pages\/1969","targetHints":{"allow":["GET"]}}],"collection":[{"href":"https:\/\/lacarrerapanamericana.com.mx\/girlsroadtour\/en\/wp-json\/wp\/v2\/pages"}],"about":[{"href":"https:\/\/lacarrerapanamericana.com.mx\/girlsroadtour\/en\/wp-json\/wp\/v2\/types\/page"}],"author":[{"embeddable":true,"href":"https:\/\/lacarrerapanamericana.com.mx\/girlsroadtour\/en\/wp-json\/wp\/v2\/users\/1"}],"replies":[{"embeddable":true,"href":"https:\/\/lacarrerapanamericana.com.mx\/girlsroadtour\/en\/wp-json\/wp\/v2\/comments?post=1969"}],"version-history":[{"count":7,"href":"https:\/\/lacarrerapanamericana.com.mx\/girlsroadtour\/en\/wp-json\/wp\/v2\/pages\/1969\/revisions"}],"predecessor-version":[{"id":2201,"href":"https:\/\/lacarrerapanamericana.com.mx\/girlsroadtour\/en\/wp-json\/wp\/v2\/pages\/1969\/revisions\/2201"}],"wp:featuredmedia":[{"embeddable":true,"href":"https:\/\/lacarrerapanamericana.com.mx\/girlsroadtour\/en\/wp-json\/wp\/v2\/media\/1916"}],"wp:attachment":[{"href":"https:\/\/lacarrerapanamericana.com.mx\/girlsroadtour\/en\/wp-json\/wp\/v2\/media?parent=1969"}],"curies":[{"name":"wp","href":"https:\/\/api.w.org\/{rel}","templated":true}]}}